{"id":33475,"date":"2025-12-14T20:10:08","date_gmt":"2025-12-14T20:10:08","guid":{"rendered":"https:\/\/xn--kbrsglobalstore-7kcc.com\/?post_type=product&#038;p=33475"},"modified":"2025-12-16T19:26:47","modified_gmt":"2025-12-16T19:26:47","slug":"easypie-selection-car-cover-seat-cushion-car-floor-mat-office-chair-cushion-warm-cushion-car-cushion-truck-cushion-car-seat-cushion-memory-foam-cushion-winter-three-pieces-set","status":"publish","type":"product","link":"https:\/\/xn--kbrsglobalstore-7kcc.com\/tr\/urun\/easypie-selection-car-cover-seat-cushion-car-floor-mat-office-chair-cushion-warm-cushion-car-cushion-truck-cushion-car-seat-cushion-memory-foam-cushion-winter-three-pieces-set\/","title":{"rendered":"Easypie Se\u00e7imi Araba Koltuk Minderi, Araba Zemin Paspas\u0131"},"content":{"rendered":"<div class=\"dad65929\">\n<div class=\"_4f9bf79 d7dc56a8 _43c05b5\">\n<div class=\"ds-message _63c77b1\">\n<div class=\"ds-markdown\">\n<p class=\"ds-markdown-paragraph\">\u00c7ok y\u00f6nl\u00fc Easypie Selection 3'\u00fc 1 arada Haf\u0131zal\u0131 K\u00f6p\u00fck Minder Seti ile her koltukta d\u00f6rt mevsim konforu ya\u015fay\u0131n. L\u00fcks destek ve rahatlat\u0131c\u0131 s\u0131cakl\u0131k sa\u011flamak \u00fczere tasarlanan bu set, araban\u0131z, ofisiniz ve zemininiz i\u00e7in \u00f6zel olarak \u015fekillendirilmi\u015f \u00fc\u00e7 ergonomik minder i\u00e7erir.<\/p>\n<p class=\"ds-markdown-paragraph translation-block\">Setin y\u0131ld\u0131z\u0131, uzun yolculuklarda veya uzun \u00e7al\u0131\u015fma saatlerinde bask\u0131 noktalar\u0131n\u0131 hafifletmek ve yorgunlu\u011fu azaltmak i\u00e7in v\u00fccudunuza nazik\u00e7e uyum sa\u011flayan birinci s\u0131n\u0131f haf\u0131zal\u0131 k\u00f6p\u00fck minderdir. Bu \u00f6zelli\u011fiyle, geli\u015fmi\u015f konfor ve duru\u015f deste\u011fi i\u00e7in m\u00fckemmel bir araba koltu\u011fu minderi ve ofis koltu\u011fu minderidir. \u00d6zellikle k\u0131\u015f i\u00e7in tasarlanm\u0131\u015f bir s\u0131cak minder olarak, so\u011fuk koltuklara kar\u015f\u0131 ekstra bir yal\u0131t\u0131m katman\u0131 sa\u011flar.<\/p>\n<p class=\"ds-markdown-paragraph\">Pratik bir bonus olarak pelu\u015f bir oyuncak da dahildir.\u00a0<strong>car floor mat cushion<\/strong>, ideal for creating a comfortable kneeling or resting space during roadside breaks, travel, or outdoor activities. Crafted from durable, easy-to-clean materials, this set is a thoughtful solution for your\u00a0<strong>car, truck, or home office<\/strong>, offering comfort wherever you sit.<\/p>\n<\/div>\n<\/div>\n<div class=\"ds-theme\"><\/div>\n<div class=\"ds-flex _0a3d93b\">\n<div class=\"ds-flex _965abe9 _54866f7\">\n<div class=\"db183363 ds-icon-button ds-icon-button--m ds-icon-button--sizing-container\" tabindex=\"0\" role=\"button\" aria-disabled=\"false\">\n<div class=\"ds-icon-button__hover-bg\"><\/div>\n<div class=\"ds-icon\"><\/div>\n<div class=\"ds-focus-ring\"><\/div>\n<\/div>\n<div class=\"db183363 ds-icon-button ds-icon-button--m ds-icon-button--sizing-container\" tabindex=\"0\" role=\"button\" aria-disabled=\"false\">\n<div class=\"ds-icon-button__hover-bg\"><\/div>\n<div class=\"ds-icon\"><\/div>\n<div class=\"ds-focus-ring\"><\/div>\n<\/div>\n<div class=\"db183363 ds-icon-button ds-icon-button--m ds-icon-button--sizing-container\" tabindex=\"0\" role=\"button\" aria-disabled=\"false\">\n<div class=\"ds-icon-button__hover-bg\"><\/div>\n<div class=\"ds-icon\"><\/div>\n<div class=\"ds-focus-ring\"><\/div>\n<\/div>\n<div class=\"db183363 ds-icon-button ds-icon-button--m ds-icon-button--sizing-container\" tabindex=\"0\" role=\"button\" aria-disabled=\"false\">\n<div class=\"ds-icon-button__hover-bg\"><\/div>\n<div class=\"ds-icon\"><\/div>\n<div class=\"ds-focus-ring\"><\/div>\n<\/div>\n<div class=\"db183363 ds-icon-button ds-icon-button--m ds-icon-button--sizing-container\" tabindex=\"0\" role=\"button\" aria-disabled=\"false\">\n<div class=\"ds-icon-button__hover-bg\"><\/div>\n<div class=\"ds-icon\"><\/div>\n<div class=\"ds-focus-ring\"><\/div>\n<\/div>\n<\/div>\n<div><\/div>\n<\/div>\n<\/div>\n<\/div>\n<div class=\"_871cbca\">\n<div class=\"d72636e2\"><\/div>\n<div class=\"aaff8b8f\">\n<div class=\"_77cefa5 _3d616d3\">\n<div class=\"_020ab5b\">\n<div class=\"_24fad49\">\n<div class=\"ds-scroll-area__gutters\"><\/div>\n<\/div>\n<\/div>\n<\/div>\n<\/div>\n<\/div>","protected":false},"excerpt":{"rendered":"<p>Experience all-season comfort in every seat with the versatile Easypie Selection 3-in-1 Memory Foam Cushion Set. Designed to provide luxurious support and cozy warmth, this set features three ergonomically shaped cushions tailored for your car, office, and floor. The star of the set is the premium\u00a0memory foam cushion, which gently contours to your body to [&hellip;]<\/p>","protected":false},"featured_media":33476,"comment_status":"open","ping_status":"closed","template":"","meta":{"_monsterinsights_skip_tracking":false,"_monsterinsights_sitenote_active":false,"_monsterinsights_sitenote_note":"","_monsterinsights_sitenote_category":0},"product_brand":[],"product_cat":[15,127],"product_tag":[],"class_list":{"0":"post-33475","1":"product","2":"type-product","3":"status-publish","4":"has-post-thumbnail","6":"product_cat-uncategorized","7":"product_cat-car-essentials","9":"first","10":"instock","11":"shipping-taxable","12":"purchasable","13":"product-type-simple"},"aioseo_notices":[],"_links":{"self":[{"href":"https:\/\/xn--kbrsglobalstore-7kcc.com\/tr\/wp-json\/wp\/v2\/product\/33475","targetHints":{"allow":["GET"]}}],"collection":[{"href":"https:\/\/xn--kbrsglobalstore-7kcc.com\/tr\/wp-json\/wp\/v2\/product"}],"about":[{"href":"https:\/\/xn--kbrsglobalstore-7kcc.com\/tr\/wp-json\/wp\/v2\/types\/product"}],"replies":[{"embeddable":true,"href":"https:\/\/xn--kbrsglobalstore-7kcc.com\/tr\/wp-json\/wp\/v2\/comments?post=33475"}],"wp:featuredmedia":[{"embeddable":true,"href":"https:\/\/xn--kbrsglobalstore-7kcc.com\/tr\/wp-json\/wp\/v2\/media\/33476"}],"wp:attachment":[{"href":"https:\/\/xn--kbrsglobalstore-7kcc.com\/tr\/wp-json\/wp\/v2\/media?parent=33475"}],"wp:term":[{"taxonomy":"product_brand","embeddable":true,"href":"https:\/\/xn--kbrsglobalstore-7kcc.com\/tr\/wp-json\/wp\/v2\/product_brand?post=33475"},{"taxonomy":"product_cat","embeddable":true,"href":"https:\/\/xn--kbrsglobalstore-7kcc.com\/tr\/wp-json\/wp\/v2\/product_cat?post=33475"},{"taxonomy":"product_tag","embeddable":true,"href":"https:\/\/xn--kbrsglobalstore-7kcc.com\/tr\/wp-json\/wp\/v2\/product_tag?post=33475"}],"curies":[{"name":"wp","href":"https:\/\/api.w.org\/{rel}","templated":true}]}}