{"id":33468,"date":"2025-12-14T20:07:52","date_gmt":"2025-12-14T20:07:52","guid":{"rendered":"https:\/\/xn--kbrsglobalstore-7kcc.com\/?post_type=product&#038;p=33468"},"modified":"2025-12-16T19:27:14","modified_gmt":"2025-12-16T19:27:14","slug":"topk-car-phone-holder-air-vent-mount-suitable-for-all-vehicles-with-anti-shake-stabilizer-upgrade-spiral-hook-air-vent","status":"publish","type":"product","link":"https:\/\/xn--kbrsglobalstore-7kcc.com\/tr\/urun\/topk-car-phone-holder-air-vent-mount-suitable-for-all-vehicles-with-anti-shake-stabilizer-upgrade-spiral-hook-air-vent\/","title":{"rendered":"TOPK Ara\u00e7 Telefon Tutucu Havaland\u0131rma Montaj\u0131 T\u00fcm Ara\u00e7lara Uygundur"},"content":{"rendered":"<div class=\"dad65929\">\n<div class=\"_4f9bf79 d7dc56a8 _43c05b5\">\n<div class=\"ds-message _63c77b1\">\n<div class=\"ds-markdown\">\n<p class=\"ds-markdown-paragraph translation-block\">TOPK Ara\u00e7 Telefon Tutucusu ile dikkatinizi yolda tutun ve telefonunuzu g\u00fcvenli bir \u015fekilde g\u00f6z\u00fcn\u00fcz\u00fcn \u00f6n\u00fcnde bulundurun. Evrensel uyumluluk i\u00e7in tasarlanan bu tutucu, arac\u0131n\u0131z\u0131n havaland\u0131rma \u0131zgaras\u0131n\u0131n \u00e7\u0131talar\u0131na g\u00fcvenli bir \u015fekilde tak\u0131lan sa\u011flam bir havaland\u0131rma klipsi tasar\u0131m\u0131na sahiptir ve cihaz\u0131n\u0131z\u0131 navigasyon, aramalar ve medya kontrol\u00fc i\u00e7in ideal g\u00f6z hizas\u0131na yerle\u015ftirir.<\/p>\n<p class=\"ds-markdown-paragraph translation-block\">En belirgin \u00f6zelli\u011fi, havaland\u0131rma \u0131zgaran\u0131za zarar vermeden son derece g\u00fc\u00e7l\u00fc ve titre\u015fime dayan\u0131kl\u0131 bir tutu\u015f sa\u011flayan yenilik\u00e7i <strong>geli\u015ftirilmi\u015f spiral kanca mekanizmas\u0131d\u0131r<\/strong>. Bu \u00f6zellik, dahili <strong>titre\u015fim \u00f6nleyici dengeleyici<\/strong> ile birle\u015ferek, telefonunuzun engebeli yollarda veya keskin virajlarda bile sa\u011flam bir \u015fekilde yerinde kalmas\u0131n\u0131 sa\u011flar.<\/p>\n<p class=\"ds-markdown-paragraph translation-block\">Ayarlanabilir, yayl\u0131 kollar\u0131 geni\u015f bir uyumluluk yelpazesi sunarak \u00e7o\u011fu ak\u0131ll\u0131 telefon boyutunu ve k\u0131l\u0131f\u0131n\u0131 g\u00fcvenli bir \u015fekilde tutar. Tek elle kolayca tak\u0131labilen bu tutucu, her yolculuk i\u00e7in istikrarl\u0131, g\u00fcvenli ve kullan\u0131\u015fl\u0131 bir montaj \u00e7\u00f6z\u00fcm\u00fc sunan, t\u00fcm ara\u00e7lar i\u00e7in olmazsa olmaz, sorunsuz bir ara\u00e7 aksesuar\u0131d\u0131r.<\/p>\n<\/div>\n<\/div>\n<div class=\"ds-theme\"><\/div>\n<div class=\"ds-flex _0a3d93b\">\n<div class=\"ds-flex _965abe9 _54866f7\">\n<div class=\"db183363 ds-icon-button ds-icon-button--m ds-icon-button--sizing-container\" tabindex=\"0\" role=\"button\" aria-disabled=\"false\">\n<div class=\"ds-icon-button__hover-bg\"><\/div>\n<div class=\"ds-icon\"><\/div>\n<div class=\"ds-focus-ring\"><\/div>\n<\/div>\n<div class=\"db183363 ds-icon-button ds-icon-button--m ds-icon-button--sizing-container\" tabindex=\"0\" role=\"button\" aria-disabled=\"false\">\n<div class=\"ds-icon-button__hover-bg\"><\/div>\n<div class=\"ds-icon\"><\/div>\n<div class=\"ds-focus-ring\"><\/div>\n<\/div>\n<div class=\"db183363 ds-icon-button ds-icon-button--m ds-icon-button--sizing-container\" tabindex=\"0\" role=\"button\" aria-disabled=\"false\">\n<div class=\"ds-icon-button__hover-bg\"><\/div>\n<div class=\"ds-icon\"><\/div>\n<div class=\"ds-focus-ring\"><\/div>\n<\/div>\n<div class=\"db183363 ds-icon-button ds-icon-button--m ds-icon-button--sizing-container\" tabindex=\"0\" role=\"button\" aria-disabled=\"false\">\n<div class=\"ds-icon-button__hover-bg\"><\/div>\n<div class=\"ds-icon\"><\/div>\n<div class=\"ds-focus-ring\"><\/div>\n<\/div>\n<div class=\"db183363 ds-icon-button ds-icon-button--m ds-icon-button--sizing-container\" tabindex=\"0\" role=\"button\" aria-disabled=\"false\">\n<div class=\"ds-icon-button__hover-bg\"><\/div>\n<div class=\"ds-icon\"><\/div>\n<div class=\"ds-focus-ring\"><\/div>\n<\/div>\n<\/div>\n<div><\/div>\n<\/div>\n<\/div>\n<\/div>\n<div class=\"_871cbca\">\n<div class=\"d72636e2\"><\/div>\n<div class=\"aaff8b8f\">\n<div class=\"_77cefa5 _3d616d3\">\n<div class=\"_020ab5b\">\n<div class=\"_24fad49\">\n<div class=\"ds-scroll-area__gutters\">\n<div class=\"ds-scroll-area__horizontal-gutter\"><\/div>\n<div class=\"ds-scroll-area__vertical-gutter\"><\/div>\n<\/div>\n<\/div>\n<\/div>\n<\/div>\n<\/div>\n<\/div>","protected":false},"excerpt":{"rendered":"<p>Keep your focus on the road and your phone securely in sight with the TOPK Car Phone Holder. Designed for universal compatibility, this mount features a sturdy\u00a0air vent clip design\u00a0that securely attaches to the slats of your car&#8217;s air vent, placing your device at the ideal eye level for navigation, calls, and media control. Its [&hellip;]<\/p>","protected":false},"featured_media":33469,"comment_status":"open","ping_status":"closed","template":"","meta":{"_monsterinsights_skip_tracking":false,"_monsterinsights_sitenote_active":false,"_monsterinsights_sitenote_note":"","_monsterinsights_sitenote_category":0},"product_brand":[],"product_cat":[15,127],"product_tag":[],"class_list":{"0":"post-33468","1":"product","2":"type-product","3":"status-publish","4":"has-post-thumbnail","6":"product_cat-uncategorized","7":"product_cat-car-essentials","9":"first","10":"instock","11":"shipping-taxable","12":"purchasable","13":"product-type-simple"},"aioseo_notices":[],"_links":{"self":[{"href":"https:\/\/xn--kbrsglobalstore-7kcc.com\/tr\/wp-json\/wp\/v2\/product\/33468","targetHints":{"allow":["GET"]}}],"collection":[{"href":"https:\/\/xn--kbrsglobalstore-7kcc.com\/tr\/wp-json\/wp\/v2\/product"}],"about":[{"href":"https:\/\/xn--kbrsglobalstore-7kcc.com\/tr\/wp-json\/wp\/v2\/types\/product"}],"replies":[{"embeddable":true,"href":"https:\/\/xn--kbrsglobalstore-7kcc.com\/tr\/wp-json\/wp\/v2\/comments?post=33468"}],"wp:featuredmedia":[{"embeddable":true,"href":"https:\/\/xn--kbrsglobalstore-7kcc.com\/tr\/wp-json\/wp\/v2\/media\/33469"}],"wp:attachment":[{"href":"https:\/\/xn--kbrsglobalstore-7kcc.com\/tr\/wp-json\/wp\/v2\/media?parent=33468"}],"wp:term":[{"taxonomy":"product_brand","embeddable":true,"href":"https:\/\/xn--kbrsglobalstore-7kcc.com\/tr\/wp-json\/wp\/v2\/product_brand?post=33468"},{"taxonomy":"product_cat","embeddable":true,"href":"https:\/\/xn--kbrsglobalstore-7kcc.com\/tr\/wp-json\/wp\/v2\/product_cat?post=33468"},{"taxonomy":"product_tag","embeddable":true,"href":"https:\/\/xn--kbrsglobalstore-7kcc.com\/tr\/wp-json\/wp\/v2\/product_tag?post=33468"}],"curies":[{"name":"wp","href":"https:\/\/api.w.org\/{rel}","templated":true}]}}