{"id":33461,"date":"2025-12-14T19:43:51","date_gmt":"2025-12-14T19:43:51","guid":{"rendered":"https:\/\/xn--kbrsglobalstore-7kcc.com\/?post_type=product&#038;p=33461"},"modified":"2025-12-16T19:27:27","modified_gmt":"2025-12-16T19:27:27","slug":"led-scan-starting-car-hood-decorative-lamp-universal-car-daytime-running-light-drl-dynamic-auto-tuning-headlight-strip-12v","status":"publish","type":"product","link":"https:\/\/xn--kbrsglobalstore-7kcc.com\/tr\/urun\/led-scan-starting-car-hood-decorative-lamp-universal-car-daytime-running-light-drl-dynamic-auto-tuning-headlight-strip-12v\/","title":{"rendered":"LED Tarama \u00d6zellikli Ara\u00e7 Kaputu Dekoratif Lambas\u0131"},"content":{"rendered":"<div class=\"dad65929\">\n<div class=\"_4f9bf79 d7dc56a8 _43c05b5\">\n<div class=\"ds-message _63c77b1\">\n<div class=\"ds-markdown\">\n<p class=\"ds-markdown-paragraph translation-block\">Motorunuzu \u00e7al\u0131\u015ft\u0131rd\u0131\u011f\u0131n\u0131z andan itibaren en son teknolojiyle yola \u015f\u0131kl\u0131k kat\u0131n. LED Scan Ba\u015flang\u0131\u00e7 \u200b\u200bKaputu Dekoratif Lambas\u0131, arac\u0131n\u0131z\u0131n \u00f6n k\u0131sm\u0131n\u0131 dinamik ve y\u00fcksek teknolojili bir kar\u015f\u0131lama sekans\u0131yla d\u00f6n\u00fc\u015ft\u00fcren devrim niteli\u011finde evrensel bir otomobil aksesuar\u0131d\u0131r.<\/p>\n<p class=\"ds-markdown-paragraph translation-block\">Bu ultra modern <strong>G\u00fcnd\u00fcz S\u00fcr\u00fc\u015f Lambas\u0131 (DRL) \u015feridi<\/strong> kaputunuza veya \u0131zgaran\u0131za kusursuz bir \u015fekilde monte edilir. \u00c7al\u0131\u015ft\u0131rma s\u0131ras\u0131nda, g\u00f6z al\u0131c\u0131 bir <strong>dinamik tarama animasyonu<\/strong> ile etkinle\u015ferek arac\u0131n\u0131z\u0131 di\u011ferlerinden ay\u0131ran \u00e7arp\u0131c\u0131 bir g\u00f6rsel imza olu\u015fturur. S\u00fcr\u00fc\u015f s\u0131ras\u0131nda, g\u00fcn boyunca g\u00f6r\u00fcn\u00fcrl\u00fc\u011f\u00fc ve g\u00fcvenli\u011fi art\u0131ran s\u00fcrekli, parlak beyaz bir <strong>LED \u0131\u015f\u0131\u011f\u0131<\/strong> sa\u011flar.<\/p>\n<p class=\"ds-markdown-paragraph translation-block\">Dayan\u0131kl\u0131l\u0131k ve kolay entegrasyon i\u00e7in tasarlanan bu \u00fcr\u00fcn, standart bir 12V sistemle \u00e7al\u0131\u015f\u0131r ve zorlu hava ko\u015fullar\u0131na dayanacak \u015fekilde \u00fcretilmi\u015ftir. Sadece bir far \u015feridi olmaktan \u00e7ok daha fazlas\u0131 olan bu \u00fcr\u00fcn, f\u00fct\u00fcristik esteti\u011fi i\u015flevsel g\u00fcnd\u00fcz s\u00fcr\u00fc\u015f far\u0131 performans\u0131yla birle\u015ftiren ve her araca \u00f6zel, \u00fcst d\u00fczey bir g\u00f6r\u00fcn\u00fcm kazand\u0131ran an\u0131nda bir y\u00fckseltmedir.<\/p>\n<\/div>\n<\/div>\n<div class=\"ds-theme\"><\/div>\n<div class=\"ds-flex _0a3d93b\">\n<div class=\"ds-flex _965abe9 _54866f7\">\n<div class=\"db183363 ds-icon-button ds-icon-button--m ds-icon-button--sizing-container\" tabindex=\"0\" role=\"button\" aria-disabled=\"false\">\n<div class=\"ds-icon-button__hover-bg\"><\/div>\n<div class=\"ds-icon\"><\/div>\n<div class=\"ds-focus-ring\"><\/div>\n<\/div>\n<div class=\"db183363 ds-icon-button ds-icon-button--m ds-icon-button--sizing-container\" tabindex=\"0\" role=\"button\" aria-disabled=\"false\">\n<div class=\"ds-icon-button__hover-bg\"><\/div>\n<div class=\"ds-icon\"><\/div>\n<div class=\"ds-focus-ring\"><\/div>\n<\/div>\n<div class=\"db183363 ds-icon-button ds-icon-button--m ds-icon-button--sizing-container\" tabindex=\"0\" role=\"button\" aria-disabled=\"false\">\n<div class=\"ds-icon-button__hover-bg\"><\/div>\n<div class=\"ds-icon\"><\/div>\n<div class=\"ds-focus-ring\"><\/div>\n<\/div>\n<div class=\"db183363 ds-icon-button ds-icon-button--m ds-icon-button--sizing-container\" tabindex=\"0\" role=\"button\" aria-disabled=\"false\">\n<div class=\"ds-icon-button__hover-bg\"><\/div>\n<div class=\"ds-icon\"><\/div>\n<div class=\"ds-focus-ring\"><\/div>\n<\/div>\n<div class=\"db183363 ds-icon-button ds-icon-button--m ds-icon-button--sizing-container\" tabindex=\"0\" role=\"button\" aria-disabled=\"false\">\n<div class=\"ds-icon-button__hover-bg\"><\/div>\n<div class=\"ds-icon\"><\/div>\n<div class=\"ds-focus-ring\"><\/div>\n<\/div>\n<\/div>\n<div><\/div>\n<\/div>\n<\/div>\n<\/div>\n<div class=\"_871cbca\">\n<div class=\"d72636e2\"><\/div>\n<div class=\"aaff8b8f\">\n<div class=\"_77cefa5 _3d616d3\">\n<div class=\"_020ab5b\">\n<div class=\"_24fad49\">\n<div class=\"ds-scroll-area__gutters\"><\/div>\n<\/div>\n<\/div>\n<\/div>\n<\/div>\n<\/div>","protected":false},"excerpt":{"rendered":"<p>Ignite the road with cutting-edge style from the moment you start your engine. The LED Scan Starting Hood Decorative Lamp is a revolutionary\u00a0universal car accessory\u00a0that transforms your vehicle&#8217;s front end with a dynamic, high-tech welcome sequence. This ultra-modern\u00a0Daytime Running Light (DRL) strip\u00a0installs seamlessly onto your hood or grille. Upon startup, it activates with an eye-catching\u00a0dynamic [&hellip;]<\/p>","protected":false},"featured_media":33462,"comment_status":"open","ping_status":"closed","template":"","meta":{"_monsterinsights_skip_tracking":false,"_monsterinsights_sitenote_active":false,"_monsterinsights_sitenote_note":"","_monsterinsights_sitenote_category":0},"product_brand":[],"product_cat":[15,127],"product_tag":[],"class_list":{"0":"post-33461","1":"product","2":"type-product","3":"status-publish","4":"has-post-thumbnail","6":"product_cat-uncategorized","7":"product_cat-car-essentials","9":"first","10":"instock","11":"shipping-taxable","12":"purchasable","13":"product-type-simple"},"aioseo_notices":[],"_links":{"self":[{"href":"https:\/\/xn--kbrsglobalstore-7kcc.com\/tr\/wp-json\/wp\/v2\/product\/33461","targetHints":{"allow":["GET"]}}],"collection":[{"href":"https:\/\/xn--kbrsglobalstore-7kcc.com\/tr\/wp-json\/wp\/v2\/product"}],"about":[{"href":"https:\/\/xn--kbrsglobalstore-7kcc.com\/tr\/wp-json\/wp\/v2\/types\/product"}],"replies":[{"embeddable":true,"href":"https:\/\/xn--kbrsglobalstore-7kcc.com\/tr\/wp-json\/wp\/v2\/comments?post=33461"}],"wp:featuredmedia":[{"embeddable":true,"href":"https:\/\/xn--kbrsglobalstore-7kcc.com\/tr\/wp-json\/wp\/v2\/media\/33462"}],"wp:attachment":[{"href":"https:\/\/xn--kbrsglobalstore-7kcc.com\/tr\/wp-json\/wp\/v2\/media?parent=33461"}],"wp:term":[{"taxonomy":"product_brand","embeddable":true,"href":"https:\/\/xn--kbrsglobalstore-7kcc.com\/tr\/wp-json\/wp\/v2\/product_brand?post=33461"},{"taxonomy":"product_cat","embeddable":true,"href":"https:\/\/xn--kbrsglobalstore-7kcc.com\/tr\/wp-json\/wp\/v2\/product_cat?post=33461"},{"taxonomy":"product_tag","embeddable":true,"href":"https:\/\/xn--kbrsglobalstore-7kcc.com\/tr\/wp-json\/wp\/v2\/product_tag?post=33461"}],"curies":[{"name":"wp","href":"https:\/\/api.w.org\/{rel}","templated":true}]}}