{"id":33454,"date":"2025-12-14T19:34:21","date_gmt":"2025-12-14T19:34:21","guid":{"rendered":"https:\/\/xn--kbrsglobalstore-7kcc.com\/?post_type=product&#038;p=33454"},"modified":"2025-12-16T19:27:54","modified_gmt":"2025-12-16T19:27:54","slug":"1pc-stylish-black-quilted-pu-leather-car-seat-organizer-for-effortless-storage-of-phone-keys-coins-small-essentials-elegant-diamond-pattern-design-perfectly-fits-most-car-interiors-ideal-for-ho","status":"publish","type":"product","link":"https:\/\/xn--kbrsglobalstore-7kcc.com\/tr\/urun\/1pc-stylish-black-quilted-pu-leather-car-seat-organizer-for-effortless-storage-of-phone-keys-coins-small-essentials-elegant-diamond-pattern-design-perfectly-fits-most-car-interiors-ideal-for-ho\/","title":{"rendered":"\u015e\u0131k Siyah Kapitone PU Deri Araba Koltu\u011fu D\u00fczenleyici, Zahmetsiz Saklama \u0130mkan\u0131 Sunar"},"content":{"rendered":"<div class=\"ds-message _63c77b1\">\n<div class=\"ds-markdown\">\n<p class=\"ds-markdown-paragraph translation-block\">Arac\u0131n\u0131z\u0131n i\u00e7 mekan\u0131n\u0131, zarif d\u00fczenleme ve sofistike stilin m\u00fckemmel bir kar\u0131\u015f\u0131m\u0131yla y\u00fckseltin. Bu Ara\u00e7 Koltuk D\u00fczenleyici, birinci s\u0131n\u0131f kapitone PU deriden ustal\u0131kla \u00fcretilmi\u015ftir ve her arac\u0131n kabinine l\u00fcks ve \u00f6zel bir g\u00f6r\u00fcn\u00fcm katan zamans\u0131z bir elmas desen tasar\u0131m\u0131na sahiptir.<\/p>\n<p class=\"ds-markdown-paragraph translation-block\">Maksimum kolayl\u0131k i\u00e7in tasarlanan bu \u00fcr\u00fcn, telefonunuz, anahtarlar\u0131n\u0131z, bozuk paralar\u0131n\u0131z, g\u00fcne\u015f g\u00f6zl\u00fckleriniz ve t\u00fcm g\u00fcnl\u00fck k\u00fc\u00e7\u00fck e\u015fyalar\u0131n\u0131z i\u00e7in zahmetsiz saklama alan\u0131 sunarak, e\u015fyalar\u0131n\u0131z\u0131 kolayca ula\u015f\u0131labilir bir yerde tutar ve arac\u0131n\u0131z\u0131n da\u011f\u0131n\u0131kl\u0131\u011f\u0131n\u0131 \u00f6nler. \u0130nce profili ve evrensel tasar\u0131m\u0131, yolcu konforunu etkilemeden \u00e7o\u011fu ara\u00e7 i\u00e7 mekan\u0131na m\u00fckemmel \u015fekilde uyum sa\u011flar; bu da onu tatil seyahatleri, uzun yolculuklar ve g\u00fcnl\u00fck i\u015fe gidip gelmeler i\u00e7in ideal k\u0131lar.<\/p>\n<p class=\"ds-markdown-paragraph translation-block\">Maksimum g\u00fcvenlik i\u00e7in tasarlanm\u0131\u015f bu \u00fcr\u00fcn, telefonunuz, anahtarlar\u0131n\u0131z, bozuk paralar\u0131n\u0131z, g\u00fcne\u015f g\u00f6zl\u00fckleriniz ve t\u00fcm g\u00fcnl\u00fck k\u00fc\u00e7\u00fck e\u015fyalar\u0131n\u0131z i\u00e7in zahmetsiz saklama alan\u0131 sunar, e\u015fyalar\u0131n\u0131z\u0131 kolayca saklayabilece\u011finiz bir yerde saklar ve arac\u0131n\u0131z\u0131n da\u011f\u0131n\u0131kl\u0131\u011f\u0131n\u0131 \u00f6nler. \u0130nce profil ve evrensel tasar\u0131m, yolcu konforunu etkilemeden \u00e7o\u011fu arac\u0131n i\u00e7 d\u00fcnyas\u0131na m\u00fckemmel \u015fekilde uyum sa\u011flar; bu da onu tatil seyahatleri, uzun yolculuklar ve g\u00fcnl\u00fck i\u015fe gidip gelmeler i\u00e7in ideal bir \u00e7\u00f6z\u00fcmd\u00fcr.<\/p>\n<\/div>\n<\/div>\n<div class=\"ds-theme\"><\/div>\n<div class=\"ds-flex _0a3d93b\">\n<div class=\"ds-flex _965abe9 _54866f7\">\n<div class=\"db183363 ds-icon-button ds-icon-button--m ds-icon-button--sizing-container\" tabindex=\"0\" role=\"button\" aria-disabled=\"false\">\n<div class=\"ds-icon-button__hover-bg\"><\/div>\n<div class=\"ds-icon\"><\/div>\n<div class=\"ds-focus-ring\"><\/div>\n<\/div>\n<div class=\"db183363 ds-icon-button ds-icon-button--m ds-icon-button--sizing-container\" tabindex=\"0\" role=\"button\" aria-disabled=\"false\">\n<div class=\"ds-icon-button__hover-bg\"><\/div>\n<div class=\"ds-icon\"><\/div>\n<div class=\"ds-focus-ring\"><\/div>\n<\/div>\n<div class=\"db183363 ds-icon-button ds-icon-button--m ds-icon-button--sizing-container\" tabindex=\"0\" role=\"button\" aria-disabled=\"false\">\n<div class=\"ds-icon-button__hover-bg\"><\/div>\n<div class=\"ds-icon\"><\/div>\n<div class=\"ds-focus-ring\"><\/div>\n<\/div>\n<div class=\"db183363 ds-icon-button ds-icon-button--m ds-icon-button--sizing-container\" tabindex=\"0\" role=\"button\" aria-disabled=\"false\">\n<div class=\"ds-icon-button__hover-bg\"><\/div>\n<div class=\"ds-icon\"><\/div>\n<div class=\"ds-focus-ring\"><\/div>\n<\/div>\n<div class=\"db183363 ds-icon-button ds-icon-button--m ds-icon-button--sizing-container\" tabindex=\"0\" role=\"button\" aria-disabled=\"false\">\n<div class=\"ds-icon-button__hover-bg\"><\/div>\n<div class=\"ds-icon\"><\/div>\n<\/div>\n<\/div>\n<\/div>","protected":false},"excerpt":{"rendered":"<p>Elevate your vehicle&#8217;s interior with a perfect blend of elegant organization and sophisticated style. This Car Seat Organizer is expertly crafted from premium\u00a0quilted PU leather, featuring a timeless\u00a0diamond pattern design\u00a0that adds a luxurious, tailored look to any car&#8217;s cabin. Designed for maximum convenience, it offers\u00a0effortless storage\u00a0for your phone, keys, coins, sunglasses, and all daily small [&hellip;]<\/p>","protected":false},"featured_media":33455,"comment_status":"open","ping_status":"closed","template":"","meta":{"_monsterinsights_skip_tracking":false,"_monsterinsights_sitenote_active":false,"_monsterinsights_sitenote_note":"","_monsterinsights_sitenote_category":0},"product_brand":[],"product_cat":[15,127],"product_tag":[],"class_list":{"0":"post-33454","1":"product","2":"type-product","3":"status-publish","4":"has-post-thumbnail","6":"product_cat-uncategorized","7":"product_cat-car-essentials","9":"first","10":"instock","11":"shipping-taxable","12":"purchasable","13":"product-type-simple"},"aioseo_notices":[],"_links":{"self":[{"href":"https:\/\/xn--kbrsglobalstore-7kcc.com\/tr\/wp-json\/wp\/v2\/product\/33454","targetHints":{"allow":["GET"]}}],"collection":[{"href":"https:\/\/xn--kbrsglobalstore-7kcc.com\/tr\/wp-json\/wp\/v2\/product"}],"about":[{"href":"https:\/\/xn--kbrsglobalstore-7kcc.com\/tr\/wp-json\/wp\/v2\/types\/product"}],"replies":[{"embeddable":true,"href":"https:\/\/xn--kbrsglobalstore-7kcc.com\/tr\/wp-json\/wp\/v2\/comments?post=33454"}],"wp:featuredmedia":[{"embeddable":true,"href":"https:\/\/xn--kbrsglobalstore-7kcc.com\/tr\/wp-json\/wp\/v2\/media\/33455"}],"wp:attachment":[{"href":"https:\/\/xn--kbrsglobalstore-7kcc.com\/tr\/wp-json\/wp\/v2\/media?parent=33454"}],"wp:term":[{"taxonomy":"product_brand","embeddable":true,"href":"https:\/\/xn--kbrsglobalstore-7kcc.com\/tr\/wp-json\/wp\/v2\/product_brand?post=33454"},{"taxonomy":"product_cat","embeddable":true,"href":"https:\/\/xn--kbrsglobalstore-7kcc.com\/tr\/wp-json\/wp\/v2\/product_cat?post=33454"},{"taxonomy":"product_tag","embeddable":true,"href":"https:\/\/xn--kbrsglobalstore-7kcc.com\/tr\/wp-json\/wp\/v2\/product_tag?post=33454"}],"curies":[{"name":"wp","href":"https:\/\/api.w.org\/{rel}","templated":true}]}}