{"id":33446,"date":"2025-12-14T19:30:42","date_gmt":"2025-12-14T19:30:42","guid":{"rendered":"https:\/\/xn--kbrsglobalstore-7kcc.com\/?post_type=product&#038;p=33446"},"modified":"2025-12-15T10:08:55","modified_gmt":"2025-12-15T10:08:55","slug":"1set-car-key-case-keychain-compatible-with-volkswagen-key-fob-cover","status":"publish","type":"product","link":"https:\/\/xn--kbrsglobalstore-7kcc.com\/tr\/urun\/1set-car-key-case-keychain-compatible-with-volkswagen-key-fob-cover\/","title":{"rendered":"Volkswagen ile uyumlu 1 tak\u0131m araba anahtar k\u0131l\u0131f\u0131 ve anahtarl\u0131k, uzaktan kumanda k\u0131l\u0131f\u0131."},"content":{"rendered":"<div class=\"ds-message _63c77b1\">\n<div class=\"ds-markdown\">\n<p class=\"ds-markdown-paragraph\">Volkswagen anahtarl\u0131klar\u0131yla uyumlu olacak \u015fekilde \u00f6zel olarak tasarlanm\u0131\u015f bu \u015f\u0131k Araba Anahtar K\u0131l\u0131f\u0131 ve Anahtarl\u0131k Seti ile arac\u0131n\u0131z\u0131n olmazsa olmaz aksesuar\u0131 olan anahtarl\u0131klar\u0131n\u0131z\u0131 yenileyin ve koruyun. Bu birinci s\u0131n\u0131f set, dayan\u0131kl\u0131 koruma, ki\u015fiselle\u015ftirilmi\u015f stil ve g\u00fcnl\u00fck kullan\u0131m kolayl\u0131\u011f\u0131n\u0131n m\u00fckemmel bir kar\u0131\u015f\u0131m\u0131n\u0131 sunar.<\/p>\n<p class=\"ds-markdown-paragraph translation-block\">Dayan\u0131kl\u0131 ve tam oturan anahtarl\u0131k k\u0131l\u0131f\u0131, mevcut Volkswagen uzaktan kumandan\u0131z\u0131 s\u0131k\u0131ca sararak g\u00fcnl\u00fck \u00e7iziklerden, darbelerden ve a\u015f\u0131nmadan korurken t\u00fcm d\u00fc\u011fmelere tam eri\u015fim sa\u011flar. \u015e\u0131k bir anahtarl\u0131kla birlikte bu set, anahtarlar\u0131n\u0131z\u0131 bulmay\u0131 ve kullanmay\u0131 kolayla\u015ft\u0131ran uyumlu bir g\u00f6r\u00fcn\u00fcm yarat\u0131r.<\/p>\n<p class=\"ds-markdown-paragraph\">VW sahiplerine ki\u015fisel bir dokunu\u015f katmak veya d\u00fc\u015f\u00fcnceli bir hediye olarak vermek i\u00e7in m\u00fckemmel olan bu set, basit ama etkili bir y\u00fckseltmedir. Anahtar\u0131n\u0131z\u0131n yeni gibi g\u00f6r\u00fcnmesini sa\u011flar, \u00e7antan\u0131zda veya cebinizde \u00f6ne \u00e7\u0131kmas\u0131n\u0131 garanti eder ve yat\u0131r\u0131m\u0131n\u0131z\u0131 g\u00fcnl\u00fck dayan\u0131kl\u0131l\u0131kla korur.<\/p>\n<\/div>\n<\/div>\n<div class=\"ds-theme\"><\/div>\n<div class=\"ds-flex _0a3d93b\">\n<div class=\"ds-flex _965abe9 _54866f7\">\n<div class=\"db183363 ds-icon-button ds-icon-button--m ds-icon-button--sizing-container\" tabindex=\"0\" role=\"button\" aria-disabled=\"false\">\n<div class=\"ds-icon-button__hover-bg\"><\/div>\n<div class=\"ds-icon\"><\/div>\n<div class=\"ds-focus-ring\"><\/div>\n<\/div>\n<div class=\"db183363 ds-icon-button ds-icon-button--m ds-icon-button--sizing-container\" tabindex=\"0\" role=\"button\" aria-disabled=\"false\">\n<div class=\"ds-icon-button__hover-bg\"><\/div>\n<div class=\"ds-icon\"><\/div>\n<div class=\"ds-focus-ring\"><\/div>\n<\/div>\n<div class=\"db183363 ds-icon-button ds-icon-button--m ds-icon-button--sizing-container\" tabindex=\"0\" role=\"button\" aria-disabled=\"false\">\n<div class=\"ds-icon-button__hover-bg\"><\/div>\n<div class=\"ds-icon\"><\/div>\n<div class=\"ds-focus-ring\"><\/div>\n<\/div>\n<div class=\"db183363 ds-icon-button ds-icon-button--m ds-icon-button--sizing-container\" tabindex=\"0\" role=\"button\" aria-disabled=\"false\">\n<div class=\"ds-icon-button__hover-bg\"><\/div>\n<div class=\"ds-icon\"><\/div>\n<div class=\"ds-focus-ring\"><\/div>\n<\/div>\n<div class=\"db183363 ds-icon-button ds-icon-button--m ds-icon-button--sizing-container\" tabindex=\"0\" role=\"button\" aria-disabled=\"false\">\n<div class=\"ds-icon-button__hover-bg\"><\/div>\n<div class=\"ds-icon\"><\/div>\n<\/div>\n<\/div>\n<\/div>","protected":false},"excerpt":{"rendered":"<p>Refresh and protect your essential vehicle accessory with this stylish Car Key Case and Keychain Set, designed exclusively for compatibility with Volkswagen key fobs. This premium set offers the perfect blend of durable protection, personalized style, and everyday convenience. The durable, form-fitting\u00a0key fob cover\u00a0snugly wraps around your existing Volkswagen remote, shielding it from daily scratches, [&hellip;]<\/p>","protected":false},"featured_media":33447,"comment_status":"open","ping_status":"closed","template":"","meta":{"_monsterinsights_skip_tracking":false,"_monsterinsights_sitenote_active":false,"_monsterinsights_sitenote_note":"","_monsterinsights_sitenote_category":0},"product_brand":[],"product_cat":[15,127],"product_tag":[],"class_list":{"0":"post-33446","1":"product","2":"type-product","3":"status-publish","4":"has-post-thumbnail","6":"product_cat-uncategorized","7":"product_cat-car-essentials","9":"first","10":"instock","11":"shipping-taxable","12":"purchasable","13":"product-type-simple"},"aioseo_notices":[],"_links":{"self":[{"href":"https:\/\/xn--kbrsglobalstore-7kcc.com\/tr\/wp-json\/wp\/v2\/product\/33446","targetHints":{"allow":["GET"]}}],"collection":[{"href":"https:\/\/xn--kbrsglobalstore-7kcc.com\/tr\/wp-json\/wp\/v2\/product"}],"about":[{"href":"https:\/\/xn--kbrsglobalstore-7kcc.com\/tr\/wp-json\/wp\/v2\/types\/product"}],"replies":[{"embeddable":true,"href":"https:\/\/xn--kbrsglobalstore-7kcc.com\/tr\/wp-json\/wp\/v2\/comments?post=33446"}],"wp:featuredmedia":[{"embeddable":true,"href":"https:\/\/xn--kbrsglobalstore-7kcc.com\/tr\/wp-json\/wp\/v2\/media\/33447"}],"wp:attachment":[{"href":"https:\/\/xn--kbrsglobalstore-7kcc.com\/tr\/wp-json\/wp\/v2\/media?parent=33446"}],"wp:term":[{"taxonomy":"product_brand","embeddable":true,"href":"https:\/\/xn--kbrsglobalstore-7kcc.com\/tr\/wp-json\/wp\/v2\/product_brand?post=33446"},{"taxonomy":"product_cat","embeddable":true,"href":"https:\/\/xn--kbrsglobalstore-7kcc.com\/tr\/wp-json\/wp\/v2\/product_cat?post=33446"},{"taxonomy":"product_tag","embeddable":true,"href":"https:\/\/xn--kbrsglobalstore-7kcc.com\/tr\/wp-json\/wp\/v2\/product_tag?post=33446"}],"curies":[{"name":"wp","href":"https:\/\/api.w.org\/{rel}","templated":true}]}}