{"id":33435,"date":"2025-12-14T19:26:03","date_gmt":"2025-12-14T19:26:03","guid":{"rendered":"https:\/\/xn--kbrsglobalstore-7kcc.com\/?post_type=product&#038;p=33435"},"modified":"2025-12-17T20:24:53","modified_gmt":"2025-12-17T20:24:53","slug":"6pcs-set-travel-clothes-organizer-bags-school-supplies-room-decor-bedroom-decor-dorm-essentials-for-school-student-teacher-clothes-storage-clothes-organizer-travel-organizer-bag-set-travel-storage-bag","status":"publish","type":"product","link":"https:\/\/xn--kbrsglobalstore-7kcc.com\/tr\/urun\/6pcs-set-travel-clothes-organizer-bags-school-supplies-room-decor-bedroom-decor-dorm-essentials-for-school-student-teacher-clothes-storage-clothes-organizer-travel-organizer-bag-set-travel-storage-bag\/","title":{"rendered":"6'l\u0131 Set Seyahat K\u0131yafet D\u00fczenleyici \u00c7antalar"},"content":{"rendered":"<p class=\"ds-markdown-paragraph\">Master the art of tidy travel and storage with this comprehensive 6-Piece Organizer Bag Set. Designed for versatility, this set transitions effortlessly from being essential\u00a0<strong>dorm room decor<\/strong>\u00a0and\u00a0<strong>bedroom decor<\/strong>\u00a0to the ultimate\u00a0<strong>travel organizer<\/strong>\u00a0for any adventure.<\/p>\n<p class=\"ds-markdown-paragraph translation-block\">Set, g\u00f6mlek ve \u00e7oraplardan okul malzemelerine, ki\u015fisel bak\u0131m \u00fcr\u00fcnlerine ve plaj e\u015fyalar\u0131na kadar her \u015feyi d\u00fczenli bir \u015fekilde b\u00f6l\u00fcmlere ay\u0131ran \u00e7e\u015fitli boyutlarda ambalaj po\u015fetleri ve giysi saklama d\u00fczenleyicileri i\u00e7erir. Dayan\u0131kl\u0131 ve hafif kuma\u015ftan \u00fcretilen bu \u00fcr\u00fcnler, e\u015fyalar\u0131n\u0131z\u0131 korur, okul \u00e7antan\u0131zda veya valizinizde yer tasarrufu sa\u011flar ve e\u015fyalar\u0131n\u0131z\u0131 yerle\u015ftirmeyi kolayla\u015ft\u0131r\u0131r.<\/p>\n<p class=\"ds-markdown-paragraph translation-block\">\u00d6\u011frenciler, \u00f6\u011fretmenler veya s\u00fcrekli hareket halinde olan herkes i\u00e7in m\u00fckemmel olan bu set, dolaplar\u0131, yurt odalar\u0131n\u0131 ve valizleri kusursuz bir \u015fekilde d\u00fczenli tutmak i\u00e7in olmazsa olmazd\u0131r. Okula d\u00f6n\u00fc\u015f sezonu, yaz tatili veya hafta sonu ka\u00e7amaklar\u0131 i\u00e7in vazge\u00e7ilmez bir set olan bu \u00fcr\u00fcn, evde ve yolda da\u011f\u0131n\u0131kl\u0131ktan uzak bir ya\u015fam i\u00e7in ak\u0131ll\u0131 bir \u00e7\u00f6z\u00fcmd\u00fcr.<\/p>","protected":false},"excerpt":{"rendered":"<p>Master the art of tidy travel and storage with this comprehensive 6-Piece Organizer Bag Set. Designed for versatility, this set transitions effortlessly from being essential\u00a0dorm room decor\u00a0and\u00a0bedroom decor\u00a0to the ultimate\u00a0travel organizer\u00a0for any adventure. The set includes various-sized\u00a0packaging bags\u00a0and\u00a0clothes storage organizers\u00a0that neatly compartmentalize everything from shirts and socks to\u00a0school supplies, toiletries, and\u00a0beach essentials. Made from durable, [&hellip;]<\/p>","protected":false},"featured_media":33436,"comment_status":"open","ping_status":"closed","template":"","meta":{"_monsterinsights_skip_tracking":false,"_monsterinsights_sitenote_active":false,"_monsterinsights_sitenote_note":"","_monsterinsights_sitenote_category":0},"product_brand":[],"product_cat":[122,125],"product_tag":[],"class_list":{"0":"post-33435","1":"product","2":"type-product","3":"status-publish","4":"has-post-thumbnail","6":"product_cat-bags-luggages","7":"product_cat-bags-and-essentials","9":"first","10":"instock","11":"shipping-taxable","12":"purchasable","13":"product-type-simple"},"aioseo_notices":[],"_links":{"self":[{"href":"https:\/\/xn--kbrsglobalstore-7kcc.com\/tr\/wp-json\/wp\/v2\/product\/33435","targetHints":{"allow":["GET"]}}],"collection":[{"href":"https:\/\/xn--kbrsglobalstore-7kcc.com\/tr\/wp-json\/wp\/v2\/product"}],"about":[{"href":"https:\/\/xn--kbrsglobalstore-7kcc.com\/tr\/wp-json\/wp\/v2\/types\/product"}],"replies":[{"embeddable":true,"href":"https:\/\/xn--kbrsglobalstore-7kcc.com\/tr\/wp-json\/wp\/v2\/comments?post=33435"}],"wp:featuredmedia":[{"embeddable":true,"href":"https:\/\/xn--kbrsglobalstore-7kcc.com\/tr\/wp-json\/wp\/v2\/media\/33436"}],"wp:attachment":[{"href":"https:\/\/xn--kbrsglobalstore-7kcc.com\/tr\/wp-json\/wp\/v2\/media?parent=33435"}],"wp:term":[{"taxonomy":"product_brand","embeddable":true,"href":"https:\/\/xn--kbrsglobalstore-7kcc.com\/tr\/wp-json\/wp\/v2\/product_brand?post=33435"},{"taxonomy":"product_cat","embeddable":true,"href":"https:\/\/xn--kbrsglobalstore-7kcc.com\/tr\/wp-json\/wp\/v2\/product_cat?post=33435"},{"taxonomy":"product_tag","embeddable":true,"href":"https:\/\/xn--kbrsglobalstore-7kcc.com\/tr\/wp-json\/wp\/v2\/product_tag?post=33435"}],"curies":[{"name":"wp","href":"https:\/\/api.w.org\/{rel}","templated":true}]}}