{"id":33427,"date":"2025-12-14T19:21:42","date_gmt":"2025-12-14T19:21:42","guid":{"rendered":"https:\/\/xn--kbrsglobalstore-7kcc.com\/?post_type=product&#038;p=33427"},"modified":"2025-12-17T20:24:53","modified_gmt":"2025-12-17T20:24:53","slug":"1pc-beige-twill-waterproof-hanging-toiletry-bag-suitable-for-travel-business-trip-cosmetic-bag-makeup-storage-makeup-organizer-travel-accessories-brush-bag-make-up-container-travel-stuff-travel-ess","status":"publish","type":"product","link":"https:\/\/xn--kbrsglobalstore-7kcc.com\/tr\/urun\/1pc-beige-twill-waterproof-hanging-toiletry-bag-suitable-for-travel-business-trip-cosmetic-bag-makeup-storage-makeup-organizer-travel-accessories-brush-bag-make-up-container-travel-stuff-travel-ess\/","title":{"rendered":"Bej Fitilli Su Ge\u00e7irmez As\u0131labilir Tuvalet \u00c7antas\u0131"},"content":{"rendered":"<div class=\"ds-message _63c77b1\">\n<div class=\"ds-markdown\">\n<p class=\"ds-markdown-paragraph translation-block\">Bej Fitilli Su Ge\u00e7irmez As\u0131labilir Tuvalet \u00c7antas\u0131 ile temel e\u015fyalar\u0131n\u0131z\u0131 zahmetsiz bir \u015f\u0131kl\u0131kla d\u00fczenleyin. Modern gezginler i\u00e7in tasarlanan bu \u00e7ok y\u00f6nl\u00fc \u00e7anta, sofistike, minimalist bej fitilli d\u0131\u015f y\u00fczeyi ve son derece i\u015flevsel su ge\u00e7irmez astar\u0131 birle\u015ftirerek kozmetik ve tuvalet malzemelerinizin korunmas\u0131n\u0131 ve tertemiz kalmas\u0131n\u0131 sa\u011flar.<\/p>\n<p class=\"ds-markdown-paragraph\">The clever\u00a0<strong>hanging hook design<\/strong>\u00a0transforms any space into an instant vanity, providing clear, tiered access to all your items. Its spacious, intelligent compartments are perfect as a\u00a0<strong>makeup organizer, brush bag, and general toiletry holder<\/strong>, keeping everything from skincare to makeup brushes neatly separated and easy to find.<\/p>\n<p class=\"ds-markdown-paragraph translation-block\">\u0130\u015f seyahatleri, \u00fcniversite tatilleri, gemi yolculuklar\u0131 veya yaz tatilleri i\u00e7in ideal olan bu \u00e7anta, seyahat malzemelerinizin temel ta\u015flar\u0131ndan biridir. Bavulunuzdan banyo ask\u0131s\u0131na zahmetsizce ge\u00e7i\u015f yapabilen bu \u00e7anta, olmazsa olmaz bir seyahat aksesuar\u0131 ve okula d\u00f6n\u00fc\u015f malzemelerinize veya g\u00fcnl\u00fck el \u00e7antas\u0131 depolaman\u0131za pratik bir ektir. Her yolculuk i\u00e7in g\u00fczel ve pratik bir \u00e7\u00f6z\u00fcm.<\/p>\n<\/div>\n<\/div>\n<div class=\"ds-theme\"><\/div>\n<div class=\"ds-flex _0a3d93b\">\n<div class=\"ds-flex _965abe9 _54866f7\">\n<div class=\"db183363 ds-icon-button ds-icon-button--m ds-icon-button--sizing-container\" tabindex=\"0\" role=\"button\" aria-disabled=\"false\">\n<div class=\"ds-icon-button__hover-bg\"><\/div>\n<div class=\"ds-icon\"><\/div>\n<div class=\"ds-focus-ring\"><\/div>\n<\/div>\n<div class=\"db183363 ds-icon-button ds-icon-button--m ds-icon-button--sizing-container\" tabindex=\"0\" role=\"button\" aria-disabled=\"false\">\n<div class=\"ds-icon-button__hover-bg\"><\/div>\n<div class=\"ds-icon\"><\/div>\n<div class=\"ds-focus-ring\"><\/div>\n<\/div>\n<div class=\"db183363 ds-icon-button ds-icon-button--m ds-icon-button--sizing-container\" tabindex=\"0\" role=\"button\" aria-disabled=\"false\">\n<div class=\"ds-icon-button__hover-bg\"><\/div>\n<div class=\"ds-icon\"><\/div>\n<div class=\"ds-focus-ring\"><\/div>\n<\/div>\n<div class=\"db183363 ds-icon-button ds-icon-button--m ds-icon-button--sizing-container\" tabindex=\"0\" role=\"button\" aria-disabled=\"false\">\n<div class=\"ds-icon-button__hover-bg\"><\/div>\n<div class=\"ds-icon\"><\/div>\n<div class=\"ds-focus-ring\"><\/div>\n<\/div>\n<div class=\"db183363 ds-icon-button ds-icon-button--m ds-icon-button--sizing-container\" tabindex=\"0\" role=\"button\" aria-disabled=\"false\">\n<div class=\"ds-icon-button__hover-bg\"><\/div>\n<div class=\"ds-icon\"><\/div>\n<\/div>\n<\/div>\n<\/div>","protected":false},"excerpt":{"rendered":"<p>Organize your essentials with effortless elegance using the Beige Twill Waterproof Hanging Toiletry Bag. Designed for the modern traveler, this versatile bag combines a sophisticated, minimalist\u00a0beige twill exterior\u00a0with a highly functional\u00a0waterproof lining, ensuring your cosmetics and toiletries stay protected and pristine. The clever\u00a0hanging hook design\u00a0transforms any space into an instant vanity, providing clear, tiered access [&hellip;]<\/p>","protected":false},"featured_media":33428,"comment_status":"open","ping_status":"closed","template":"","meta":{"_monsterinsights_skip_tracking":false,"_monsterinsights_sitenote_active":false,"_monsterinsights_sitenote_note":"","_monsterinsights_sitenote_category":0},"product_brand":[],"product_cat":[122,125],"product_tag":[],"class_list":{"0":"post-33427","1":"product","2":"type-product","3":"status-publish","4":"has-post-thumbnail","6":"product_cat-bags-luggages","7":"product_cat-bags-and-essentials","9":"first","10":"instock","11":"shipping-taxable","12":"purchasable","13":"product-type-simple"},"aioseo_notices":[],"_links":{"self":[{"href":"https:\/\/xn--kbrsglobalstore-7kcc.com\/tr\/wp-json\/wp\/v2\/product\/33427","targetHints":{"allow":["GET"]}}],"collection":[{"href":"https:\/\/xn--kbrsglobalstore-7kcc.com\/tr\/wp-json\/wp\/v2\/product"}],"about":[{"href":"https:\/\/xn--kbrsglobalstore-7kcc.com\/tr\/wp-json\/wp\/v2\/types\/product"}],"replies":[{"embeddable":true,"href":"https:\/\/xn--kbrsglobalstore-7kcc.com\/tr\/wp-json\/wp\/v2\/comments?post=33427"}],"wp:featuredmedia":[{"embeddable":true,"href":"https:\/\/xn--kbrsglobalstore-7kcc.com\/tr\/wp-json\/wp\/v2\/media\/33428"}],"wp:attachment":[{"href":"https:\/\/xn--kbrsglobalstore-7kcc.com\/tr\/wp-json\/wp\/v2\/media?parent=33427"}],"wp:term":[{"taxonomy":"product_brand","embeddable":true,"href":"https:\/\/xn--kbrsglobalstore-7kcc.com\/tr\/wp-json\/wp\/v2\/product_brand?post=33427"},{"taxonomy":"product_cat","embeddable":true,"href":"https:\/\/xn--kbrsglobalstore-7kcc.com\/tr\/wp-json\/wp\/v2\/product_cat?post=33427"},{"taxonomy":"product_tag","embeddable":true,"href":"https:\/\/xn--kbrsglobalstore-7kcc.com\/tr\/wp-json\/wp\/v2\/product_tag?post=33427"}],"curies":[{"name":"wp","href":"https:\/\/api.w.org\/{rel}","templated":true}]}}