{"id":33410,"date":"2025-12-14T19:18:40","date_gmt":"2025-12-14T19:18:40","guid":{"rendered":"https:\/\/xn--kbrsglobalstore-7kcc.com\/?post_type=product&#038;p=33410"},"modified":"2025-12-17T20:24:53","modified_gmt":"2025-12-17T20:24:53","slug":"17pcs-travel-bottles-setleakproof-silicone-toiletry-containers-refillable-cosmetic-bottles-for-shampoo-lotion-soap-with-storage-bag-tsa-approved-travel-essentials-17pcs-travel-bottle-set-por","status":"publish","type":"product","link":"https:\/\/xn--kbrsglobalstore-7kcc.com\/tr\/urun\/17pcs-travel-bottles-setleakproof-silicone-toiletry-containers-refillable-cosmetic-bottles-for-shampoo-lotion-soap-with-storage-bag-tsa-approved-travel-essentials-17pcs-travel-bottle-set-por\/","title":{"rendered":"Seyahat \u015ei\u015feleri Seti S\u0131zd\u0131rmaz Silikon Tuvalet Malzemeleri Kaplar\u0131"},"content":{"rendered":"<div class=\"ds-message _63c77b1\">\n<div class=\"ds-markdown\">\n<p class=\"ds-markdown-paragraph translation-block\">En \u00fcst\u00fcn <strong>17 Par\u00e7al\u0131 Leicone Seyahat \u015ei\u015fe Seti<\/strong> ile verimli paketleme sanat\u0131nda ustala\u015f\u0131n; t\u00fcm ki\u015fisel bak\u0131m \u00fcr\u00fcnlerinizi s\u0131f\u0131r da\u011f\u0131n\u0131kl\u0131kla ta\u015f\u0131man\u0131z i\u00e7in eksiksiz \u00e7\u00f6z\u00fcm\u00fcn\u00fcz. Bu kapsaml\u0131 set, ak\u0131ll\u0131 gezginler i\u00e7in tasarlanm\u0131\u015ft\u0131r ve \u015fampuan, sa\u00e7 kremi, losyon, y\u00fcz y\u0131kama jeli ve daha fazlas\u0131 i\u00e7in m\u00fckemmel \u015fekilde tasarlanm\u0131\u015f bir dizi <strong>yeniden doldurulabilir, s\u0131k\u0131labilir silikon kap<\/strong> i\u00e7erir.<\/p>\n<p class=\"ds-markdown-paragraph translation-block\">Her \u015fi\u015fe ve kavanoz, y\u00fcksek kaliteli, katlanabilir ve s\u0131zd\u0131rmaz silikondan \u00fcretilmi\u015ftir ve g\u00fcvenli, \u00e7\u0131t ...<\/p>\n<p class=\"ds-markdown-paragraph translation-block\">Tatiller, i\u015f seyahatleri, spor salonu ziyaretleri veya g\u00fcnl\u00fck d\u00fczenleyici olarak ideal olan bu ta\u015f\u0131nabilir, yeniden doldurulabilir seyahat aksesuarlar\u0131, at\u0131klar\u0131 en aza indirmenize ve alan\u0131 en \u00fcst d\u00fczeye \u00e7\u0131karman\u0131za yard\u0131mc\u0131 olur. Dayan\u0131kl\u0131, hijyenik ve inan\u0131lmaz derecede kullan\u0131\u015fl\u0131 olan bu set, gitti\u011finiz her yerde rutininizi kolayla\u015ft\u0131rarak seyahat ihtiya\u00e7lar\u0131n\u0131z\u0131n vazge\u00e7ilmez bir par\u00e7as\u0131 haline gelir.<\/p>\n<\/div>\n<\/div>\n<div class=\"ds-theme\"><\/div>\n<div class=\"ds-flex _0a3d93b\">\n<div class=\"ds-flex _965abe9 _54866f7\">\n<div class=\"db183363 ds-icon-button ds-icon-button--m ds-icon-button--sizing-container\" tabindex=\"0\" role=\"button\" aria-disabled=\"false\">\n<div class=\"ds-icon-button__hover-bg\"><\/div>\n<div class=\"ds-icon\"><\/div>\n<div class=\"ds-focus-ring\"><\/div>\n<\/div>\n<div class=\"db183363 ds-icon-button ds-icon-button--m ds-icon-button--sizing-container\" tabindex=\"0\" role=\"button\" aria-disabled=\"false\">\n<div class=\"ds-icon-button__hover-bg\"><\/div>\n<div class=\"ds-icon\"><\/div>\n<div class=\"ds-focus-ring\"><\/div>\n<\/div>\n<div class=\"db183363 ds-icon-button ds-icon-button--m ds-icon-button--sizing-container\" tabindex=\"0\" role=\"button\" aria-disabled=\"false\">\n<div class=\"ds-icon-button__hover-bg\"><\/div>\n<div class=\"ds-icon\"><\/div>\n<div class=\"ds-focus-ring\"><\/div>\n<\/div>\n<div class=\"db183363 ds-icon-button ds-icon-button--m ds-icon-button--sizing-container\" tabindex=\"0\" role=\"button\" aria-disabled=\"false\">\n<div class=\"ds-icon-button__hover-bg\"><\/div>\n<div class=\"ds-icon\"><\/div>\n<div class=\"ds-focus-ring\"><\/div>\n<\/div>\n<div class=\"db183363 ds-icon-button ds-icon-button--m ds-icon-button--sizing-container\" tabindex=\"0\" role=\"button\" aria-disabled=\"false\">\n<div class=\"ds-icon-button__hover-bg\"><\/div>\n<div class=\"ds-icon\"><\/div>\n<\/div>\n<\/div>\n<\/div>","protected":false},"excerpt":{"rendered":"<p>Master the art of efficient packing with the ultimate\u00a017-Piece Leicone Travel Bottles Set, your complete solution for carrying all personal care essentials with zero mess. This comprehensive kit is engineered for the savvy traveler, featuring an array of\u00a0refillable, squeezable silicone containers\u00a0perfectly designed for shampoo, conditioner, lotion, face wash, and more. Each bottle and jar is [&hellip;]<\/p>","protected":false},"featured_media":33419,"comment_status":"open","ping_status":"closed","template":"","meta":{"_monsterinsights_skip_tracking":false,"_monsterinsights_sitenote_active":false,"_monsterinsights_sitenote_note":"","_monsterinsights_sitenote_category":0},"product_brand":[],"product_cat":[122,125],"product_tag":[],"class_list":{"0":"post-33410","1":"product","2":"type-product","3":"status-publish","4":"has-post-thumbnail","6":"product_cat-bags-luggages","7":"product_cat-bags-and-essentials","9":"first","10":"instock","11":"shipping-taxable","12":"purchasable","13":"product-type-simple"},"aioseo_notices":[],"_links":{"self":[{"href":"https:\/\/xn--kbrsglobalstore-7kcc.com\/tr\/wp-json\/wp\/v2\/product\/33410","targetHints":{"allow":["GET"]}}],"collection":[{"href":"https:\/\/xn--kbrsglobalstore-7kcc.com\/tr\/wp-json\/wp\/v2\/product"}],"about":[{"href":"https:\/\/xn--kbrsglobalstore-7kcc.com\/tr\/wp-json\/wp\/v2\/types\/product"}],"replies":[{"embeddable":true,"href":"https:\/\/xn--kbrsglobalstore-7kcc.com\/tr\/wp-json\/wp\/v2\/comments?post=33410"}],"wp:featuredmedia":[{"embeddable":true,"href":"https:\/\/xn--kbrsglobalstore-7kcc.com\/tr\/wp-json\/wp\/v2\/media\/33419"}],"wp:attachment":[{"href":"https:\/\/xn--kbrsglobalstore-7kcc.com\/tr\/wp-json\/wp\/v2\/media?parent=33410"}],"wp:term":[{"taxonomy":"product_brand","embeddable":true,"href":"https:\/\/xn--kbrsglobalstore-7kcc.com\/tr\/wp-json\/wp\/v2\/product_brand?post=33410"},{"taxonomy":"product_cat","embeddable":true,"href":"https:\/\/xn--kbrsglobalstore-7kcc.com\/tr\/wp-json\/wp\/v2\/product_cat?post=33410"},{"taxonomy":"product_tag","embeddable":true,"href":"https:\/\/xn--kbrsglobalstore-7kcc.com\/tr\/wp-json\/wp\/v2\/product_tag?post=33410"}],"curies":[{"name":"wp","href":"https:\/\/api.w.org\/{rel}","templated":true}]}}