{"id":33404,"date":"2025-12-14T19:04:00","date_gmt":"2025-12-14T19:04:00","guid":{"rendered":"https:\/\/xn--kbrsglobalstore-7kcc.com\/?post_type=product&#038;p=33404"},"modified":"2025-12-16T19:31:06","modified_gmt":"2025-12-16T19:31:06","slug":"1pc-portable-inflatable-u-shaped-neck-support-pillow-casual-style-polyester-travel-pillow-detachable-pillowcase-zippered-for-side-sleepers-ideal-for-airplane-car-nap-inflatable-pillows-suitabl","status":"publish","type":"product","link":"https:\/\/xn--kbrsglobalstore-7kcc.com\/tr\/urun\/1pc-portable-inflatable-u-shaped-neck-support-pillow-casual-style-polyester-travel-pillow-detachable-pillowcase-zippered-for-side-sleepers-ideal-for-airplane-car-nap-inflatable-pillows-suitabl\/","title":{"rendered":"Ta\u015f\u0131nabilir \u015ei\u015firilebilir U \u015eeklinde Boyun Destek Yast\u0131\u011f\u0131"},"content":{"rendered":"<div class=\"ds-message _63c77b1\">\n<div class=\"ds-markdown\">\n<p class=\"ds-markdown-paragraph translation-block\">Ta\u015f\u0131nabilir \u015ei\u015firilebilir U \u015eekilli Boyun Destek Yast\u0131\u011f\u0131 ile seyahatlerinizde en \u00fcst d\u00fczey konforu deneyimleyin. \u00dcst\u00fcn ergonomik destek sa\u011flamak \u00fczere tasarlanan bu rahat tarz polyester seyahat yast\u0131\u011f\u0131, ba\u015f\u0131n\u0131z\u0131 ve boynunuzu yumu\u015fak ve g\u00fcvenli bir \u015fekilde sararak hem yan yatanlar hem de s\u0131rt \u00fcst\u00fc yatanlar i\u00e7in idealdir.<\/p>\n<p class=\"ds-markdown-paragraph translation-block\">Kullan\u0131\u015fl\u0131 \u015fi\u015firilebilir tasar\u0131m\u0131 sayesinde, istedi\u011finiz sertli\u011fe h\u0131zla \u015fi\u015fer ve \u00e7antan\u0131zda kompakt bir \u015fekilde saklamak i\u00e7in saniyeler i\u00e7inde s\u00f6nd\u00fcr\u00fcl\u00fcr. Yast\u0131k, kolayca \u00e7\u0131kar\u0131labilen ve tazeli\u011fini korumak i\u00e7in makinede y\u0131kanabilen yumu\u015fak, \u00e7\u0131kar\u0131labilir bir yast\u0131k k\u0131l\u0131f\u0131yla birlikte gelir; fermuarl\u0131 i\u00e7 hazne ise dayan\u0131kl\u0131l\u0131k ve kolay temizlik sa\u011flar.<\/p>\n<p class=\"ds-markdown-paragraph translation-block\">Uzun u\u00e7u\u015flar, yolculuklar, ofiste \u015fekerlemeler veya evde rahatlamak i\u00e7in m\u00fckemmel olan bu \u00e7ok y\u00f6nl\u00fc yast\u0131k, olmazsa olmaz bir seyahat aksesuar\u0131d\u0131r. Herhangi bir tatil, yaz tatili veya okula d\u00f6n\u00fc\u015f yolculu\u011fu i\u00e7in seyahat malzemelerinizin \u00f6nemli bir par\u00e7as\u0131 olan bu yast\u0131k, en \u00e7ok ihtiya\u00e7 duydu\u011funuz her yerde ki\u015fiselle\u015ftirilmi\u015f konfor sunar.<\/p>\n<\/div>\n<\/div>\n<div class=\"ds-theme\"><\/div>\n<div class=\"ds-flex _0a3d93b\">\n<div class=\"ds-flex _965abe9 _54866f7\">\n<div class=\"db183363 ds-icon-button ds-icon-button--m ds-icon-button--sizing-container\" tabindex=\"0\" role=\"button\" aria-disabled=\"false\">\n<div class=\"ds-icon-button__hover-bg\"><\/div>\n<div class=\"ds-icon\"><\/div>\n<div class=\"ds-focus-ring\"><\/div>\n<\/div>\n<div class=\"db183363 ds-icon-button ds-icon-button--m ds-icon-button--sizing-container\" tabindex=\"0\" role=\"button\" aria-disabled=\"false\">\n<div class=\"ds-icon-button__hover-bg\"><\/div>\n<div class=\"ds-icon\"><\/div>\n<div class=\"ds-focus-ring\"><\/div>\n<\/div>\n<div class=\"db183363 ds-icon-button ds-icon-button--m ds-icon-button--sizing-container\" tabindex=\"0\" role=\"button\" aria-disabled=\"false\">\n<div class=\"ds-icon-button__hover-bg\"><\/div>\n<div class=\"ds-icon\"><\/div>\n<div class=\"ds-focus-ring\"><\/div>\n<\/div>\n<div class=\"db183363 ds-icon-button ds-icon-button--m ds-icon-button--sizing-container\" tabindex=\"0\" role=\"button\" aria-disabled=\"false\">\n<div class=\"ds-icon-button__hover-bg\"><\/div>\n<div class=\"ds-icon\"><\/div>\n<div class=\"ds-focus-ring\"><\/div>\n<\/div>\n<div class=\"db183363 ds-icon-button ds-icon-button--m ds-icon-button--sizing-container\" tabindex=\"0\" role=\"button\" aria-disabled=\"false\">\n<div class=\"ds-icon-button__hover-bg\"><\/div>\n<div class=\"ds-icon\"><\/div>\n<\/div>\n<\/div>\n<\/div>","protected":false},"excerpt":{"rendered":"<p>Experience ultimate comfort on the go with the Portable Inflatable U-Shaped Neck Support Pillow. Designed to provide superior ergonomic support, this\u00a0casual style polyester travel pillow\u00a0cradles your head and neck in a soft, secure embrace, making it\u00a0ideal for side sleepers\u00a0and back sleepers alike. Featuring a\u00a0convenient inflatable design, it quickly inflates to your desired firmness and deflates [&hellip;]<\/p>","protected":false},"featured_media":33405,"comment_status":"open","ping_status":"closed","template":"","meta":{"_monsterinsights_skip_tracking":false,"_monsterinsights_sitenote_active":false,"_monsterinsights_sitenote_note":"","_monsterinsights_sitenote_category":0},"product_brand":[],"product_cat":[125],"product_tag":[],"class_list":{"0":"post-33404","1":"product","2":"type-product","3":"status-publish","4":"has-post-thumbnail","6":"product_cat-bags-and-essentials","8":"first","9":"instock","10":"shipping-taxable","11":"purchasable","12":"product-type-simple"},"aioseo_notices":[],"_links":{"self":[{"href":"https:\/\/xn--kbrsglobalstore-7kcc.com\/tr\/wp-json\/wp\/v2\/product\/33404","targetHints":{"allow":["GET"]}}],"collection":[{"href":"https:\/\/xn--kbrsglobalstore-7kcc.com\/tr\/wp-json\/wp\/v2\/product"}],"about":[{"href":"https:\/\/xn--kbrsglobalstore-7kcc.com\/tr\/wp-json\/wp\/v2\/types\/product"}],"replies":[{"embeddable":true,"href":"https:\/\/xn--kbrsglobalstore-7kcc.com\/tr\/wp-json\/wp\/v2\/comments?post=33404"}],"wp:featuredmedia":[{"embeddable":true,"href":"https:\/\/xn--kbrsglobalstore-7kcc.com\/tr\/wp-json\/wp\/v2\/media\/33405"}],"wp:attachment":[{"href":"https:\/\/xn--kbrsglobalstore-7kcc.com\/tr\/wp-json\/wp\/v2\/media?parent=33404"}],"wp:term":[{"taxonomy":"product_brand","embeddable":true,"href":"https:\/\/xn--kbrsglobalstore-7kcc.com\/tr\/wp-json\/wp\/v2\/product_brand?post=33404"},{"taxonomy":"product_cat","embeddable":true,"href":"https:\/\/xn--kbrsglobalstore-7kcc.com\/tr\/wp-json\/wp\/v2\/product_cat?post=33404"},{"taxonomy":"product_tag","embeddable":true,"href":"https:\/\/xn--kbrsglobalstore-7kcc.com\/tr\/wp-json\/wp\/v2\/product_tag?post=33404"}],"curies":[{"name":"wp","href":"https:\/\/api.w.org\/{rel}","templated":true}]}}