{"id":33400,"date":"2025-12-14T19:01:38","date_gmt":"2025-12-14T19:01:38","guid":{"rendered":"https:\/\/xn--kbrsglobalstore-7kcc.com\/?post_type=product&#038;p=33400"},"modified":"2025-12-16T19:31:58","modified_gmt":"2025-12-16T19:31:58","slug":"3-slots-travel-glasses-case-foldable-hanging-glasses-sunglasses-rack-organizer-pu-leather-eyewear-holder-sunglasses-case-sunglasses-holder-sunglasses-organizer-sunglasses-eyeglass-case-protective-ca","status":"publish","type":"product","link":"https:\/\/xn--kbrsglobalstore-7kcc.com\/tr\/urun\/3-slots-travel-glasses-case-foldable-hanging-glasses-sunglasses-rack-organizer-pu-leather-eyewear-holder-sunglasses-case-sunglasses-holder-sunglasses-organizer-sunglasses-eyeglass-case-protective-ca\/","title":{"rendered":"3 B\u00f6lmeli Seyahat G\u00f6zl\u00fc\u011f\u00fc K\u0131l\u0131f\u0131, Katlanabilir As\u0131labilir G\u00f6zl\u00fck ve G\u00fcne\u015f G\u00f6zl\u00fc\u011f\u00fc D\u00fczenleyici"},"content":{"rendered":"<div class=\"ds-message _63c77b1\">\n<div class=\"ds-markdown\">\n<p class=\"ds-markdown-paragraph translation-block\">G\u00f6zl\u00fck koleksiyonunuzu en \u00fcst d\u00fczeyde yerden tasarruf sa\u011flayan \u00e7\u00f6z\u00fcmle koruyun ve d\u00fczenleyin: 3 B\u00f6lmeli Katlanabilir Seyahat G\u00f6zl\u00fck K\u0131l\u0131f\u0131. Bu dahiyane aksesuar, koruyucu sert bir k\u0131l\u0131f\u0131 \u00e7ok fonksiyonlu bir d\u00fczenleyiciyle birle\u015ftirerek vazge\u00e7ilmez bir seyahat ve yurt e\u015fyas\u0131 haline geliyor.<\/p>\n<p class=\"ds-markdown-paragraph translation-block\">\u00dcst\u00fcn kaliteli PU deriden \u00fcretilen \u015f\u0131k d\u0131\u015f y\u00fczeyi a\u00e7\u0131ld\u0131\u011f\u0131nda, \u00fc\u00e7 \u00e7ift g\u00f6zl\u00fc\u011f\u00fc veya g\u00fcne\u015f g\u00f6zl\u00fc\u011f\u00fcn\u00fc ayr\u0131 ayr\u0131 yumu\u015fak yuvalarda g\u00fcvenli bir \u015fekilde tutan, \u00e7izilmeyi ve kar\u0131\u015fmay\u0131 \u00f6nleyen katlanabilir bir ask\u0131l\u0131k ortaya \u00e7\u0131kar. Kapal\u0131yken, yast\u0131kl\u0131 i\u00e7 y\u00fczeyiyle kompakt, koruyucu bir sert k\u0131l\u0131fa d\u00f6n\u00fc\u015f\u00fcr ve makyaj \u00e7antan\u0131za, s\u0131rt \u00e7antan\u0131za veya valizinize atmak i\u00e7in m\u00fckemmeldir.<\/p>\n<p class=\"ds-markdown-paragraph translation-block\">Seyahatler, g\u00fcnl\u00fck kullan\u0131m veya makyaj masan\u0131zda da\u011f\u0131n\u0131kl\u0131\u011f\u0131 \u00f6nleyen bir makyaj d\u00fczenleyici olarak ideal olan \u00e7ok y\u00f6nl\u00fc tasar\u0131m\u0131, onu her durum i\u00e7in m\u00fckemmel bir hediye haline getiriyor. Tatiller, okula d\u00f6n\u00fc\u015f veya 2024 k\u0131\u015f\u0131 i\u00e7in olmazsa olmaz bir aksesuar olan bu d\u00fczenleyici, temel malzemelerinizi korur, d\u00fczenli tutar ve her zaman elinizin alt\u0131nda olmas\u0131n\u0131 sa\u011flar.<\/p>\n<\/div>\n<\/div>\n<div class=\"ds-theme\"><\/div>\n<div class=\"ds-flex _0a3d93b\">\n<div class=\"ds-flex _965abe9 _54866f7\">\n<div class=\"db183363 ds-icon-button ds-icon-button--m ds-icon-button--sizing-container\" tabindex=\"0\" role=\"button\" aria-disabled=\"false\">\n<div class=\"ds-icon-button__hover-bg\"><\/div>\n<div class=\"ds-icon\"><\/div>\n<div class=\"ds-focus-ring\"><\/div>\n<\/div>\n<div class=\"db183363 ds-icon-button ds-icon-button--m ds-icon-button--sizing-container\" tabindex=\"0\" role=\"button\" aria-disabled=\"false\">\n<div class=\"ds-icon-button__hover-bg\"><\/div>\n<div class=\"ds-icon\"><\/div>\n<div class=\"ds-focus-ring\"><\/div>\n<\/div>\n<div class=\"db183363 ds-icon-button ds-icon-button--m ds-icon-button--sizing-container\" tabindex=\"0\" role=\"button\" aria-disabled=\"false\">\n<div class=\"ds-icon-button__hover-bg\"><\/div>\n<div class=\"ds-icon\"><\/div>\n<div class=\"ds-focus-ring\"><\/div>\n<\/div>\n<div class=\"db183363 ds-icon-button ds-icon-button--m ds-icon-button--sizing-container\" tabindex=\"0\" role=\"button\" aria-disabled=\"false\">\n<div class=\"ds-icon-button__hover-bg\"><\/div>\n<div class=\"ds-icon\"><\/div>\n<div class=\"ds-focus-ring\"><\/div>\n<\/div>\n<div class=\"db183363 ds-icon-button ds-icon-button--m ds-icon-button--sizing-container\" tabindex=\"0\" role=\"button\" aria-disabled=\"false\">\n<div class=\"ds-icon-button__hover-bg\"><\/div>\n<div class=\"ds-icon\"><\/div>\n<\/div>\n<\/div>\n<\/div>","protected":false},"excerpt":{"rendered":"<p>Safeguard and organize your eyewear collection with the ultimate space-saving solution: the 3-Slot Foldable Travel Glasses Case. This ingenious accessory combines a protective hard case with a multi-functional organizer, making it an indispensable\u00a0travel essential and dorm essential. Crafted from premium\u00a0PU leather, its sleek exterior unfolds to reveal a\u00a0foldable hanging rack\u00a0that holds up to three pairs [&hellip;]<\/p>","protected":false},"featured_media":33401,"comment_status":"open","ping_status":"closed","template":"","meta":{"_monsterinsights_skip_tracking":false,"_monsterinsights_sitenote_active":false,"_monsterinsights_sitenote_note":"","_monsterinsights_sitenote_category":0},"product_brand":[],"product_cat":[125],"product_tag":[],"class_list":{"0":"post-33400","1":"product","2":"type-product","3":"status-publish","4":"has-post-thumbnail","6":"product_cat-bags-and-essentials","8":"first","9":"instock","10":"shipping-taxable","11":"purchasable","12":"product-type-simple"},"aioseo_notices":[],"_links":{"self":[{"href":"https:\/\/xn--kbrsglobalstore-7kcc.com\/tr\/wp-json\/wp\/v2\/product\/33400","targetHints":{"allow":["GET"]}}],"collection":[{"href":"https:\/\/xn--kbrsglobalstore-7kcc.com\/tr\/wp-json\/wp\/v2\/product"}],"about":[{"href":"https:\/\/xn--kbrsglobalstore-7kcc.com\/tr\/wp-json\/wp\/v2\/types\/product"}],"replies":[{"embeddable":true,"href":"https:\/\/xn--kbrsglobalstore-7kcc.com\/tr\/wp-json\/wp\/v2\/comments?post=33400"}],"wp:featuredmedia":[{"embeddable":true,"href":"https:\/\/xn--kbrsglobalstore-7kcc.com\/tr\/wp-json\/wp\/v2\/media\/33401"}],"wp:attachment":[{"href":"https:\/\/xn--kbrsglobalstore-7kcc.com\/tr\/wp-json\/wp\/v2\/media?parent=33400"}],"wp:term":[{"taxonomy":"product_brand","embeddable":true,"href":"https:\/\/xn--kbrsglobalstore-7kcc.com\/tr\/wp-json\/wp\/v2\/product_brand?post=33400"},{"taxonomy":"product_cat","embeddable":true,"href":"https:\/\/xn--kbrsglobalstore-7kcc.com\/tr\/wp-json\/wp\/v2\/product_cat?post=33400"},{"taxonomy":"product_tag","embeddable":true,"href":"https:\/\/xn--kbrsglobalstore-7kcc.com\/tr\/wp-json\/wp\/v2\/product_tag?post=33400"}],"curies":[{"name":"wp","href":"https:\/\/api.w.org\/{rel}","templated":true}]}}