{"id":33391,"date":"2025-12-14T18:59:41","date_gmt":"2025-12-14T18:59:41","guid":{"rendered":"https:\/\/xn--kbrsglobalstore-7kcc.com\/?post_type=product&#038;p=33391"},"modified":"2025-12-16T19:32:19","modified_gmt":"2025-12-16T19:32:19","slug":"fudeam-6pcs-beige-soft-polyamides-portable-travel-compression-storage-luggage-bag-set-organize-your-clothing-shoes-socks-and-underwear-with-ease-perfect-for-luggage-and-suitcase-packing-slogan","status":"publish","type":"product","link":"https:\/\/xn--kbrsglobalstore-7kcc.com\/tr\/urun\/fudeam-6pcs-beige-soft-polyamides-portable-travel-compression-storage-luggage-bag-set-organize-your-clothing-shoes-socks-and-underwear-with-ease-perfect-for-luggage-and-suitcase-packing-slogan\/","title":{"rendered":"FUDEAM 6 Par\u00e7al\u0131 Bej Yumu\u015fak Poliamid Ta\u015f\u0131nabilir Seyahat S\u0131k\u0131\u015ft\u0131rmal\u0131 Saklama \u00c7antas\u0131 Seti"},"content":{"rendered":"<div class=\"ds-message _63c77b1\">\n<div class=\"ds-markdown\">\n<p class=\"ds-markdown-paragraph translation-block\">FUDEAM 6 Par\u00e7al\u0131 Bej Seyahat S\u0131k\u0131\u015ft\u0131rma Saklama Seti ile daha ak\u0131ll\u0131ca paketleme yap\u0131n, daha hafif seyahat edin ve kusursuz bir \u015fekilde d\u00fczenli kal\u0131n. Bu kapsaml\u0131 bagaj \u00e7\u00f6z\u00fcm\u00fc, yumu\u015fak, dayan\u0131kl\u0131 ve su ge\u00e7irmez poliamidlerden \u00fcretilmi\u015ftir ve e\u015fyalar\u0131n\u0131z\u0131 g\u00fcvende tutarken bavulunuzu d\u00fczenli tutan \u015f\u0131k, minimalist bir bej esteti\u011fi sunar.<\/p>\n<p class=\"ds-markdown-paragraph translation-block\">Set, bavulunuzda veya valizinizde yer tasarrufu sa\u011flamak i\u00e7in giysileri, ayakkab\u0131lar\u0131, \u00e7oraplar\u0131 ve i\u00e7 \u00e7ama\u015f\u0131rlar\u0131n\u0131 ay\u0131rmak ve s\u0131k\u0131\u015ft\u0131rmak \u00fczere tasarlanm\u0131\u015f \u00f6zel s\u0131k\u0131\u015ft\u0131rma \u00e7antalar\u0131 ve d\u00fczenleyiciler i\u00e7erir. Havaland\u0131rmal\u0131 ayakkab\u0131 \u00e7antas\u0131, tuvalet \u00e7antas\u0131 ve \u00e7ama\u015f\u0131r \u00e7antas\u0131 gibi \u00f6zel b\u00f6lmeler, temiz k\u0131yafetlerden y\u0131pranm\u0131\u015f giysilere kadar her \u015feyin yerinin olmas\u0131n\u0131 sa\u011flar.<\/p>\n<p class=\"ds-markdown-paragraph translation-block\">Yurt odas\u0131 dekorasyonu, yatak odas\u0131 dekorasyonu ve yurt odas\u0131 d\u00fczenleyicileri olarak m\u00fckemmel olan bu \u00e7antalar, her t\u00fcrl\u00fc seyahat i\u00e7in ideal seyahat aksesuarlar\u0131d\u0131r. \u00dcniversite veya g\u00fcnl\u00fck ya\u015fam i\u00e7in vazge\u00e7ilmez bir par\u00e7a olan bu set, paketlemeyi bir angarya olmaktan \u00e7\u0131kar\u0131p, d\u00fczenli ve verimli bir rit\u00fcele d\u00f6n\u00fc\u015ft\u00fcr\u00fcr.<\/p>\n<\/div>\n<\/div>\n<div class=\"ds-theme\"><\/div>\n<div class=\"ds-flex _0a3d93b\">\n<div class=\"ds-flex _965abe9 _54866f7\">\n<div class=\"db183363 ds-icon-button ds-icon-button--m ds-icon-button--sizing-container\" tabindex=\"0\" role=\"button\" aria-disabled=\"false\">\n<div class=\"ds-icon-button__hover-bg\"><\/div>\n<div class=\"ds-icon\"><\/div>\n<div class=\"ds-focus-ring\"><\/div>\n<\/div>\n<div class=\"db183363 ds-icon-button ds-icon-button--m ds-icon-button--sizing-container\" tabindex=\"0\" role=\"button\" aria-disabled=\"false\">\n<div class=\"ds-icon-button__hover-bg\"><\/div>\n<div class=\"ds-icon\"><\/div>\n<div class=\"ds-focus-ring\"><\/div>\n<\/div>\n<div class=\"db183363 ds-icon-button ds-icon-button--m ds-icon-button--sizing-container\" tabindex=\"0\" role=\"button\" aria-disabled=\"false\">\n<div class=\"ds-icon-button__hover-bg\"><\/div>\n<div class=\"ds-icon\"><\/div>\n<div class=\"ds-focus-ring\"><\/div>\n<\/div>\n<div class=\"db183363 ds-icon-button ds-icon-button--m ds-icon-button--sizing-container\" tabindex=\"0\" role=\"button\" aria-disabled=\"false\">\n<div class=\"ds-icon-button__hover-bg\"><\/div>\n<div class=\"ds-icon\"><\/div>\n<div class=\"ds-focus-ring\"><\/div>\n<\/div>\n<div class=\"db183363 ds-icon-button ds-icon-button--m ds-icon-button--sizing-container\" tabindex=\"0\" role=\"button\" aria-disabled=\"false\">\n<div class=\"ds-icon-button__hover-bg\"><\/div>\n<div class=\"ds-icon\"><\/div>\n<\/div>\n<\/div>\n<\/div>","protected":false},"excerpt":{"rendered":"<p>Pack smarter, travel lighter, and stay impeccably organized with the FUDEAM 6-Piece Beige Travel Compression Storage Set. This comprehensive luggage solution is crafted from soft, durable, and\u00a0waterproof polyamides, offering a chic, minimalist beige aesthetic that keeps your belongings secure and your suitcase tidy. The set includes specialized\u00a0compression bags\u00a0and organizers designed to\u00a0separate and compress clothing, shoes, [&hellip;]<\/p>","protected":false},"featured_media":33392,"comment_status":"open","ping_status":"closed","template":"","meta":{"_monsterinsights_skip_tracking":false,"_monsterinsights_sitenote_active":false,"_monsterinsights_sitenote_note":"","_monsterinsights_sitenote_category":0},"product_brand":[],"product_cat":[125],"product_tag":[],"class_list":{"0":"post-33391","1":"product","2":"type-product","3":"status-publish","4":"has-post-thumbnail","6":"product_cat-bags-and-essentials","8":"first","9":"instock","10":"shipping-taxable","11":"purchasable","12":"product-type-simple"},"aioseo_notices":[],"_links":{"self":[{"href":"https:\/\/xn--kbrsglobalstore-7kcc.com\/tr\/wp-json\/wp\/v2\/product\/33391","targetHints":{"allow":["GET"]}}],"collection":[{"href":"https:\/\/xn--kbrsglobalstore-7kcc.com\/tr\/wp-json\/wp\/v2\/product"}],"about":[{"href":"https:\/\/xn--kbrsglobalstore-7kcc.com\/tr\/wp-json\/wp\/v2\/types\/product"}],"replies":[{"embeddable":true,"href":"https:\/\/xn--kbrsglobalstore-7kcc.com\/tr\/wp-json\/wp\/v2\/comments?post=33391"}],"wp:featuredmedia":[{"embeddable":true,"href":"https:\/\/xn--kbrsglobalstore-7kcc.com\/tr\/wp-json\/wp\/v2\/media\/33392"}],"wp:attachment":[{"href":"https:\/\/xn--kbrsglobalstore-7kcc.com\/tr\/wp-json\/wp\/v2\/media?parent=33391"}],"wp:term":[{"taxonomy":"product_brand","embeddable":true,"href":"https:\/\/xn--kbrsglobalstore-7kcc.com\/tr\/wp-json\/wp\/v2\/product_brand?post=33391"},{"taxonomy":"product_cat","embeddable":true,"href":"https:\/\/xn--kbrsglobalstore-7kcc.com\/tr\/wp-json\/wp\/v2\/product_cat?post=33391"},{"taxonomy":"product_tag","embeddable":true,"href":"https:\/\/xn--kbrsglobalstore-7kcc.com\/tr\/wp-json\/wp\/v2\/product_tag?post=33391"}],"curies":[{"name":"wp","href":"https:\/\/api.w.org\/{rel}","templated":true}]}}