{"id":33378,"date":"2025-12-14T15:42:42","date_gmt":"2025-12-14T15:42:42","guid":{"rendered":"https:\/\/xn--kbrsglobalstore-7kcc.com\/?post_type=product&#038;p=33378"},"modified":"2025-12-17T20:24:54","modified_gmt":"2025-12-17T20:24:54","slug":"1pc-high-quality-portable-travel-shoe-bag-underwear-clothes-bags-double-single-layer-organizer-storage-multifunction-accessoriesmake-your-suitcase-more-organized-travel-organizer-drawstring-shoes-pou","status":"publish","type":"product","link":"https:\/\/xn--kbrsglobalstore-7kcc.com\/tr\/urun\/1pc-high-quality-portable-travel-shoe-bag-underwear-clothes-bags-double-single-layer-organizer-storage-multifunction-accessoriesmake-your-suitcase-more-organized-travel-organizer-drawstring-shoes-pou\/","title":{"rendered":"Ta\u015f\u0131nabilir Seyahat Ayakkab\u0131 \u00c7antas\u0131 \u0130\u00e7 \u00c7ama\u015f\u0131r\u0131 Giysi \u00c7antas\u0131 \u00c7ift\/Tek Katl\u0131 D\u00fczenleyici"},"content":{"rendered":"<div class=\"dad65929\">\n<div class=\"_4f9bf79 d7dc56a8 _43c05b5\">\n<div class=\"ds-message _63c77b1\">\n<div class=\"ds-markdown\">\n<p class=\"ds-markdown-paragraph translation-block\">En \u00fcst d\u00fczey d\u00fczenleme arac\u0131 olan Ta\u015f\u0131nabilir Seyahat Ayakkab\u0131 ve D\u00fczenleyici \u00c7anta ile valizinizi bir \u00fcst seviyeye ta\u015f\u0131y\u0131n. Bu y\u00fcksek kaliteli, \u00e7ok fonksiyonlu aksesuar, e\u015fyalar\u0131n\u0131z\u0131 b\u00f6l\u00fcmlere ay\u0131rarak, temiz ve kolay eri\u015filebilir bir \u015fekilde saklaman\u0131z\u0131 sa\u011flamak i\u00e7in uzmanl\u0131kla tasarlanm\u0131\u015ft\u0131r.<\/p>\n<p class=\"ds-markdown-paragraph translation-block\">Ak\u0131ll\u0131 bir \u00e7ift katmanl\u0131\/tek katmanl\u0131 tasar\u0131ma sahip olan ana b\u00f6lme ayakkab\u0131lar\u0131 g\u00fcvenli bir \u015fekilde saklarken, ayr\u0131 i\u00e7 cepler veya b\u00f6lmeler i\u00e7 \u00e7ama\u015f\u0131rlar\u0131n\u0131, \u00e7oraplar\u0131 veya k\u00fc\u00e7\u00fck k\u0131yafetleri m\u00fckemmel bir \u015fekilde d\u00fczenler. Kilitli b\u00fczg\u00fcl\u00fc kapatma, e\u015fyalar\u0131n i\u00e7eride kalmas\u0131n\u0131 sa\u011flar ve dayan\u0131kl\u0131 kuma\u015f, temiz k\u0131yafetleriniz ve ayakkab\u0131lar\u0131n\u0131z i\u00e7in m\u00fckemmel toz ge\u00e7irmez koruma sa\u011flar.<\/p>\n<p class=\"ds-markdown-paragraph translation-block\">Kompakt, hafif ve inan\u0131lmaz derecede \u00e7ok y\u00f6nl\u00fc olan bu \u00e7anta, hem erkekler hem de kad\u0131nlar i\u00e7in vazge\u00e7ilmez bir seyahat aksesuar\u0131d\u0131r. Seyahatler, tatiller veya i\u015f gezileri i\u00e7in m\u00fckemmel olan bu \u00e7anta, da\u011f\u0131n\u0131k valizleri d\u00fczen ve verimlilik \u00f6rneklerine d\u00f6n\u00fc\u015ft\u00fcrmek i\u00e7in bir paketleme k\u00fcp\u00fc olarak sorunsuz bir \u015fekilde \u00e7al\u0131\u015f\u0131r.<\/p>\n<\/div>\n<\/div>\n<div class=\"ds-theme\"><\/div>\n<div class=\"ds-flex _0a3d93b\">\n<div class=\"ds-flex _965abe9 _54866f7\">\n<div class=\"db183363 ds-icon-button ds-icon-button--m ds-icon-button--sizing-container\" tabindex=\"0\" role=\"button\" aria-disabled=\"false\">\n<div class=\"ds-icon-button__hover-bg\"><\/div>\n<div class=\"ds-icon\"><\/div>\n<div class=\"ds-focus-ring\"><\/div>\n<\/div>\n<div class=\"db183363 ds-icon-button ds-icon-button--m ds-icon-button--sizing-container\" tabindex=\"0\" role=\"button\" aria-disabled=\"false\">\n<div class=\"ds-icon-button__hover-bg\"><\/div>\n<div class=\"ds-icon\"><\/div>\n<div class=\"ds-focus-ring\"><\/div>\n<\/div>\n<div class=\"db183363 ds-icon-button ds-icon-button--m ds-icon-button--sizing-container\" tabindex=\"0\" role=\"button\" aria-disabled=\"false\">\n<div class=\"ds-icon-button__hover-bg\"><\/div>\n<div class=\"ds-icon\"><\/div>\n<div class=\"ds-focus-ring\"><\/div>\n<\/div>\n<div class=\"db183363 ds-icon-button ds-icon-button--m ds-icon-button--sizing-container\" tabindex=\"0\" role=\"button\" aria-disabled=\"false\">\n<div class=\"ds-icon-button__hover-bg\"><\/div>\n<div class=\"ds-icon\"><\/div>\n<div class=\"ds-focus-ring\"><\/div>\n<\/div>\n<div class=\"db183363 ds-icon-button ds-icon-button--m ds-icon-button--sizing-container\" tabindex=\"0\" role=\"button\" aria-disabled=\"false\">\n<div class=\"ds-icon-button__hover-bg\"><\/div>\n<div class=\"ds-icon\"><\/div>\n<div class=\"ds-focus-ring\"><\/div>\n<\/div>\n<\/div>\n<div><\/div>\n<\/div>\n<\/div>\n<\/div>\n<div class=\"_871cbca\">\n<div class=\"d72636e2\"><\/div>\n<div class=\"aaff8b8f\">\n<div class=\"_77cefa5 _3d616d3\">\n<div class=\"_020ab5b\">\n<div class=\"_24fad49\">\n<div class=\"ds-scroll-area__gutters\">\n<div class=\"ds-scroll-area__horizontal-gutter\"><\/div>\n<div class=\"ds-scroll-area__vertical-gutter\"><\/div>\n<\/div>\n<p><textarea class=\"_27c9245 ds-scroll-area d96f2d2a\" rows=\"2\" placeholder=\"Message DeepSeek\"><\/textarea><\/p>\n<div class=\"b13855df\"><\/div>\n<\/div>\n<div class=\"ec4f5d61\">\n<div class=\"bf38813a\">\n<div class=\"f02f0e25 ds-icon-button ds-icon-button--l ds-icon-button--sizing-container\" tabindex=\"0\" role=\"button\" aria-disabled=\"false\">\n<div class=\"ds-icon-button__hover-bg\"><\/div>\n<div class=\"ds-icon\"><\/div>\n<\/div>\n<\/div>\n<\/div>\n<\/div>\n<\/div>\n<\/div>\n<\/div>","protected":false},"excerpt":{"rendered":"<p>Elevate your packing game with the ultimate organization essential: the Portable Travel Shoe &amp; Organizer Bag. This\u00a0high-quality, multifunction accessory\u00a0is expertly designed to compartmentalize your luggage, keeping your belongings separated, clean, and easily accessible. Featuring a smart\u00a0double-layer\/single layer design, the main compartment securely holds shoes, while separate interior pockets or sections perfectly organize\u00a0underwear, socks, or smaller [&hellip;]<\/p>","protected":false},"featured_media":33379,"comment_status":"open","ping_status":"closed","template":"","meta":{"_monsterinsights_skip_tracking":false,"_monsterinsights_sitenote_active":false,"_monsterinsights_sitenote_note":"","_monsterinsights_sitenote_category":0},"product_brand":[],"product_cat":[122,125],"product_tag":[],"class_list":{"0":"post-33378","1":"product","2":"type-product","3":"status-publish","4":"has-post-thumbnail","6":"product_cat-bags-luggages","7":"product_cat-bags-and-essentials","9":"first","10":"instock","11":"shipping-taxable","12":"purchasable","13":"product-type-simple"},"aioseo_notices":[],"_links":{"self":[{"href":"https:\/\/xn--kbrsglobalstore-7kcc.com\/tr\/wp-json\/wp\/v2\/product\/33378","targetHints":{"allow":["GET"]}}],"collection":[{"href":"https:\/\/xn--kbrsglobalstore-7kcc.com\/tr\/wp-json\/wp\/v2\/product"}],"about":[{"href":"https:\/\/xn--kbrsglobalstore-7kcc.com\/tr\/wp-json\/wp\/v2\/types\/product"}],"replies":[{"embeddable":true,"href":"https:\/\/xn--kbrsglobalstore-7kcc.com\/tr\/wp-json\/wp\/v2\/comments?post=33378"}],"wp:featuredmedia":[{"embeddable":true,"href":"https:\/\/xn--kbrsglobalstore-7kcc.com\/tr\/wp-json\/wp\/v2\/media\/33379"}],"wp:attachment":[{"href":"https:\/\/xn--kbrsglobalstore-7kcc.com\/tr\/wp-json\/wp\/v2\/media?parent=33378"}],"wp:term":[{"taxonomy":"product_brand","embeddable":true,"href":"https:\/\/xn--kbrsglobalstore-7kcc.com\/tr\/wp-json\/wp\/v2\/product_brand?post=33378"},{"taxonomy":"product_cat","embeddable":true,"href":"https:\/\/xn--kbrsglobalstore-7kcc.com\/tr\/wp-json\/wp\/v2\/product_cat?post=33378"},{"taxonomy":"product_tag","embeddable":true,"href":"https:\/\/xn--kbrsglobalstore-7kcc.com\/tr\/wp-json\/wp\/v2\/product_tag?post=33378"}],"curies":[{"name":"wp","href":"https:\/\/api.w.org\/{rel}","templated":true}]}}