{"id":33364,"date":"2025-12-14T15:38:36","date_gmt":"2025-12-14T15:38:36","guid":{"rendered":"https:\/\/xn--kbrsglobalstore-7kcc.com\/?post_type=product&#038;p=33364"},"modified":"2025-12-16T19:34:14","modified_gmt":"2025-12-16T19:34:14","slug":"7pcs-pink-professional-makeup-brush-set-including-blush-brush-loose-powder-brush-concealer-brush-eye-shadow-brush-suitable-for-travel-gift-packagebrush-setmakeup-brush-kitmake-up-brush-setma","status":"publish","type":"product","link":"https:\/\/xn--kbrsglobalstore-7kcc.com\/tr\/urun\/7pcs-pink-professional-makeup-brush-set-including-blush-brush-loose-powder-brush-concealer-brush-eye-shadow-brush-suitable-for-travel-gift-packagebrush-setmakeup-brush-kitmake-up-brush-setma\/","title":{"rendered":"7 Par\u00e7al\u0131 Pembe Profesyonel Makyaj F\u0131r\u00e7as\u0131 Seti"},"content":{"rendered":"<div class=\"ds-message _63c77b1\">\n<div class=\"ds-markdown\">\n<p class=\"ds-markdown-paragraph translation-block\">7 Par\u00e7al\u0131 Pembe Profesyonel Makyaj F\u0131r\u00e7a Seti ile kusursuz, profesyonel d\u00fczeyde bir uygulama elde edin. Bu kapsaml\u0131 ve seyahate uygun set, hem yeni ba\u015flayanlar hem de makyaj tutkunlar\u0131 i\u00e7in eksiksiz ve \u015f\u0131k bir g\u00f6r\u00fcn\u00fcm yaratmak \u00fczere tasarlanm\u0131\u015f t\u00fcm temel f\u0131r\u00e7alar\u0131 (all\u0131k, pudra, kapat\u0131c\u0131 ve g\u00f6z far\u0131 f\u0131r\u00e7alar\u0131) i\u00e7erir.<\/p>\n<p class=\"ds-markdown-paragraph\">Her f\u0131r\u00e7a, hayvanlar \u00fczerinde test edilmemi\u015f, ultra yumu\u015fak sentetik k\u0131llara sahiptir ve kusursuz kar\u0131\u015ft\u0131rma, hassas kont\u00fcrleme ve e\u015fit kapat\u0131c\u0131l\u0131k i\u00e7in ustaca \u015fekillendirilmi\u015ftir. Zarif pembe saplar\u0131 ve \u015f\u0131k saklama kutusu, bu seti yaln\u0131zca y\u00fcksek performansl\u0131 bir ara\u00e7 de\u011fil, ayn\u0131 zamanda makyaj masan\u0131z veya seyahat halindeyken r\u00f6tu\u015flar\u0131n\u0131z i\u00e7in \u015f\u0131k bir aksesuar haline getiriyor.<\/p>\n<p class=\"ds-markdown-paragraph translation-block\">\u015e\u0131k bir hediye paketinde sunulan bu set, her t\u00fcrl\u00fc \u00f6zel g\u00fcn i\u00e7in m\u00fckemmel bir makyaj hediye setidir. Kendinizi veya sevdiklerinizi \u015f\u0131martmak i\u00e7in olsun, bu eksiksiz makyaj seti, evde veya seyahatte \u00e7ok y\u00f6nl\u00fc ve y\u00fcksek kaliteli bir makyaj rutini i\u00e7in gereken her \u015feyi sunar.<\/p>\n<\/div>\n<\/div>\n<div class=\"ds-theme\"><\/div>\n<div class=\"ds-flex _0a3d93b\">\n<div class=\"ds-flex _965abe9 _54866f7\">\n<div class=\"db183363 ds-icon-button ds-icon-button--m ds-icon-button--sizing-container\" tabindex=\"0\" role=\"button\" aria-disabled=\"false\">\n<div class=\"ds-icon-button__hover-bg\"><\/div>\n<div class=\"ds-icon\"><\/div>\n<div class=\"ds-focus-ring\"><\/div>\n<\/div>\n<div class=\"db183363 ds-icon-button ds-icon-button--m ds-icon-button--sizing-container\" tabindex=\"0\" role=\"button\" aria-disabled=\"false\">\n<div class=\"ds-icon-button__hover-bg\"><\/div>\n<div class=\"ds-icon\"><\/div>\n<div class=\"ds-focus-ring\"><\/div>\n<\/div>\n<div class=\"db183363 ds-icon-button ds-icon-button--m ds-icon-button--sizing-container\" tabindex=\"0\" role=\"button\" aria-disabled=\"false\">\n<div class=\"ds-icon-button__hover-bg\"><\/div>\n<div class=\"ds-icon\"><\/div>\n<div class=\"ds-focus-ring\"><\/div>\n<\/div>\n<div class=\"db183363 ds-icon-button ds-icon-button--m ds-icon-button--sizing-container\" tabindex=\"0\" role=\"button\" aria-disabled=\"false\">\n<div class=\"ds-icon-button__hover-bg\"><\/div>\n<div class=\"ds-icon\"><\/div>\n<div class=\"ds-focus-ring\"><\/div>\n<\/div>\n<div class=\"db183363 ds-icon-button ds-icon-button--m ds-icon-button--sizing-container\" tabindex=\"0\" role=\"button\" aria-disabled=\"false\">\n<div class=\"ds-icon-button__hover-bg\"><\/div>\n<div class=\"ds-icon\"><\/div>\n<\/div>\n<\/div>\n<\/div>","protected":false},"excerpt":{"rendered":"<p>Achieve a flawless, professional-grade application with the 7-Piece Pink Professional Makeup Brush Set. This comprehensive and travel-ready kit includes all the essential brushes\u2014blush, loose powder, concealer, and eye shadow brushes\u2014designed for both beginners and makeup enthusiasts to create a complete, polished look. Each brush features ultra-soft, synthetic bristles that are cruelty-free and expertly shaped for [&hellip;]<\/p>","protected":false},"featured_media":33366,"comment_status":"open","ping_status":"closed","template":"","meta":{"_monsterinsights_skip_tracking":false,"_monsterinsights_sitenote_active":false,"_monsterinsights_sitenote_note":"","_monsterinsights_sitenote_category":0},"product_brand":[],"product_cat":[15,123],"product_tag":[],"class_list":{"0":"post-33364","1":"product","2":"type-product","3":"status-publish","4":"has-post-thumbnail","6":"product_cat-uncategorized","7":"product_cat-makeup-beauty","9":"first","10":"instock","11":"shipping-taxable","12":"purchasable","13":"product-type-simple"},"aioseo_notices":[],"_links":{"self":[{"href":"https:\/\/xn--kbrsglobalstore-7kcc.com\/tr\/wp-json\/wp\/v2\/product\/33364","targetHints":{"allow":["GET"]}}],"collection":[{"href":"https:\/\/xn--kbrsglobalstore-7kcc.com\/tr\/wp-json\/wp\/v2\/product"}],"about":[{"href":"https:\/\/xn--kbrsglobalstore-7kcc.com\/tr\/wp-json\/wp\/v2\/types\/product"}],"replies":[{"embeddable":true,"href":"https:\/\/xn--kbrsglobalstore-7kcc.com\/tr\/wp-json\/wp\/v2\/comments?post=33364"}],"wp:featuredmedia":[{"embeddable":true,"href":"https:\/\/xn--kbrsglobalstore-7kcc.com\/tr\/wp-json\/wp\/v2\/media\/33366"}],"wp:attachment":[{"href":"https:\/\/xn--kbrsglobalstore-7kcc.com\/tr\/wp-json\/wp\/v2\/media?parent=33364"}],"wp:term":[{"taxonomy":"product_brand","embeddable":true,"href":"https:\/\/xn--kbrsglobalstore-7kcc.com\/tr\/wp-json\/wp\/v2\/product_brand?post=33364"},{"taxonomy":"product_cat","embeddable":true,"href":"https:\/\/xn--kbrsglobalstore-7kcc.com\/tr\/wp-json\/wp\/v2\/product_cat?post=33364"},{"taxonomy":"product_tag","embeddable":true,"href":"https:\/\/xn--kbrsglobalstore-7kcc.com\/tr\/wp-json\/wp\/v2\/product_tag?post=33364"}],"curies":[{"name":"wp","href":"https:\/\/api.w.org\/{rel}","templated":true}]}}