{"id":33354,"date":"2025-12-14T15:36:18","date_gmt":"2025-12-14T15:36:18","guid":{"rendered":"https:\/\/xn--kbrsglobalstore-7kcc.com\/?post_type=product&#038;p=33354"},"modified":"2025-12-16T19:34:27","modified_gmt":"2025-12-16T19:34:27","slug":"sheglam-lip-rules-liner-gloss-pen-play-fair-2-in-1-moisturizing-liquid-lipstick-dewy-high-pigment-lipliner-lip-combo-hydrating-reduce-lip-fine-lines-lip-makeup-brand-beauty-makeup-face-paint-cosmeti","status":"publish","type":"product","link":"https:\/\/xn--kbrsglobalstore-7kcc.com\/tr\/urun\/sheglam-lip-rules-liner-gloss-pen-play-fair-2-in-1-moisturizing-liquid-lipstick-dewy-high-pigment-lipliner-lip-combo-hydrating-reduce-lip-fine-lines-lip-makeup-brand-beauty-makeup-face-paint-cosmeti\/","title":{"rendered":"SHEGLAM Lip Rules Dudak Kalemi ve Parlat\u0131c\u0131 Kalem - Play Fair 2'si 1 Arada Nemlendirici S\u0131v\u0131 Ruj"},"content":{"rendered":"<div class=\"ds-message _63c77b1\">\n<div class=\"ds-markdown\">\n<p class=\"ds-markdown-paragraph translation-block\">SHEGLAM Lip Rules Liner &amp; Gloss Pen Play Fair ile iki a\u015famal\u0131 bir dudak d\u00f6n\u00fc\u015f\u00fcm\u00fc ger\u00e7ekle\u015ftirin. Bu yenilik\u00e7i <strong>2'si 1 arada nemlendirici likit ruj<\/strong> ikilisi, hassas, y\u00fcksek pigmentli bir dudak kalemi ile nemlendirici, \u0131\u015f\u0131lt\u0131l\u0131 bir dudak parlat\u0131c\u0131s\u0131n\u0131 tek bir \u015f\u0131k kalemde birle\u015ftirerek dudaklar\u0131n\u0131z\u0131 saniyeler i\u00e7inde belirginle\u015ftirmenizi, renklendirmenizi ve m\u00fckemmelle\u015ftirmenizi sa\u011flar.<\/p>\n<p class=\"ds-markdown-paragraph translation-block\">Ultra ince u\u00e7lu eyeliner, zahmetsizce keskin ve temiz bir kont\u00fcr olu\u015fturur ve ince \u00e7izgilerin g\u00f6r\u00fcn\u00fcm\u00fcn\u00fc azaltan zengin, uzun s\u00fcre kal\u0131c\u0131 bir renkle doldurur. \u0130kinci ad\u0131m\u0131 ortaya \u00e7\u0131karmak i\u00e7in \u00e7evirmeniz yeterli: daha dolgun ve gen\u00e7 bir g\u00f6r\u00fcn\u00fcm i\u00e7in nemlendirici ve dolgunla\u015ft\u0131r\u0131c\u0131 bir etki sa\u011flayan, yo\u011fun parlakl\u0131kta bir dudak parlat\u0131c\u0131s\u0131. Form\u00fcl\u00fc yo\u011fun bir \u015fekilde nemlendiricidir ve rahat, kurutmayan ve kal\u0131c\u0131 bir kullan\u0131m sa\u011flar.<\/p>\n<p class=\"ds-markdown-paragraph translation-block\">Y2K'den ilham alan \u015f\u0131k moda \u00e7ekicili\u011fi ve evrensel olarak herkese yak\u0131\u015fan tonuyla bu dudak kombinasyonu, ideal bir k\u0131\u015f \u00fcr\u00fcn\u00fc ve kad\u0131nlar ve k\u0131zlar i\u00e7in m\u00fckemmel bir do\u011fum g\u00fcn\u00fc veya Noel hediyesi. Bu \u00e7ok y\u00f6nl\u00fc, olmazsa olmaz g\u00fczellik \u00fcr\u00fcn\u00fcyle g\u00fcnd\u00fczden partiye haz\u0131r hale gelin.<\/p>\n<\/div>\n<\/div>\n<div class=\"ds-theme\"><\/div>\n<div class=\"ds-flex _0a3d93b\">\n<div class=\"ds-flex _965abe9 _54866f7\">\n<div class=\"db183363 ds-icon-button ds-icon-button--m ds-icon-button--sizing-container\" tabindex=\"0\" role=\"button\" aria-disabled=\"false\">\n<div class=\"ds-icon-button__hover-bg\"><\/div>\n<div class=\"ds-icon\"><\/div>\n<div class=\"ds-focus-ring\"><\/div>\n<\/div>\n<div class=\"db183363 ds-icon-button ds-icon-button--m ds-icon-button--sizing-container\" tabindex=\"0\" role=\"button\" aria-disabled=\"false\">\n<div class=\"ds-icon-button__hover-bg\"><\/div>\n<div class=\"ds-icon\"><\/div>\n<div class=\"ds-focus-ring\"><\/div>\n<\/div>\n<div class=\"db183363 ds-icon-button ds-icon-button--m ds-icon-button--sizing-container\" tabindex=\"0\" role=\"button\" aria-disabled=\"false\">\n<div class=\"ds-icon-button__hover-bg\"><\/div>\n<div class=\"ds-icon\"><\/div>\n<div class=\"ds-focus-ring\"><\/div>\n<\/div>\n<div class=\"db183363 ds-icon-button ds-icon-button--m ds-icon-button--sizing-container\" tabindex=\"0\" role=\"button\" aria-disabled=\"false\">\n<div class=\"ds-icon-button__hover-bg\"><\/div>\n<div class=\"ds-icon\"><\/div>\n<div class=\"ds-focus-ring\"><\/div>\n<\/div>\n<div class=\"db183363 ds-icon-button ds-icon-button--m ds-icon-button--sizing-container\" tabindex=\"0\" role=\"button\" aria-disabled=\"false\">\n<div class=\"ds-icon-button__hover-bg\"><\/div>\n<div class=\"ds-icon\"><\/div>\n<\/div>\n<\/div>\n<\/div>","protected":false},"excerpt":{"rendered":"<p>Unlock a two-step lip transformation with the SHEGLAM Lip Rules Liner &amp; Gloss Pen in Play Fair. This innovative\u00a02-in-1 moisturizing liquid lipstick\u00a0duo combines a precise, high-pigment lipliner with a dewy, hydrating gloss in one sleek pen, designed to define, color, and perfect your pout in seconds. The ultra-fine liner tip effortlessly creates a sharp, clean [&hellip;]<\/p>","protected":false},"featured_media":33355,"comment_status":"open","ping_status":"closed","template":"","meta":{"_monsterinsights_skip_tracking":false,"_monsterinsights_sitenote_active":false,"_monsterinsights_sitenote_note":"","_monsterinsights_sitenote_category":0},"product_brand":[],"product_cat":[15,123],"product_tag":[],"class_list":{"0":"post-33354","1":"product","2":"type-product","3":"status-publish","4":"has-post-thumbnail","6":"product_cat-uncategorized","7":"product_cat-makeup-beauty","9":"first","10":"instock","11":"shipping-taxable","12":"purchasable","13":"product-type-simple"},"aioseo_notices":[],"_links":{"self":[{"href":"https:\/\/xn--kbrsglobalstore-7kcc.com\/tr\/wp-json\/wp\/v2\/product\/33354","targetHints":{"allow":["GET"]}}],"collection":[{"href":"https:\/\/xn--kbrsglobalstore-7kcc.com\/tr\/wp-json\/wp\/v2\/product"}],"about":[{"href":"https:\/\/xn--kbrsglobalstore-7kcc.com\/tr\/wp-json\/wp\/v2\/types\/product"}],"replies":[{"embeddable":true,"href":"https:\/\/xn--kbrsglobalstore-7kcc.com\/tr\/wp-json\/wp\/v2\/comments?post=33354"}],"wp:featuredmedia":[{"embeddable":true,"href":"https:\/\/xn--kbrsglobalstore-7kcc.com\/tr\/wp-json\/wp\/v2\/media\/33355"}],"wp:attachment":[{"href":"https:\/\/xn--kbrsglobalstore-7kcc.com\/tr\/wp-json\/wp\/v2\/media?parent=33354"}],"wp:term":[{"taxonomy":"product_brand","embeddable":true,"href":"https:\/\/xn--kbrsglobalstore-7kcc.com\/tr\/wp-json\/wp\/v2\/product_brand?post=33354"},{"taxonomy":"product_cat","embeddable":true,"href":"https:\/\/xn--kbrsglobalstore-7kcc.com\/tr\/wp-json\/wp\/v2\/product_cat?post=33354"},{"taxonomy":"product_tag","embeddable":true,"href":"https:\/\/xn--kbrsglobalstore-7kcc.com\/tr\/wp-json\/wp\/v2\/product_tag?post=33354"}],"curies":[{"name":"wp","href":"https:\/\/api.w.org\/{rel}","templated":true}]}}