{"id":33344,"date":"2025-12-14T15:30:45","date_gmt":"2025-12-14T15:30:45","guid":{"rendered":"https:\/\/xn--kbrsglobalstore-7kcc.com\/?post_type=product&#038;p=33344"},"modified":"2025-12-16T19:34:45","modified_gmt":"2025-12-16T19:34:45","slug":"maange-13-14-16-17-22pcs-professional-soft-long-aluminum-tube-makeup-brush-setsoft-foundation-brush-eyeshadow-brush-eyebrow-brush-blending-brushhighlight-brushconcealer-brushmakeup-brush-for-po","status":"publish","type":"product","link":"https:\/\/xn--kbrsglobalstore-7kcc.com\/tr\/urun\/maange-13-14-16-17-22pcs-professional-soft-long-aluminum-tube-makeup-brush-setsoft-foundation-brush-eyeshadow-brush-eyebrow-brush-blending-brushhighlight-brushconcealer-brushmakeup-brush-for-po\/","title":{"rendered":"MAANGE 13\/14\/16\/17\/22 Par\u00e7a Profesyonel Yumu\u015fak Uzun Al\u00fcminyum T\u00fcp Makyaj F\u0131r\u00e7as\u0131 Seti"},"content":{"rendered":"<div class=\"ds-message _63c77b1\">\n<div class=\"ds-markdown\">\n<p class=\"ds-markdown-paragraph translation-block\">MAANGE Profesyonel Makyaj F\u0131r\u00e7a Seti ile salon kalitesinde makyaj sanat\u0131n\u0131 deneyimleyin. Birden fazla boyutta (13 ila 22 par\u00e7a) bulunan bu kapsaml\u0131 set, \u00fcst\u00fcn bir his, m\u00fckemmel denge ve her t\u00fcrl\u00fc makyaj rutini i\u00e7in profesyonel dayan\u0131kl\u0131l\u0131k sunan yumu\u015fak, uzun al\u00fcminyum t\u00fcplerden ustal\u0131kla \u00fcretilmi\u015ftir.<\/p>\n<p class=\"ds-markdown-paragraph translation-block\">Her f\u0131r\u00e7a, cilde nazik davranan ve kusursuz uygulama i\u00e7in ustaca \u015fekillendirilmi\u015f, ultra yo\u011fun, l\u00fcks derecede yumu\u015fak sentetik k\u0131llara sahiptir. Set, her t\u00fcrl\u00fc temel arac\u0131 i\u00e7erir: yumu\u015fak bir fond\u00f6ten f\u0131r\u00e7as\u0131, \u00e7ok y\u00f6nl\u00fc g\u00f6z far\u0131 ve kar\u0131\u015ft\u0131rma f\u0131r\u00e7alar\u0131, hassas bir ka\u015f f\u0131r\u00e7as\u0131, ayd\u0131nlat\u0131c\u0131 f\u0131r\u00e7as\u0131, kapat\u0131c\u0131 f\u0131r\u00e7as\u0131 ve daha fazlas\u0131; bu da pudra, s\u0131v\u0131 ve krem \u200b\u200b\u00fcr\u00fcnleri kusursuz bir hassasiyetle uygulamak i\u00e7in idealdir.<\/p>\n<p class=\"ds-markdown-paragraph translation-block\">G\u00fcnl\u00fck kullan\u0131m ve seyahat i\u00e7in m\u00fckemmel olan bu f\u0131r\u00e7alar, hem yeni ba\u015flayanlar hem de profesyoneller i\u00e7in olmazsa olmazd\u0131r. G\u00fczelce paketlenmi\u015f bu set, arkada\u015flar i\u00e7in zarif ve d\u00fc\u015f\u00fcnceli bir makyaj hediye seti veya her seferinde profesyonel sonu\u00e7lar veren eksiksiz bir makyaj setine ki\u015fisel bir y\u00fckseltme olarak idealdir.<\/p>\n<\/div>\n<\/div>\n<div class=\"ds-theme\"><\/div>\n<div class=\"ds-flex _0a3d93b\">\n<div class=\"ds-flex _965abe9 _54866f7\">\n<div class=\"db183363 ds-icon-button ds-icon-button--m ds-icon-button--sizing-container\" tabindex=\"0\" role=\"button\" aria-disabled=\"false\">\n<div class=\"ds-icon-button__hover-bg\"><\/div>\n<div class=\"ds-icon\"><\/div>\n<div class=\"ds-focus-ring\"><\/div>\n<\/div>\n<div class=\"db183363 ds-icon-button ds-icon-button--m ds-icon-button--sizing-container\" tabindex=\"0\" role=\"button\" aria-disabled=\"false\">\n<div class=\"ds-icon-button__hover-bg\"><\/div>\n<div class=\"ds-icon\"><\/div>\n<div class=\"ds-focus-ring\"><\/div>\n<\/div>\n<div class=\"db183363 ds-icon-button ds-icon-button--m ds-icon-button--sizing-container\" tabindex=\"0\" role=\"button\" aria-disabled=\"false\">\n<div class=\"ds-icon-button__hover-bg\"><\/div>\n<div class=\"ds-icon\"><\/div>\n<div class=\"ds-focus-ring\"><\/div>\n<\/div>\n<div class=\"db183363 ds-icon-button ds-icon-button--m ds-icon-button--sizing-container\" tabindex=\"0\" role=\"button\" aria-disabled=\"false\">\n<div class=\"ds-icon-button__hover-bg\"><\/div>\n<div class=\"ds-icon\"><\/div>\n<div class=\"ds-focus-ring\"><\/div>\n<\/div>\n<div class=\"db183363 ds-icon-button ds-icon-button--m ds-icon-button--sizing-container\" tabindex=\"0\" role=\"button\" aria-disabled=\"false\">\n<div class=\"ds-icon-button__hover-bg\"><\/div>\n<div class=\"ds-icon\"><\/div>\n<\/div>\n<\/div>\n<\/div>","protected":false},"excerpt":{"rendered":"<p>Experience salon-quality artistry with the MAANGE Professional Makeup Brush Set. This comprehensive kit, available in multiple sizes (13 to 22 pieces), is expertly crafted with\u00a0soft, long aluminum tubes\u00a0that offer a premium feel, perfect balance, and professional durability for any makeup routine. Each brush features ultra-dense,\u00a0luxuriously soft synthetic bristles\u00a0that are gentle on the skin and expertly [&hellip;]<\/p>","protected":false},"featured_media":33345,"comment_status":"open","ping_status":"closed","template":"","meta":{"_monsterinsights_skip_tracking":false,"_monsterinsights_sitenote_active":false,"_monsterinsights_sitenote_note":"","_monsterinsights_sitenote_category":0},"product_brand":[],"product_cat":[15,123],"product_tag":[],"class_list":{"0":"post-33344","1":"product","2":"type-product","3":"status-publish","4":"has-post-thumbnail","6":"product_cat-uncategorized","7":"product_cat-makeup-beauty","9":"first","10":"instock","11":"shipping-taxable","12":"purchasable","13":"product-type-simple"},"aioseo_notices":[],"_links":{"self":[{"href":"https:\/\/xn--kbrsglobalstore-7kcc.com\/tr\/wp-json\/wp\/v2\/product\/33344","targetHints":{"allow":["GET"]}}],"collection":[{"href":"https:\/\/xn--kbrsglobalstore-7kcc.com\/tr\/wp-json\/wp\/v2\/product"}],"about":[{"href":"https:\/\/xn--kbrsglobalstore-7kcc.com\/tr\/wp-json\/wp\/v2\/types\/product"}],"replies":[{"embeddable":true,"href":"https:\/\/xn--kbrsglobalstore-7kcc.com\/tr\/wp-json\/wp\/v2\/comments?post=33344"}],"wp:featuredmedia":[{"embeddable":true,"href":"https:\/\/xn--kbrsglobalstore-7kcc.com\/tr\/wp-json\/wp\/v2\/media\/33345"}],"wp:attachment":[{"href":"https:\/\/xn--kbrsglobalstore-7kcc.com\/tr\/wp-json\/wp\/v2\/media?parent=33344"}],"wp:term":[{"taxonomy":"product_brand","embeddable":true,"href":"https:\/\/xn--kbrsglobalstore-7kcc.com\/tr\/wp-json\/wp\/v2\/product_brand?post=33344"},{"taxonomy":"product_cat","embeddable":true,"href":"https:\/\/xn--kbrsglobalstore-7kcc.com\/tr\/wp-json\/wp\/v2\/product_cat?post=33344"},{"taxonomy":"product_tag","embeddable":true,"href":"https:\/\/xn--kbrsglobalstore-7kcc.com\/tr\/wp-json\/wp\/v2\/product_tag?post=33344"}],"curies":[{"name":"wp","href":"https:\/\/api.w.org\/{rel}","templated":true}]}}