{"id":33339,"date":"2025-12-14T15:23:43","date_gmt":"2025-12-14T15:23:43","guid":{"rendered":"https:\/\/xn--kbrsglobalstore-7kcc.com\/?post_type=product&#038;p=33339"},"modified":"2025-12-16T19:35:03","modified_gmt":"2025-12-16T19:35:03","slug":"heglam-lip-dazzler-glitter-kit-center-stage-long-lasting-glitter-lip-gloss-sexy-super-stay-non-sticky-shiny-liquid-kit-liquid-lipstick-pink-rosa-liquid-lipstick-brand-beauty-makeup-face-paint-cosmetic","status":"publish","type":"product","link":"https:\/\/xn--kbrsglobalstore-7kcc.com\/tr\/urun\/heglam-lip-dazzler-glitter-kit-center-stage-long-lasting-glitter-lip-gloss-sexy-super-stay-non-sticky-shiny-liquid-kit-liquid-lipstick-pink-rosa-liquid-lipstick-brand-beauty-makeup-face-paint-cosmetic\/","title":{"rendered":"HEGLAM Lip Dazzler Glitter Kit-Center Stage Uzun S\u00fcre Kal\u0131c\u0131 Simli Dudak Parlat\u0131c\u0131s\u0131"},"content":{"rendered":"<div class=\"ds-message _63c77b1\">\n<div class=\"ds-markdown\">\n<p class=\"ds-markdown-paragraph translation-block\">Center Stage rengindeki HEGLAM Lip Dazzler Glitter Kit ile t\u00fcm dikkatleri \u00fczerinize \u00e7ekin. Bu y\u00fcksek etkili, uzun s\u00fcre kal\u0131c\u0131 simli dudak parlat\u0131c\u0131s\u0131, her g\u00fcl\u00fcmsemenizde g\u00f6z kama\u015ft\u0131ran cesur, seksi ve kal\u0131c\u0131 bir g\u00f6r\u00fcn\u00fcm yaratmak i\u00e7in en ideal arac\u0131n\u0131zd\u0131r. Yap\u0131\u015fkan olmayan, hafif form\u00fcl\u00fc, rahat hissettiren ve da\u011f\u0131lmayan veya solmayan yo\u011fun, yans\u0131t\u0131c\u0131 parlak bir s\u0131v\u0131 biti\u015f sa\u011flar.<\/p>\n<p class=\"ds-markdown-paragraph translation-block\">Canl\u0131 pembe g\u00fcl pigmentleri ve \u00e7ok boyutlu simlerle zenginle\u015ftirilmi\u015f bu likit ruj, g\u00f6z kama\u015ft\u0131r\u0131c\u0131 ve tam kapat\u0131c\u0131l\u0131k sa\u011flayan, iddial\u0131 bir g\u00f6r\u00fcn\u00fcm yaratmak i\u00e7in m\u00fckemmel bir \u015fekilde s\u00fcr\u00fcl\u00fcr. Y2K tarz\u0131 \u015f\u0131kl\u0131k ve modern ihti\u015fam i\u00e7in tasarlanan bu ruj, g\u00f6r\u00fcn\u00fcm\u00fcn\u00fcz\u00fc ayd\u0131nlatmak ve \u00f6zg\u00fcveninizi art\u0131rmak i\u00e7in ideal bir k\u0131\u015f aksesuar\u0131d\u0131r.<\/p>\n<p class=\"ds-markdown-paragraph translation-block\">Kolay kullan\u0131m i\u00e7in hassas aplikat\u00f6rlerle tamamlanan bu dudak parlat\u0131c\u0131s\u0131 seti, partiler, gece d\u0131\u015far\u0131 \u00e7\u0131kmalar veya herhangi bir \u00f6zel g\u00fcn i\u00e7in olmazsa olmaz bir g\u00fczellik makyaj\u0131 \u00fcr\u00fcn\u00fcd\u00fcr. G\u00fczelce paketlenmi\u015f olan bu set, parlamaya haz\u0131r kad\u0131nlar ve k\u0131zlar i\u00e7in m\u00fckemmel bir do\u011fum g\u00fcn\u00fc veya Noel hediyesidir. Sezonun en iyi rengiyle partiye haz\u0131r olun.<\/p>\n<\/div>\n<\/div>\n<div class=\"ds-theme\"><\/div>\n<div class=\"ds-flex _0a3d93b\">\n<div class=\"ds-flex _965abe9 _54866f7\">\n<div class=\"db183363 ds-icon-button ds-icon-button--m ds-icon-button--sizing-container\" tabindex=\"0\" role=\"button\" aria-disabled=\"false\">\n<div class=\"ds-icon-button__hover-bg\"><\/div>\n<div class=\"ds-icon\"><\/div>\n<div class=\"ds-focus-ring\"><\/div>\n<\/div>\n<div class=\"db183363 ds-icon-button ds-icon-button--m ds-icon-button--sizing-container\" tabindex=\"0\" role=\"button\" aria-disabled=\"false\">\n<div class=\"ds-icon-button__hover-bg\"><\/div>\n<div class=\"ds-icon\"><\/div>\n<div class=\"ds-focus-ring\"><\/div>\n<\/div>\n<div class=\"db183363 ds-icon-button ds-icon-button--m ds-icon-button--sizing-container\" tabindex=\"0\" role=\"button\" aria-disabled=\"false\">\n<div class=\"ds-icon-button__hover-bg\"><\/div>\n<div class=\"ds-icon\"><\/div>\n<div class=\"ds-focus-ring\"><\/div>\n<\/div>\n<div class=\"db183363 ds-icon-button ds-icon-button--m ds-icon-button--sizing-container\" tabindex=\"0\" role=\"button\" aria-disabled=\"false\">\n<div class=\"ds-icon-button__hover-bg\"><\/div>\n<div class=\"ds-icon\"><\/div>\n<div class=\"ds-focus-ring\"><\/div>\n<\/div>\n<div class=\"db183363 ds-icon-button ds-icon-button--m ds-icon-button--sizing-container\" tabindex=\"0\" role=\"button\" aria-disabled=\"false\">\n<div class=\"ds-icon-button__hover-bg\"><\/div>\n<div class=\"ds-icon\"><\/div>\n<\/div>\n<\/div>\n<\/div>","protected":false},"excerpt":{"rendered":"<p>Command the spotlight with the HEGLAM Lip Dazzler Glitter Kit in Center Stage. This high-impact,\u00a0long-lasting glitter lip gloss\u00a0is your ultimate tool for creating a bold,\u00a0sexy super stay\u00a0look that dazzles with every smile. The non-sticky, lightweight formula delivers an intense, reflective\u00a0shiny liquid\u00a0finish that feels comfortable and won&#8217;t feather or fade. Infused with vibrant\u00a0pink rosa\u00a0pigments and multidimensional [&hellip;]<\/p>","protected":false},"featured_media":33336,"comment_status":"open","ping_status":"closed","template":"","meta":{"_monsterinsights_skip_tracking":false,"_monsterinsights_sitenote_active":false,"_monsterinsights_sitenote_note":"","_monsterinsights_sitenote_category":0},"product_brand":[],"product_cat":[15,123],"product_tag":[],"class_list":{"0":"post-33339","1":"product","2":"type-product","3":"status-publish","4":"has-post-thumbnail","6":"product_cat-uncategorized","7":"product_cat-makeup-beauty","9":"first","10":"instock","11":"shipping-taxable","12":"purchasable","13":"product-type-simple"},"aioseo_notices":[],"_links":{"self":[{"href":"https:\/\/xn--kbrsglobalstore-7kcc.com\/tr\/wp-json\/wp\/v2\/product\/33339","targetHints":{"allow":["GET"]}}],"collection":[{"href":"https:\/\/xn--kbrsglobalstore-7kcc.com\/tr\/wp-json\/wp\/v2\/product"}],"about":[{"href":"https:\/\/xn--kbrsglobalstore-7kcc.com\/tr\/wp-json\/wp\/v2\/types\/product"}],"replies":[{"embeddable":true,"href":"https:\/\/xn--kbrsglobalstore-7kcc.com\/tr\/wp-json\/wp\/v2\/comments?post=33339"}],"wp:featuredmedia":[{"embeddable":true,"href":"https:\/\/xn--kbrsglobalstore-7kcc.com\/tr\/wp-json\/wp\/v2\/media\/33336"}],"wp:attachment":[{"href":"https:\/\/xn--kbrsglobalstore-7kcc.com\/tr\/wp-json\/wp\/v2\/media?parent=33339"}],"wp:term":[{"taxonomy":"product_brand","embeddable":true,"href":"https:\/\/xn--kbrsglobalstore-7kcc.com\/tr\/wp-json\/wp\/v2\/product_brand?post=33339"},{"taxonomy":"product_cat","embeddable":true,"href":"https:\/\/xn--kbrsglobalstore-7kcc.com\/tr\/wp-json\/wp\/v2\/product_cat?post=33339"},{"taxonomy":"product_tag","embeddable":true,"href":"https:\/\/xn--kbrsglobalstore-7kcc.com\/tr\/wp-json\/wp\/v2\/product_tag?post=33339"}],"curies":[{"name":"wp","href":"https:\/\/api.w.org\/{rel}","templated":true}]}}