{"id":33327,"date":"2025-12-14T15:11:49","date_gmt":"2025-12-14T15:11:49","guid":{"rendered":"https:\/\/xn--kbrsglobalstore-7kcc.com\/?post_type=product&#038;p=33327"},"modified":"2025-12-15T10:18:12","modified_gmt":"2025-12-15T10:18:12","slug":"kapeine-kapeine-12-colors-matte-shimmer-eyeshadow-palette-with-mirror-long-lasting-luminous-highlighter-and-contour-blusher-set","status":"publish","type":"product","link":"https:\/\/xn--kbrsglobalstore-7kcc.com\/tr\/urun\/kapeine-kapeine-12-colors-matte-shimmer-eyeshadow-palette-with-mirror-long-lasting-luminous-highlighter-and-contour-blusher-set\/","title":{"rendered":"K\u2019APEINE KAPEINE 12 Renkli Mat ve Par\u0131lt\u0131l\u0131 G\u00f6z Far\u0131 Paleti (Aynal\u0131) \u2013 Uzun S\u00fcre Kal\u0131c\u0131 Ayd\u0131nlat\u0131c\u0131, Ayd\u0131nlat\u0131c\u0131 ve Kont\u00fcr All\u0131k Seti"},"content":{"rendered":"<div class=\"dad65929\">\n<div class=\"_4f9bf79 d7dc56a8 _43c05b5\">\n<div class=\"ds-message _63c77b1\">\n<div class=\"ds-markdown\">\n<p class=\"ds-markdown-paragraph\">Unlock endless creativity with the K&#8217;APEINE 12-Colors Eyeshadow Palette, your all-in-one compact for crafting stunning eye looks and enhancing your features. This versatile palette masterfully blends\u00a0<strong>highly pigmented matte and shimmer shades<\/strong>\u00a0that deliver intense color payoff and a luminous finish with every application.<\/p>\n<p class=\"ds-markdown-paragraph\">Designed for long-lasting wear, the silky, blendable powders offer\u00a0<strong>buildable coverage<\/strong>\u00a0that stays put all day, from soft daytime elegance to dramatic evening glam. Beyond eyeshadow, the curated selection of tones doubles as a\u00a0<strong>highlighter and contour blusher set<\/strong>, allowing you to highlight, sculpt, and add a flush of color for a complete, cohesive look.<\/p>\n<p class=\"ds-markdown-paragraph\">Housed in a sleek case with a\u00a0<strong>built-in mirror<\/strong>, this palette is your perfect on-the-go beauty companion. Whether you&#8217;re a beginner or a makeup enthusiast, it provides everything needed to express your style\u2014making it an essential, multi-functional must-have for any makeup collection.<\/p>\n<\/div>\n<\/div>\n<div class=\"ds-theme\"><\/div>\n<div class=\"ds-flex _0a3d93b\">\n<div class=\"ds-flex _965abe9 _54866f7\">\n<div class=\"db183363 ds-icon-button ds-icon-button--m ds-icon-button--sizing-container\" tabindex=\"0\" role=\"button\" aria-disabled=\"false\">\n<div class=\"ds-icon-button__hover-bg\"><\/div>\n<div class=\"ds-icon\"><\/div>\n<div class=\"ds-focus-ring\"><\/div>\n<\/div>\n<div class=\"db183363 ds-icon-button ds-icon-button--m ds-icon-button--sizing-container\" tabindex=\"0\" role=\"button\" aria-disabled=\"false\">\n<div class=\"ds-icon-button__hover-bg\"><\/div>\n<div class=\"ds-icon\"><\/div>\n<div class=\"ds-focus-ring\"><\/div>\n<\/div>\n<div class=\"db183363 ds-icon-button ds-icon-button--m ds-icon-button--sizing-container\" tabindex=\"0\" role=\"button\" aria-disabled=\"false\">\n<div class=\"ds-icon-button__hover-bg\"><\/div>\n<div class=\"ds-icon\"><\/div>\n<div class=\"ds-focus-ring\"><\/div>\n<\/div>\n<div class=\"db183363 ds-icon-button ds-icon-button--m ds-icon-button--sizing-container\" tabindex=\"0\" role=\"button\" aria-disabled=\"false\">\n<div class=\"ds-icon-button__hover-bg\"><\/div>\n<div class=\"ds-icon\"><\/div>\n<div class=\"ds-focus-ring\"><\/div>\n<\/div>\n<div class=\"db183363 ds-icon-button ds-icon-button--m ds-icon-button--sizing-container\" tabindex=\"0\" role=\"button\" aria-disabled=\"false\">\n<div class=\"ds-icon-button__hover-bg\"><\/div>\n<div class=\"ds-icon\"><\/div>\n<div class=\"ds-focus-ring\"><\/div>\n<\/div>\n<\/div>\n<div><\/div>\n<\/div>\n<\/div>\n<\/div>\n<div class=\"_871cbca\">\n<div class=\"d72636e2\"><\/div>\n<div class=\"aaff8b8f\">\n<div class=\"_77cefa5 _3d616d3\">\n<div class=\"_020ab5b\">\n<div class=\"_24fad49\">\n<div class=\"ds-scroll-area__gutters\"><\/div>\n<\/div>\n<\/div>\n<\/div>\n<\/div>\n<\/div>","protected":false},"excerpt":{"rendered":"<p>Unlock endless creativity with the K&#8217;APEINE 12-Colors Eyeshadow Palette, your all-in-one compact for crafting stunning eye looks and enhancing your features. This versatile palette masterfully blends\u00a0highly pigmented matte and shimmer shades\u00a0that deliver intense color payoff and a luminous finish with every application. Designed for long-lasting wear, the silky, blendable powders offer\u00a0buildable coverage\u00a0that stays put all [&hellip;]<\/p>","protected":false},"featured_media":33328,"comment_status":"open","ping_status":"closed","template":"","meta":{"_monsterinsights_skip_tracking":false,"_monsterinsights_sitenote_active":false,"_monsterinsights_sitenote_note":"","_monsterinsights_sitenote_category":0},"product_brand":[],"product_cat":[15,123],"product_tag":[],"class_list":{"0":"post-33327","1":"product","2":"type-product","3":"status-publish","4":"has-post-thumbnail","6":"product_cat-uncategorized","7":"product_cat-makeup-beauty","9":"first","10":"instock","11":"shipping-taxable","12":"purchasable","13":"product-type-simple"},"aioseo_notices":[],"_links":{"self":[{"href":"https:\/\/xn--kbrsglobalstore-7kcc.com\/tr\/wp-json\/wp\/v2\/product\/33327","targetHints":{"allow":["GET"]}}],"collection":[{"href":"https:\/\/xn--kbrsglobalstore-7kcc.com\/tr\/wp-json\/wp\/v2\/product"}],"about":[{"href":"https:\/\/xn--kbrsglobalstore-7kcc.com\/tr\/wp-json\/wp\/v2\/types\/product"}],"replies":[{"embeddable":true,"href":"https:\/\/xn--kbrsglobalstore-7kcc.com\/tr\/wp-json\/wp\/v2\/comments?post=33327"}],"wp:featuredmedia":[{"embeddable":true,"href":"https:\/\/xn--kbrsglobalstore-7kcc.com\/tr\/wp-json\/wp\/v2\/media\/33328"}],"wp:attachment":[{"href":"https:\/\/xn--kbrsglobalstore-7kcc.com\/tr\/wp-json\/wp\/v2\/media?parent=33327"}],"wp:term":[{"taxonomy":"product_brand","embeddable":true,"href":"https:\/\/xn--kbrsglobalstore-7kcc.com\/tr\/wp-json\/wp\/v2\/product_brand?post=33327"},{"taxonomy":"product_cat","embeddable":true,"href":"https:\/\/xn--kbrsglobalstore-7kcc.com\/tr\/wp-json\/wp\/v2\/product_cat?post=33327"},{"taxonomy":"product_tag","embeddable":true,"href":"https:\/\/xn--kbrsglobalstore-7kcc.com\/tr\/wp-json\/wp\/v2\/product_tag?post=33327"}],"curies":[{"name":"wp","href":"https:\/\/api.w.org\/{rel}","templated":true}]}}