{"id":33318,"date":"2025-12-14T15:08:15","date_gmt":"2025-12-14T15:08:15","guid":{"rendered":"https:\/\/xn--kbrsglobalstore-7kcc.com\/?post_type=product&#038;p=33318"},"modified":"2025-12-16T19:37:02","modified_gmt":"2025-12-16T19:37:02","slug":"christmas-makeup-kit-for-women-full-kitlong-wearing-makeup-product-set-9pcs-lipstick-pressed-powder-bb-cream-eyebrow-pen-mascara-eyeliner-kit-waterproof-long-alasting-cosmetic-kit-christmas","status":"publish","type":"product","link":"https:\/\/xn--kbrsglobalstore-7kcc.com\/tr\/urun\/christmas-makeup-kit-for-women-full-kitlong-wearing-makeup-product-set-9pcs-lipstick-pressed-powder-bb-cream-eyebrow-pen-mascara-eyeliner-kit-waterproof-long-alasting-cosmetic-kit-christmas\/","title":{"rendered":"Kad\u0131nlar \u0130\u00e7in Noel Makyaj Seti, Tam Set, Uzun S\u00fcre Kal\u0131c\u0131 Makyaj \u00dcr\u00fcnleri Seti"},"content":{"rendered":"<div class=\"ds-message _63c77b1\">\n<div class=\"ds-markdown\">\n<p class=\"ds-markdown-paragraph translation-block\">Bu bayram sezonunda g\u00f6z al\u0131c\u0131 ve uzun s\u00fcre kal\u0131c\u0131 g\u00f6r\u00fcn\u00fcmler i\u00e7in tasarlanm\u0131\u015f eksiksiz ve l\u00fcks bir kozmetik koleksiyonu olan <strong>Kad\u0131nlar \u0130\u00e7in Noel Makyaj Seti<\/strong> ile zarafet hediye edin. Bu eksiksiz, <strong>9 par\u00e7al\u0131k makyaj seti<\/strong> kusursuz bir y\u00fcz i\u00e7in gerekli t\u00fcm \u00fcr\u00fcnleri i\u00e7erir: yo\u011fun pigmentli <strong>rujlar<\/strong>, p\u00fcr\u00fczs\u00fczle\u015ftirici <strong>s\u0131k\u0131\u015ft\u0131r\u0131lm\u0131\u015f pudra<\/strong>, cilt kusurlar\u0131n\u0131 gideren <strong>BB krem<\/strong>, belirginle\u015ftirici <strong>ka\u015f kalemi<\/strong>, hacim veren <strong>maskara<\/strong> ve hassas bir <strong>eyeliner<\/strong>.<\/p>\n<p class=\"ds-markdown-paragraph translation-block\">Her \u00fcr\u00fcn, su ge\u00e7irmez ve uzun s\u00fcre kal\u0131c\u0131 olacak \u015fekilde uzmanl\u0131kla form\u00fcle edilmi\u015ftir; b\u00f6ylece g\u00fczel g\u00f6r\u00fcn\u00fcm\u00fcn\u00fcz sabahki etkinliklerden ak\u015famki kutlamalara kadar canl\u0131 ve taze kal\u0131r. Klasik ve \u015f\u0131k tonlardan olu\u015fan \u00f6zenle se\u00e7ilmi\u015f koleksiyon, do\u011fal bir g\u00fcnd\u00fcz \u0131\u015f\u0131lt\u0131s\u0131ndan cesur, tatil havas\u0131na uygun bir g\u00f6r\u00fcn\u00fcme kadar her \u015feyi yaratmay\u0131 kolayla\u015ft\u0131r\u0131r.<\/p>\n<p class=\"ds-markdown-paragraph translation-block\">G\u00fczel bir \u015fekilde paketlenmi\u015f olan bu set, hayat\u0131n\u0131zdaki kad\u0131nlar ve k\u0131zlar i\u00e7in m\u00fckemmel bir hediyedir. Sadece makyajdan daha fazlas\u0131; \u00f6zg\u00fcveni ve stili kutlayan, \u015fenlikli ve hepsi bir arada bir pakette y\u00fcksek performansl\u0131 kalite sunan eksiksiz bir g\u00fczellik deneyimidir.<\/p>\n<\/div>\n<\/div>\n<div class=\"ds-theme\"><\/div>\n<div class=\"ds-flex _0a3d93b\">\n<div class=\"ds-flex _965abe9 _54866f7\">\n<div class=\"db183363 ds-icon-button ds-icon-button--m ds-icon-button--sizing-container\" tabindex=\"0\" role=\"button\" aria-disabled=\"false\">\n<div class=\"ds-icon-button__hover-bg\"><\/div>\n<div class=\"ds-icon\"><\/div>\n<div class=\"ds-focus-ring\"><\/div>\n<\/div>\n<div class=\"db183363 ds-icon-button ds-icon-button--m ds-icon-button--sizing-container\" tabindex=\"0\" role=\"button\" aria-disabled=\"false\">\n<div class=\"ds-icon-button__hover-bg\"><\/div>\n<div class=\"ds-icon\"><\/div>\n<div class=\"ds-focus-ring\"><\/div>\n<\/div>\n<div class=\"db183363 ds-icon-button ds-icon-button--m ds-icon-button--sizing-container\" tabindex=\"0\" role=\"button\" aria-disabled=\"false\">\n<div class=\"ds-icon-button__hover-bg\"><\/div>\n<div class=\"ds-icon\"><\/div>\n<div class=\"ds-focus-ring\"><\/div>\n<\/div>\n<div class=\"db183363 ds-icon-button ds-icon-button--m ds-icon-button--sizing-container\" tabindex=\"0\" role=\"button\" aria-disabled=\"false\">\n<div class=\"ds-icon-button__hover-bg\"><\/div>\n<div class=\"ds-icon\"><\/div>\n<div class=\"ds-focus-ring\"><\/div>\n<\/div>\n<div class=\"db183363 ds-icon-button ds-icon-button--m ds-icon-button--sizing-container\" tabindex=\"0\" role=\"button\" aria-disabled=\"false\">\n<div class=\"ds-icon-button__hover-bg\"><\/div>\n<div class=\"ds-icon\"><\/div>\n<\/div>\n<\/div>\n<\/div>","protected":false},"excerpt":{"rendered":"<p>Give the gift of glamour this holiday season with the\u00a0Christmas Makeup Kit For Women, a complete and luxurious cosmetic collection designed for stunning, long-lasting looks. This full,\u00a09-piece makeup product set\u00a0includes all the essentials for a flawless face: richly pigmented\u00a0lipsticks, a smoothing\u00a0pressed powder, a skin-perfecting\u00a0BB cream, a defining\u00a0eyebrow pen, volumizing\u00a0mascara, and a precise\u00a0eyeliner. Every product is [&hellip;]<\/p>","protected":false},"featured_media":33319,"comment_status":"open","ping_status":"closed","template":"","meta":{"_monsterinsights_skip_tracking":false,"_monsterinsights_sitenote_active":false,"_monsterinsights_sitenote_note":"","_monsterinsights_sitenote_category":0},"product_brand":[],"product_cat":[15,123],"product_tag":[],"class_list":{"0":"post-33318","1":"product","2":"type-product","3":"status-publish","4":"has-post-thumbnail","6":"product_cat-uncategorized","7":"product_cat-makeup-beauty","9":"first","10":"instock","11":"shipping-taxable","12":"purchasable","13":"product-type-simple"},"aioseo_notices":[],"_links":{"self":[{"href":"https:\/\/xn--kbrsglobalstore-7kcc.com\/tr\/wp-json\/wp\/v2\/product\/33318","targetHints":{"allow":["GET"]}}],"collection":[{"href":"https:\/\/xn--kbrsglobalstore-7kcc.com\/tr\/wp-json\/wp\/v2\/product"}],"about":[{"href":"https:\/\/xn--kbrsglobalstore-7kcc.com\/tr\/wp-json\/wp\/v2\/types\/product"}],"replies":[{"embeddable":true,"href":"https:\/\/xn--kbrsglobalstore-7kcc.com\/tr\/wp-json\/wp\/v2\/comments?post=33318"}],"wp:featuredmedia":[{"embeddable":true,"href":"https:\/\/xn--kbrsglobalstore-7kcc.com\/tr\/wp-json\/wp\/v2\/media\/33319"}],"wp:attachment":[{"href":"https:\/\/xn--kbrsglobalstore-7kcc.com\/tr\/wp-json\/wp\/v2\/media?parent=33318"}],"wp:term":[{"taxonomy":"product_brand","embeddable":true,"href":"https:\/\/xn--kbrsglobalstore-7kcc.com\/tr\/wp-json\/wp\/v2\/product_brand?post=33318"},{"taxonomy":"product_cat","embeddable":true,"href":"https:\/\/xn--kbrsglobalstore-7kcc.com\/tr\/wp-json\/wp\/v2\/product_cat?post=33318"},{"taxonomy":"product_tag","embeddable":true,"href":"https:\/\/xn--kbrsglobalstore-7kcc.com\/tr\/wp-json\/wp\/v2\/product_tag?post=33318"}],"curies":[{"name":"wp","href":"https:\/\/api.w.org\/{rel}","templated":true}]}}