{"id":33309,"date":"2025-12-14T15:04:55","date_gmt":"2025-12-14T15:04:55","guid":{"rendered":"https:\/\/xn--kbrsglobalstore-7kcc.com\/?post_type=product&#038;p=33309"},"modified":"2025-12-15T10:20:18","modified_gmt":"2025-12-15T10:20:18","slug":"10pcs-long-lasting-silky-matte-lipgloss-set-create-refined-lip-looks-smooth-high-pigment-formula-liquid-lipstick-waterproof-lip-tint-lip-makeup-set-holiday-gift-for-women","status":"publish","type":"product","link":"https:\/\/xn--kbrsglobalstore-7kcc.com\/tr\/urun\/10pcs-long-lasting-silky-matte-lipgloss-set-create-refined-lip-looks-smooth-high-pigment-formula-liquid-lipstick-waterproof-lip-tint-lip-makeup-set-holiday-gift-for-women\/","title":{"rendered":"10 Par\u00e7al\u0131 Uzun S\u00fcre Kal\u0131c\u0131 \u0130peksi Mat Dudak Parlat\u0131c\u0131s\u0131 Seti - P\u00fcr\u00fczs\u00fcz ve Y\u00fcksek Pigmentli Form\u00fcll\u00fc S\u0131v\u0131 Ruj, Su Ge\u00e7irmez Dudak Renklendirici, Dudak Makyaj Seti, Kad\u0131nlar \u0130\u00e7in Tatil Hediyesi"},"content":{"rendered":"<div class=\"ds-message _63c77b1\">\n<div class=\"ds-markdown\">\n<p class=\"ds-markdown-paragraph translation-block\">Dudak makyaj\u0131n\u0131z\u0131 10 par\u00e7al\u0131k Uzun S\u00fcre Kal\u0131c\u0131 \u0130peksi Mat Dudak Parlat\u0131c\u0131s\u0131 Seti ile bir \u00fcst seviyeye ta\u015f\u0131y\u0131n\u2014kusursuz ve rafine dudak g\u00f6r\u00fcn\u00fcmleri sunmak \u00fczere tasarlanm\u0131\u015f, olmazsa olmaz tonlardan olu\u015fan \u00f6zel bir koleksiyon. Her bir t\u00fcp, zahmetsizce s\u00fcr\u00fclen, yo\u011fun renk \u00f6rt\u00fcc\u00fcl\u00fc\u011f\u00fc sa\u011flayan ve dudaklar\u0131n\u0131z\u0131 kurutmayan rahat, kadifemsi mat bir biti\u015f sunan p\u00fcr\u00fczs\u00fcz, y\u00fcksek pigmentli bir form\u00fclle doldurulmu\u015ftur.<\/p>\n<p class=\"ds-markdown-paragraph translation-block\">Dayan\u0131kl\u0131l\u0131k i\u00e7in tasarlanan bu su ge\u00e7irmez dudak renklendirici, yemekler ve yo\u011fun g\u00fcnler boyunca bula\u015fmaya, solmaya ve da\u011f\u0131lmaya kar\u015f\u0131 diren\u00e7 g\u00f6stererek ola\u011fan\u00fcst\u00fc uzun s\u00fcreli kullan\u0131m sunar. \u00c7ok y\u00f6nl\u00fc \u00fcr\u00fcn yelpazesi, g\u00fcnl\u00fck nude tonlardan cesur klasiklere ve iddial\u0131 renklere kadar her \u015feyi yaratmak i\u00e7in m\u00fckemmeldir; ister g\u00fcnd\u00fczleri zarif bir \u015f\u0131kl\u0131k, ister ak\u015famlar\u0131 g\u00f6z al\u0131c\u0131 bir ihti\u015fam.<\/p>\n<p class=\"ds-markdown-paragraph translation-block\">Muhte\u015fem bir \u015fekilde sunulan bu eksiksiz dudak makyaj seti, l\u00fcks\u00fc, \u00e7e\u015fitlili\u011fi ve profesyonel kaliteyi tek bir \u00e7arp\u0131c\u0131 pakette bir araya getirerek kad\u0131nlar i\u00e7in ideal bir y\u0131lba\u015f\u0131 hediyesidir. Kendinizi veya sevdiklerinizi \u015f\u0131martmak i\u00e7in olsun, bu set her durum i\u00e7in kal\u0131c\u0131 renk, konfor ve stil vaat ediyor.<\/p>\n<\/div>\n<\/div>\n<div class=\"ds-theme\"><\/div>\n<div class=\"ds-flex _0a3d93b\">\n<div class=\"ds-flex _965abe9 _54866f7\">\n<div class=\"db183363 ds-icon-button ds-icon-button--m ds-icon-button--sizing-container\" tabindex=\"0\" role=\"button\" aria-disabled=\"false\">\n<div class=\"ds-icon-button__hover-bg\"><\/div>\n<div class=\"ds-icon\"><\/div>\n<div class=\"ds-focus-ring\"><\/div>\n<\/div>\n<div class=\"db183363 ds-icon-button ds-icon-button--m ds-icon-button--sizing-container\" tabindex=\"0\" role=\"button\" aria-disabled=\"false\">\n<div class=\"ds-icon-button__hover-bg\"><\/div>\n<div class=\"ds-icon\"><\/div>\n<div class=\"ds-focus-ring\"><\/div>\n<\/div>\n<div class=\"db183363 ds-icon-button ds-icon-button--m ds-icon-button--sizing-container\" tabindex=\"0\" role=\"button\" aria-disabled=\"false\">\n<div class=\"ds-icon-button__hover-bg\"><\/div>\n<div class=\"ds-icon\"><\/div>\n<div class=\"ds-focus-ring\"><\/div>\n<\/div>\n<div class=\"db183363 ds-icon-button ds-icon-button--m ds-icon-button--sizing-container\" tabindex=\"0\" role=\"button\" aria-disabled=\"false\">\n<div class=\"ds-icon-button__hover-bg\"><\/div>\n<div class=\"ds-icon\"><\/div>\n<div class=\"ds-focus-ring\"><\/div>\n<\/div>\n<div class=\"db183363 ds-icon-button ds-icon-button--m ds-icon-button--sizing-container\" tabindex=\"0\" role=\"button\" aria-disabled=\"false\">\n<div class=\"ds-icon-button__hover-bg\"><\/div>\n<div class=\"ds-icon\"><\/div>\n<\/div>\n<\/div>\n<\/div>","protected":false},"excerpt":{"rendered":"<p>Elevate your lip wardrobe with the 10-Piece Long-Lasting Silky Matte Lipgloss Set\u2014a curated collection designed to deliver flawless,\u00a0refined lip looks\u00a0in a spectrum of must-have shades. Each tube is filled with a\u00a0smooth, high-pigment formula\u00a0that glides on effortlessly, providing intense color coverage with a comfortable, velvety\u00a0matte finish\u00a0that won\u2019t dry out your lips. Engineered for durability, this\u00a0waterproof lip [&hellip;]<\/p>","protected":false},"featured_media":33310,"comment_status":"open","ping_status":"closed","template":"","meta":{"_monsterinsights_skip_tracking":false,"_monsterinsights_sitenote_active":false,"_monsterinsights_sitenote_note":"","_monsterinsights_sitenote_category":0},"product_brand":[],"product_cat":[15,123],"product_tag":[],"class_list":{"0":"post-33309","1":"product","2":"type-product","3":"status-publish","4":"has-post-thumbnail","6":"product_cat-uncategorized","7":"product_cat-makeup-beauty","9":"first","10":"instock","11":"shipping-taxable","12":"purchasable","13":"product-type-simple"},"aioseo_notices":[],"_links":{"self":[{"href":"https:\/\/xn--kbrsglobalstore-7kcc.com\/tr\/wp-json\/wp\/v2\/product\/33309","targetHints":{"allow":["GET"]}}],"collection":[{"href":"https:\/\/xn--kbrsglobalstore-7kcc.com\/tr\/wp-json\/wp\/v2\/product"}],"about":[{"href":"https:\/\/xn--kbrsglobalstore-7kcc.com\/tr\/wp-json\/wp\/v2\/types\/product"}],"replies":[{"embeddable":true,"href":"https:\/\/xn--kbrsglobalstore-7kcc.com\/tr\/wp-json\/wp\/v2\/comments?post=33309"}],"wp:featuredmedia":[{"embeddable":true,"href":"https:\/\/xn--kbrsglobalstore-7kcc.com\/tr\/wp-json\/wp\/v2\/media\/33310"}],"wp:attachment":[{"href":"https:\/\/xn--kbrsglobalstore-7kcc.com\/tr\/wp-json\/wp\/v2\/media?parent=33309"}],"wp:term":[{"taxonomy":"product_brand","embeddable":true,"href":"https:\/\/xn--kbrsglobalstore-7kcc.com\/tr\/wp-json\/wp\/v2\/product_brand?post=33309"},{"taxonomy":"product_cat","embeddable":true,"href":"https:\/\/xn--kbrsglobalstore-7kcc.com\/tr\/wp-json\/wp\/v2\/product_cat?post=33309"},{"taxonomy":"product_tag","embeddable":true,"href":"https:\/\/xn--kbrsglobalstore-7kcc.com\/tr\/wp-json\/wp\/v2\/product_tag?post=33309"}],"curies":[{"name":"wp","href":"https:\/\/api.w.org\/{rel}","templated":true}]}}