{"id":33300,"date":"2025-12-14T15:01:27","date_gmt":"2025-12-14T15:01:27","guid":{"rendered":"https:\/\/xn--kbrsglobalstore-7kcc.com\/?post_type=product&#038;p=33300"},"modified":"2025-12-16T19:37:29","modified_gmt":"2025-12-16T19:37:29","slug":"11pcs-set-butterfly-whisper-makeup-kit-lip-gloss-blush-eyeshadow-powder-lip-balm-eyebrow-pencil-eyeliner-complete-makeup-set-suitable-for-valentines-day-wedding-season-halloween-christmas-bir","status":"publish","type":"product","link":"https:\/\/xn--kbrsglobalstore-7kcc.com\/tr\/urun\/11pcs-set-butterfly-whisper-makeup-kit-lip-gloss-blush-eyeshadow-powder-lip-balm-eyebrow-pencil-eyeliner-complete-makeup-set-suitable-for-valentines-day-wedding-season-halloween-christmas-bir\/","title":{"rendered":"11 par\u00e7al\u0131 Kelebek F\u0131s\u0131lt\u0131s\u0131 Makyaj Seti"},"content":{"rendered":"<div class=\"dad65929\">\n<div class=\"_4f9bf79 d7dc56a8 _43c05b5\">\n<div class=\"ds-message _63c77b1\">\n<div class=\"ds-markdown\">\n<p class=\"ds-markdown-paragraph translation-block\">B\u00fcy\u00fcleyici 11 par\u00e7al\u0131k bir koleksiyon olan Kelebek F\u0131s\u0131lt\u0131s\u0131 Makyaj Seti ile yumu\u015fak bir zarafetin \u00f6z\u00fcn\u00fc yakalay\u0131n; bu set, kusursuz bir g\u00f6r\u00fcn\u00fcm i\u00e7in ihtiyac\u0131n\u0131z olan her \u015feyi i\u00e7erir. Bu hepsi bir arada set, dudak parlat\u0131c\u0131s\u0131, all\u0131k, g\u00f6z far\u0131, pudra, dudak balm\u0131, ka\u015f kalemi ve eyeliner'dan olu\u015fan r\u00fcya gibi bir se\u00e7ki i\u00e7erir; her biri hassas bir dokunu\u015fla kar\u0131\u015ft\u0131rmak, belirginle\u015ftirmek ve vurgulamak i\u00e7in \u00f6zenle tasarlanm\u0131\u015ft\u0131r.<\/p>\n<p class=\"ds-markdown-paragraph translation-block\">P\u00fcr\u00fczs\u00fcz ve katmanl\u0131 bir sonu\u00e7 i\u00e7in form\u00fcle edilen \u00fcr\u00fcnler, taze ve do\u011fal g\u00f6r\u00fcn\u00fcmlerden zarif bir \u015fekilde vurgulanm\u0131\u015f g\u00f6r\u00fcn\u00fcmlere kadar \u00e7e\u015fitli makyaj stilleri yaratman\u0131za olanak tan\u0131r. Paletin uyumlu tonlar\u0131 ve \u00e7ok y\u00f6nl\u00fc ara\u00e7lar\u0131, her \u00f6zel g\u00fcn i\u00e7in m\u00fckemmeldir ve Sevgililer G\u00fcn\u00fc, d\u00fc\u011f\u00fcn sezonu, Cad\u0131lar Bayram\u0131 kutlamalar\u0131 veya Noel kutlamalar\u0131 i\u00e7in ideal bir tamamlay\u0131c\u0131d\u0131r.<\/p>\n<p class=\"ds-markdown-paragraph translation-block\">\u00d6zenle paketlenmi\u015f ve ilham vermeye haz\u0131r olan bu <strong>komple makyaj seti<\/strong>, sadece kozmetik \u00fcr\u00fcnlerden \u00e7ok daha fazlas\u0131; zarafet ve yarat\u0131c\u0131l\u0131kla g\u00fczelli\u011fini ifade etmeyi seven herkes i\u00e7in <strong>zamans\u0131z bir do\u011fum g\u00fcn\u00fc hediyesi<\/strong> veya ki\u015fisel bir hazine.<\/p>\n<\/div>\n<\/div>\n<div class=\"ds-theme\"><\/div>\n<div class=\"ds-flex _0a3d93b\">\n<div class=\"ds-flex _965abe9 _54866f7\">\n<div class=\"db183363 ds-icon-button ds-icon-button--m ds-icon-button--sizing-container\" tabindex=\"0\" role=\"button\" aria-disabled=\"false\">\n<div class=\"ds-icon-button__hover-bg\"><\/div>\n<div class=\"ds-icon\"><\/div>\n<div class=\"ds-focus-ring\"><\/div>\n<\/div>\n<div class=\"db183363 ds-icon-button ds-icon-button--m ds-icon-button--sizing-container\" tabindex=\"0\" role=\"button\" aria-disabled=\"false\">\n<div class=\"ds-icon-button__hover-bg\"><\/div>\n<div class=\"ds-icon\"><\/div>\n<div class=\"ds-focus-ring\"><\/div>\n<\/div>\n<div class=\"db183363 ds-icon-button ds-icon-button--m ds-icon-button--sizing-container\" tabindex=\"0\" role=\"button\" aria-disabled=\"false\">\n<div class=\"ds-icon-button__hover-bg\"><\/div>\n<div class=\"ds-icon\"><\/div>\n<div class=\"ds-focus-ring\"><\/div>\n<\/div>\n<div class=\"db183363 ds-icon-button ds-icon-button--m ds-icon-button--sizing-container\" tabindex=\"0\" role=\"button\" aria-disabled=\"false\">\n<div class=\"ds-icon-button__hover-bg\"><\/div>\n<div class=\"ds-icon\"><\/div>\n<div class=\"ds-focus-ring\"><\/div>\n<\/div>\n<div class=\"db183363 ds-icon-button ds-icon-button--m ds-icon-button--sizing-container\" tabindex=\"0\" role=\"button\" aria-disabled=\"false\">\n<div class=\"ds-icon-button__hover-bg\"><\/div>\n<div class=\"ds-icon\"><\/div>\n<div class=\"ds-focus-ring\"><\/div>\n<\/div>\n<\/div>\n<div><\/div>\n<\/div>\n<\/div>\n<\/div>\n<div class=\"_871cbca\">\n<div class=\"d72636e2\"><\/div>\n<div class=\"aaff8b8f\">\n<div class=\"_77cefa5 _3d616d3\">\n<div class=\"_020ab5b\">\n<div class=\"_24fad49\">\n<div class=\"ds-scroll-area__gutters\">\n<div class=\"ds-scroll-area__horizontal-gutter\"><\/div>\n<div class=\"ds-scroll-area__vertical-gutter\"><\/div>\n<\/div>\n<\/div>\n<\/div>\n<\/div>\n<\/div>\n<\/div>","protected":false},"excerpt":{"rendered":"<p>Capture the essence of soft glamour with the Butterfly Whisper Makeup Kit, an enchanting 11-piece collection that holds everything you need for a beautifully complete look. This all-in-one set includes a dreamy selection of\u00a0lip gloss, blush, eyeshadow, powder, lip balm, eyebrow pencil, and eyeliner, each curated to blend, define, and highlight with a delicate touch. [&hellip;]<\/p>","protected":false},"featured_media":33301,"comment_status":"open","ping_status":"closed","template":"","meta":{"_monsterinsights_skip_tracking":false,"_monsterinsights_sitenote_active":false,"_monsterinsights_sitenote_note":"","_monsterinsights_sitenote_category":0},"product_brand":[],"product_cat":[15,123],"product_tag":[],"class_list":{"0":"post-33300","1":"product","2":"type-product","3":"status-publish","4":"has-post-thumbnail","6":"product_cat-uncategorized","7":"product_cat-makeup-beauty","9":"first","10":"instock","11":"shipping-taxable","12":"purchasable","13":"product-type-simple"},"aioseo_notices":[],"_links":{"self":[{"href":"https:\/\/xn--kbrsglobalstore-7kcc.com\/tr\/wp-json\/wp\/v2\/product\/33300","targetHints":{"allow":["GET"]}}],"collection":[{"href":"https:\/\/xn--kbrsglobalstore-7kcc.com\/tr\/wp-json\/wp\/v2\/product"}],"about":[{"href":"https:\/\/xn--kbrsglobalstore-7kcc.com\/tr\/wp-json\/wp\/v2\/types\/product"}],"replies":[{"embeddable":true,"href":"https:\/\/xn--kbrsglobalstore-7kcc.com\/tr\/wp-json\/wp\/v2\/comments?post=33300"}],"wp:featuredmedia":[{"embeddable":true,"href":"https:\/\/xn--kbrsglobalstore-7kcc.com\/tr\/wp-json\/wp\/v2\/media\/33301"}],"wp:attachment":[{"href":"https:\/\/xn--kbrsglobalstore-7kcc.com\/tr\/wp-json\/wp\/v2\/media?parent=33300"}],"wp:term":[{"taxonomy":"product_brand","embeddable":true,"href":"https:\/\/xn--kbrsglobalstore-7kcc.com\/tr\/wp-json\/wp\/v2\/product_brand?post=33300"},{"taxonomy":"product_cat","embeddable":true,"href":"https:\/\/xn--kbrsglobalstore-7kcc.com\/tr\/wp-json\/wp\/v2\/product_cat?post=33300"},{"taxonomy":"product_tag","embeddable":true,"href":"https:\/\/xn--kbrsglobalstore-7kcc.com\/tr\/wp-json\/wp\/v2\/product_tag?post=33300"}],"curies":[{"name":"wp","href":"https:\/\/api.w.org\/{rel}","templated":true}]}}