{"id":33291,"date":"2025-12-14T14:56:01","date_gmt":"2025-12-14T14:56:01","guid":{"rendered":"https:\/\/xn--kbrsglobalstore-7kcc.com\/?post_type=product&#038;p=33291"},"modified":"2025-12-16T19:37:54","modified_gmt":"2025-12-16T19:37:54","slug":"ibcccndc-4pcs-box-cigarette-shape-lipstick-set-matte-waterproof-matt-long-lasting-smoke-tube-lipstick-nude-pink-mauve-rose-lipstick-for-women-girls","status":"publish","type":"product","link":"https:\/\/xn--kbrsglobalstore-7kcc.com\/tr\/urun\/ibcccndc-4pcs-box-cigarette-shape-lipstick-set-matte-waterproof-matt-long-lasting-smoke-tube-lipstick-nude-pink-mauve-rose-lipstick-for-women-girls\/","title":{"rendered":"ibcccndc 4'l\u00fc Kutu Sigara \u015eeklinde Ruj Seti Mat Su Ge\u00e7irmez Mat Uzun S\u00fcre Kal\u0131c\u0131 Duman T\u00fcp\u00fc Ruj Nude Pembe Leylak G\u00fcl Ruj"},"content":{"rendered":"<div class=\"ds-message _63c77b1\">\n<div class=\"ds-markdown\">\n<p class=\"ds-markdown-paragraph translation-block\">Dudak makyaj\u0131n\u0131z\u0131 cesur ve sofistike bir dokunu\u015fla yeniden tan\u0131mlay\u0131n. ibcccndc Sigara \u015eeklinde Ruj Seti, Nude, Pembe, Leylak ve G\u00fcl olmak \u00fczere d\u00f6rt \u00e7arp\u0131c\u0131 tonu, hem tutu\u015fu hem de kullan\u0131m\u0131 \u015f\u0131k olan benzersiz, <strong>sigara \u015feklinde bir t\u00fcpte<\/strong> sunuyor.<\/p>\n<p class=\"ds-markdown-paragraph translation-block\">Her bir ruj, tek s\u00fcr\u00fc\u015fte yo\u011fun ve uzun s\u00fcre kal\u0131c\u0131 renk sa\u011flayan y\u00fcksek pigmentli, mat ve suya dayan\u0131kl\u0131 bir form\u00fcle sahiptir. P\u00fcr\u00fczs\u00fcz, mat biti\u015fi kurutmadan zahmetsizce s\u00fcr\u00fcl\u00fcr ve saatlerce bula\u015fmaya ve solmaya kar\u015f\u0131 dayan\u0131kl\u0131 tam kapat\u0131c\u0131l\u0131k sunar.<\/p>\n<p class=\"ds-markdown-paragraph\">Cesur moday\u0131 ve pratik \u015f\u0131kl\u0131\u011f\u0131 takdir eden modern kad\u0131n veya k\u0131z \u00e7ocuklar\u0131 i\u00e7in tasarlanan bu set, g\u00fcnd\u00fczden geceye \u00e7ok y\u00f6nl\u00fc g\u00f6r\u00fcn\u00fcmler yaratmak i\u00e7in m\u00fckemmeldir. \u015e\u0131k ambalaj\u0131 ve profesyonel kalitedeki kullan\u0131m\u0131yla, \u00e7arp\u0131c\u0131 ve beklenmedik bir hediye veya herhangi bir makyaj koleksiyonuna dikkat \u00e7ekici bir ek olacakt\u0131r.<\/p>\n<\/div>\n<\/div>\n<div class=\"ds-theme\"><\/div>\n<div class=\"ds-flex _0a3d93b\">\n<div class=\"ds-flex _965abe9 _54866f7\">\n<div class=\"db183363 ds-icon-button ds-icon-button--m ds-icon-button--sizing-container\" tabindex=\"0\" role=\"button\" aria-disabled=\"false\">\n<div class=\"ds-icon-button__hover-bg\"><\/div>\n<div class=\"ds-icon\"><\/div>\n<div class=\"ds-focus-ring\"><\/div>\n<\/div>\n<div class=\"db183363 ds-icon-button ds-icon-button--m ds-icon-button--sizing-container\" tabindex=\"0\" role=\"button\" aria-disabled=\"false\">\n<div class=\"ds-icon-button__hover-bg\"><\/div>\n<div class=\"ds-icon\"><\/div>\n<div class=\"ds-focus-ring\"><\/div>\n<\/div>\n<div class=\"db183363 ds-icon-button ds-icon-button--m ds-icon-button--sizing-container\" tabindex=\"0\" role=\"button\" aria-disabled=\"false\">\n<div class=\"ds-icon-button__hover-bg\"><\/div>\n<div class=\"ds-icon\"><\/div>\n<div class=\"ds-focus-ring\"><\/div>\n<\/div>\n<div class=\"db183363 ds-icon-button ds-icon-button--m ds-icon-button--sizing-container\" tabindex=\"0\" role=\"button\" aria-disabled=\"false\">\n<div class=\"ds-icon-button__hover-bg\"><\/div>\n<div class=\"ds-icon\"><\/div>\n<div class=\"ds-focus-ring\"><\/div>\n<\/div>\n<div class=\"db183363 ds-icon-button ds-icon-button--m ds-icon-button--sizing-container\" tabindex=\"0\" role=\"button\" aria-disabled=\"false\">\n<div class=\"ds-icon-button__hover-bg\"><\/div>\n<div class=\"ds-icon\"><\/div>\n<\/div>\n<\/div>\n<\/div>","protected":false},"excerpt":{"rendered":"<p>Redefine your lip look with a touch of edgy sophistication. The ibcccndc Cigarette Shape Lipstick Set presents four stunning shades\u2014Nude, Pink, Mauve, and Rose\u2014in a uniquely sleek,\u00a0cigarette-shaped tube\u00a0that&#8217;s as stylish to hold as it is to wear. Each lipstick boasts a\u00a0highly pigmented, matte waterproof formula\u00a0that delivers intense,\u00a0long-lasting color\u00a0in a single swipe. The smooth,\u00a0matt finish\u00a0glides on [&hellip;]<\/p>","protected":false},"featured_media":33292,"comment_status":"open","ping_status":"closed","template":"","meta":{"_monsterinsights_skip_tracking":false,"_monsterinsights_sitenote_active":false,"_monsterinsights_sitenote_note":"","_monsterinsights_sitenote_category":0},"product_brand":[],"product_cat":[15,123],"product_tag":[],"class_list":{"0":"post-33291","1":"product","2":"type-product","3":"status-publish","4":"has-post-thumbnail","6":"product_cat-uncategorized","7":"product_cat-makeup-beauty","9":"first","10":"instock","11":"shipping-taxable","12":"purchasable","13":"product-type-simple"},"aioseo_notices":[],"_links":{"self":[{"href":"https:\/\/xn--kbrsglobalstore-7kcc.com\/tr\/wp-json\/wp\/v2\/product\/33291","targetHints":{"allow":["GET"]}}],"collection":[{"href":"https:\/\/xn--kbrsglobalstore-7kcc.com\/tr\/wp-json\/wp\/v2\/product"}],"about":[{"href":"https:\/\/xn--kbrsglobalstore-7kcc.com\/tr\/wp-json\/wp\/v2\/types\/product"}],"replies":[{"embeddable":true,"href":"https:\/\/xn--kbrsglobalstore-7kcc.com\/tr\/wp-json\/wp\/v2\/comments?post=33291"}],"wp:featuredmedia":[{"embeddable":true,"href":"https:\/\/xn--kbrsglobalstore-7kcc.com\/tr\/wp-json\/wp\/v2\/media\/33292"}],"wp:attachment":[{"href":"https:\/\/xn--kbrsglobalstore-7kcc.com\/tr\/wp-json\/wp\/v2\/media?parent=33291"}],"wp:term":[{"taxonomy":"product_brand","embeddable":true,"href":"https:\/\/xn--kbrsglobalstore-7kcc.com\/tr\/wp-json\/wp\/v2\/product_brand?post=33291"},{"taxonomy":"product_cat","embeddable":true,"href":"https:\/\/xn--kbrsglobalstore-7kcc.com\/tr\/wp-json\/wp\/v2\/product_cat?post=33291"},{"taxonomy":"product_tag","embeddable":true,"href":"https:\/\/xn--kbrsglobalstore-7kcc.com\/tr\/wp-json\/wp\/v2\/product_tag?post=33291"}],"curies":[{"name":"wp","href":"https:\/\/api.w.org\/{rel}","templated":true}]}}