{"id":33281,"date":"2025-12-14T14:35:38","date_gmt":"2025-12-14T14:35:38","guid":{"rendered":"https:\/\/xn--kbrsglobalstore-7kcc.com\/?post_type=product&#038;p=33281"},"modified":"2025-12-16T19:38:24","modified_gmt":"2025-12-16T19:38:24","slug":"pramy-setting-spray-matte-finish-3-4-fl-oz-100ml-hydrate-illuminate-set-makeup-finishing-spray-makeup-primer-hydrating-setting-spraygift","status":"publish","type":"product","link":"https:\/\/xn--kbrsglobalstore-7kcc.com\/tr\/urun\/pramy-setting-spray-matte-finish-3-4-fl-oz-100ml-hydrate-illuminate-set-makeup-finishing-spray-makeup-primer-hydrating-setting-spraygift\/","title":{"rendered":"PRIMY Mat Biti\u015fli Sabitleyici Sprey 100 ml \u2013 Nemlendirir, Ayd\u0131nlat\u0131r, Sabitler"},"content":{"rendered":"<p>&nbsp;<\/p>\n<div class=\"ds-message _63c77b1\">\n<div class=\"ds-markdown\">\n<p class=\"ds-markdown-paragraph translation-block\">St\u00fcdyo kalitesinde kal\u0131c\u0131l\u0131kla g\u00f6r\u00fcn\u00fcm\u00fcn\u00fcz\u00fc sabitleyin. Mat biti\u015fli PRAMY Sabitleyici Sprey, g\u00fcn boyu taze ve kusursuz bir cilt i\u00e7in makyaj\u0131n\u0131z\u0131 nemlendirmek, ayd\u0131nlatmak ve sabitlemek \u00fczere tasarlanm\u0131\u015f, 3'\u00fc 1 arada temel makyaj sabitleyicinizdir.<\/p>\n<p class=\"ds-markdown-paragraph translation-block\">\u0130nce ve s\u00fcrekli p\u00fcsk\u00fcrtme \u00f6zelli\u011fi, cildinizi kurutmadan parlamay\u0131 kontrol eden, a\u011f\u0131rl\u0131ks\u0131z mat bir g\u00f6r\u00fcn\u00fcm sa\u011flar ve bu da onu t\u00fcm cilt tipleri i\u00e7in ideal k\u0131lar. Nemlendirici i\u00e7eriklerle zenginle\u015ftirilmi\u015f form\u00fcl\u00fc, cildi haz\u0131rlamak i\u00e7in makyaj baz\u0131 ve fond\u00f6ten, g\u00f6z far\u0131 ve all\u0131\u011f\u0131 sabitlemek i\u00e7in sabitleyici sprey olarak da kullan\u0131labilir; ter, nem ve bula\u015fmaya kar\u015f\u0131 dayan\u0131kl\u0131d\u0131r.<\/p>\n<p class=\"ds-markdown-paragraph translation-block\">Hem g\u00fcnl\u00fck kullan\u0131m hem de \u00f6zel g\u00fcnler i\u00e7in m\u00fckemmel olan bu 100 ml'lik \u015fi\u015fe, her g\u00fczellik rutininin olmazsa olmaz\u0131. Hediye olarak da verilebilecek bu \u00fcr\u00fcn, kusursuz ve uzun s\u00fcre kal\u0131c\u0131 mat bir g\u00f6r\u00fcn\u00fcm i\u00e7in en \u00fcst d\u00fczey nemlendirme ve sabitleme \u00e7\u00f6z\u00fcm\u00fcd\u00fcr.<\/p>\n<\/div>\n<\/div>\n<div class=\"ds-theme\"><\/div>\n<div class=\"ds-flex _0a3d93b\">\n<div class=\"ds-flex _965abe9 _54866f7\">\n<div class=\"db183363 ds-icon-button ds-icon-button--m ds-icon-button--sizing-container\" tabindex=\"0\" role=\"button\" aria-disabled=\"false\">\n<div class=\"ds-icon-button__hover-bg\"><\/div>\n<div class=\"ds-icon\"><\/div>\n<div class=\"ds-focus-ring\"><\/div>\n<\/div>\n<div class=\"db183363 ds-icon-button ds-icon-button--m ds-icon-button--sizing-container\" tabindex=\"0\" role=\"button\" aria-disabled=\"false\">\n<div class=\"ds-icon-button__hover-bg\"><\/div>\n<div class=\"ds-icon\"><\/div>\n<div class=\"ds-focus-ring\"><\/div>\n<\/div>\n<div class=\"db183363 ds-icon-button ds-icon-button--m ds-icon-button--sizing-container\" tabindex=\"0\" role=\"button\" aria-disabled=\"false\">\n<div class=\"ds-icon-button__hover-bg\"><\/div>\n<div class=\"ds-icon\"><\/div>\n<div class=\"ds-focus-ring\"><\/div>\n<\/div>\n<div class=\"db183363 ds-icon-button ds-icon-button--m ds-icon-button--sizing-container\" tabindex=\"0\" role=\"button\" aria-disabled=\"false\">\n<div class=\"ds-icon-button__hover-bg\"><\/div>\n<div class=\"ds-icon\"><\/div>\n<div class=\"ds-focus-ring\"><\/div>\n<\/div>\n<div class=\"db183363 ds-icon-button ds-icon-button--m ds-icon-button--sizing-container\" tabindex=\"0\" role=\"button\" aria-disabled=\"false\">\n<div class=\"ds-icon-button__hover-bg\"><\/div>\n<div class=\"ds-icon\"><\/div>\n<\/div>\n<\/div>\n<\/div>","protected":false},"excerpt":{"rendered":"<p>&nbsp; Lock in your look with studio-perfect longevity. The PRAMY Setting Spray in Matte Finish is your essential 3-in-1 makeup finisher, designed to\u00a0hydrate, illuminate, and set\u00a0your makeup for a fresh, flawless complexion that lasts all day. Its fine, continuous mist delivers a\u00a0weightless matte finish\u00a0that controls shine without drying out your skin, making it ideal for [&hellip;]<\/p>","protected":false},"featured_media":33282,"comment_status":"open","ping_status":"closed","template":"","meta":{"_monsterinsights_skip_tracking":false,"_monsterinsights_sitenote_active":false,"_monsterinsights_sitenote_note":"","_monsterinsights_sitenote_category":0},"product_brand":[],"product_cat":[15,123],"product_tag":[],"class_list":{"0":"post-33281","1":"product","2":"type-product","3":"status-publish","4":"has-post-thumbnail","6":"product_cat-uncategorized","7":"product_cat-makeup-beauty","9":"first","10":"instock","11":"shipping-taxable","12":"purchasable","13":"product-type-simple"},"aioseo_notices":[],"_links":{"self":[{"href":"https:\/\/xn--kbrsglobalstore-7kcc.com\/tr\/wp-json\/wp\/v2\/product\/33281","targetHints":{"allow":["GET"]}}],"collection":[{"href":"https:\/\/xn--kbrsglobalstore-7kcc.com\/tr\/wp-json\/wp\/v2\/product"}],"about":[{"href":"https:\/\/xn--kbrsglobalstore-7kcc.com\/tr\/wp-json\/wp\/v2\/types\/product"}],"replies":[{"embeddable":true,"href":"https:\/\/xn--kbrsglobalstore-7kcc.com\/tr\/wp-json\/wp\/v2\/comments?post=33281"}],"wp:featuredmedia":[{"embeddable":true,"href":"https:\/\/xn--kbrsglobalstore-7kcc.com\/tr\/wp-json\/wp\/v2\/media\/33282"}],"wp:attachment":[{"href":"https:\/\/xn--kbrsglobalstore-7kcc.com\/tr\/wp-json\/wp\/v2\/media?parent=33281"}],"wp:term":[{"taxonomy":"product_brand","embeddable":true,"href":"https:\/\/xn--kbrsglobalstore-7kcc.com\/tr\/wp-json\/wp\/v2\/product_brand?post=33281"},{"taxonomy":"product_cat","embeddable":true,"href":"https:\/\/xn--kbrsglobalstore-7kcc.com\/tr\/wp-json\/wp\/v2\/product_cat?post=33281"},{"taxonomy":"product_tag","embeddable":true,"href":"https:\/\/xn--kbrsglobalstore-7kcc.com\/tr\/wp-json\/wp\/v2\/product_tag?post=33281"}],"curies":[{"name":"wp","href":"https:\/\/api.w.org\/{rel}","templated":true}]}}