{"id":33273,"date":"2025-12-14T14:29:03","date_gmt":"2025-12-14T14:29:03","guid":{"rendered":"https:\/\/xn--kbrsglobalstore-7kcc.com\/?post_type=product&#038;p=33273"},"modified":"2025-12-17T20:15:47","modified_gmt":"2025-12-17T20:15:47","slug":"pc-white-comfortable-rabbit-fur-blanket-soft-warm-faux-fur-luxury-style-suitable-for-living-room-bedroom-sofa-and-more-available-in-large-double-and-extra-large-sizes-this-luxurious-fluffy","status":"publish","type":"product","link":"https:\/\/xn--kbrsglobalstore-7kcc.com\/tr\/urun\/pc-white-comfortable-rabbit-fur-blanket-soft-warm-faux-fur-luxury-style-suitable-for-living-room-bedroom-sofa-and-more-available-in-large-double-and-extra-large-sizes-this-luxurious-fluffy\/","title":{"rendered":"Beyaz Rahat Tav\u015fan K\u00fcrk\u00fc Battaniye"},"content":{"rendered":"<div class=\"ds-message _63c77b1\">\n<div class=\"ds-markdown\">\n<p class=\"ds-markdown-paragraph translation-block\">E\u015fsiz yumu\u015fakl\u0131\u011f\u0131n ve zamans\u0131z zarafetin tad\u0131n\u0131 \u00e7\u0131kar\u0131n, Beyaz Konforlu Tav\u015fan K\u00fcrk\u00fc Battaniye ile. L\u00fcks, y\u00fcksek yo\u011funluklu suni k\u00fcrkten ustal\u0131kla \u00fcretilen bu battaniye, ger\u00e7ek tav\u015fan k\u00fcrk\u00fcn\u00fcn muhte\u015fem hissini taklit ederek, dokunuldu\u011funda kar\u015f\u0131 konulmaz derecede yumu\u015fak ve ola\u011fan\u00fcst\u00fc s\u0131cakl\u0131k sa\u011flayan bulut benzeri, kabar\u0131k uzun bir doku sunar.<\/p>\n<p class=\"ds-markdown-paragraph translation-block\">Her mekan\u0131 g\u00fczelle\u015ftirmek i\u00e7in tasarlanan bu \u00fcr\u00fcn, temiz ve \u00e7ok y\u00f6nl\u00fc beyaz tonu ve yumu\u015fak dokusuyla oturma odan\u0131zdaki kanepe, yatak odas\u0131 dekorunuz veya okuma k\u00f6\u015feniz i\u00e7in m\u00fckemmel bir tamamlay\u0131c\u0131d\u0131r. B\u00fcy\u00fck, \u00c7ift ve Ekstra B\u00fcy\u00fck boyutlarda mevcut olan bu \u00fcr\u00fcn, ister \u015f\u0131k bir \u00f6rt\u00fc, ister yata\u011f\u0131n\u0131zda rahat bir katman, isterse so\u011fuk ak\u015famlarda rahatlat\u0131c\u0131 bir \u015fal olarak kullan\u0131ls\u0131n, geni\u015f bir alan\u0131 kaplar.<\/p>\n<p class=\"ds-markdown-paragraph translation-block\">Bu sadece bir battaniye de\u011fil, konfor ve stilin bir ifadesi. Ev, \u00f6\u011frenci yurtlar\u0131 veya okula d\u00f6n\u00fc\u015f sezonu i\u00e7in ideal olan bu battaniye, her rahatlama an\u0131na bir dokunu\u015f l\u00fcks ve s\u0131cac\u0131kl\u0131k kat\u0131yor.<\/p>\n<\/div>\n<\/div>\n<div class=\"ds-theme\"><\/div>\n<div class=\"ds-flex _0a3d93b\">\n<div class=\"ds-flex _965abe9 _54866f7\">\n<div class=\"db183363 ds-icon-button ds-icon-button--m ds-icon-button--sizing-container\" tabindex=\"0\" role=\"button\" aria-disabled=\"false\">\n<div class=\"ds-icon-button__hover-bg\"><\/div>\n<div class=\"ds-icon\"><\/div>\n<div class=\"ds-focus-ring\"><\/div>\n<\/div>\n<div class=\"db183363 ds-icon-button ds-icon-button--m ds-icon-button--sizing-container\" tabindex=\"0\" role=\"button\" aria-disabled=\"false\">\n<div class=\"ds-icon-button__hover-bg\"><\/div>\n<div class=\"ds-icon\"><\/div>\n<div class=\"ds-focus-ring\"><\/div>\n<\/div>\n<div class=\"db183363 ds-icon-button ds-icon-button--m ds-icon-button--sizing-container\" tabindex=\"0\" role=\"button\" aria-disabled=\"false\">\n<div class=\"ds-icon-button__hover-bg\"><\/div>\n<div class=\"ds-icon\"><\/div>\n<div class=\"ds-focus-ring\"><\/div>\n<\/div>\n<div class=\"db183363 ds-icon-button ds-icon-button--m ds-icon-button--sizing-container\" tabindex=\"0\" role=\"button\" aria-disabled=\"false\">\n<div class=\"ds-icon-button__hover-bg\"><\/div>\n<div class=\"ds-icon\"><\/div>\n<div class=\"ds-focus-ring\"><\/div>\n<\/div>\n<div class=\"db183363 ds-icon-button ds-icon-button--m ds-icon-button--sizing-container\" tabindex=\"0\" role=\"button\" aria-disabled=\"false\">\n<div class=\"ds-icon-button__hover-bg\"><\/div>\n<div class=\"ds-icon\"><\/div>\n<\/div>\n<\/div>\n<\/div>","protected":false},"excerpt":{"rendered":"<p>Indulge in unparalleled softness and timeless elegance with the White Comfortable Rabbit Fur Blanket. Expertly crafted from\u00a0luxurious, high-density faux fur, this blanket mimics the sumptuous feel of real rabbit fur, offering a\u00a0cloud-like, fluffy long pile\u00a0that is irresistibly soft to the touch and provides exceptional warmth. Designed to elevate any space, its\u00a0clean, versatile white hue\u00a0and\u00a0plush texture\u00a0make [&hellip;]<\/p>","protected":false},"featured_media":33274,"comment_status":"open","ping_status":"closed","template":"","meta":{"_monsterinsights_skip_tracking":false,"_monsterinsights_sitenote_active":false,"_monsterinsights_sitenote_note":"","_monsterinsights_sitenote_category":0},"product_brand":[],"product_cat":[15,135,120],"product_tag":[],"class_list":{"0":"post-33273","1":"product","2":"type-product","3":"status-publish","4":"has-post-thumbnail","6":"product_cat-uncategorized","7":"product_cat-bedding-bath","8":"product_cat-home-textiles","10":"first","11":"instock","12":"shipping-taxable","13":"purchasable","14":"product-type-simple"},"aioseo_notices":[],"_links":{"self":[{"href":"https:\/\/xn--kbrsglobalstore-7kcc.com\/tr\/wp-json\/wp\/v2\/product\/33273","targetHints":{"allow":["GET"]}}],"collection":[{"href":"https:\/\/xn--kbrsglobalstore-7kcc.com\/tr\/wp-json\/wp\/v2\/product"}],"about":[{"href":"https:\/\/xn--kbrsglobalstore-7kcc.com\/tr\/wp-json\/wp\/v2\/types\/product"}],"replies":[{"embeddable":true,"href":"https:\/\/xn--kbrsglobalstore-7kcc.com\/tr\/wp-json\/wp\/v2\/comments?post=33273"}],"wp:featuredmedia":[{"embeddable":true,"href":"https:\/\/xn--kbrsglobalstore-7kcc.com\/tr\/wp-json\/wp\/v2\/media\/33274"}],"wp:attachment":[{"href":"https:\/\/xn--kbrsglobalstore-7kcc.com\/tr\/wp-json\/wp\/v2\/media?parent=33273"}],"wp:term":[{"taxonomy":"product_brand","embeddable":true,"href":"https:\/\/xn--kbrsglobalstore-7kcc.com\/tr\/wp-json\/wp\/v2\/product_brand?post=33273"},{"taxonomy":"product_cat","embeddable":true,"href":"https:\/\/xn--kbrsglobalstore-7kcc.com\/tr\/wp-json\/wp\/v2\/product_cat?post=33273"},{"taxonomy":"product_tag","embeddable":true,"href":"https:\/\/xn--kbrsglobalstore-7kcc.com\/tr\/wp-json\/wp\/v2\/product_tag?post=33273"}],"curies":[{"name":"wp","href":"https:\/\/api.w.org\/{rel}","templated":true}]}}