{"id":33263,"date":"2025-12-14T14:25:26","date_gmt":"2025-12-14T14:25:26","guid":{"rendered":"https:\/\/xn--kbrsglobalstore-7kcc.com\/?post_type=product&#038;p=33263"},"modified":"2025-12-16T19:42:06","modified_gmt":"2025-12-16T19:42:06","slug":"2-3pcs-purple-duvet-cover-set-bedding-set-solid-color-skin-friendly-comforter-cover-set-simple-style-quilt-cover-set-comfortable-and-soft-breathable-for-single-twin-full-king-queen-bed-sizes-id","status":"publish","type":"product","link":"https:\/\/xn--kbrsglobalstore-7kcc.com\/tr\/urun\/2-3pcs-purple-duvet-cover-set-bedding-set-solid-color-skin-friendly-comforter-cover-set-simple-style-quilt-cover-set-comfortable-and-soft-breathable-for-single-twin-full-king-queen-bed-sizes-id\/","title":{"rendered":"2\/3 par\u00e7al\u0131 Mor Nevresim Tak\u0131m\u0131, Yatak Tak\u0131m\u0131"},"content":{"rendered":"<div class=\"dad65929\">\n<div class=\"_4f9bf79 d7dc56a8 _43c05b5\">\n<div class=\"ds-message _63c77b1\">\n<div class=\"ds-markdown\">\n<p class=\"ds-markdown-paragraph translation-block\">Yatak odan\u0131za dingin bir zarafet ve modern konfor kat\u0131n. Mor Nevresim Tak\u0131m\u0131, rahat ve dinlendirici bir gece uykusu sa\u011flayan nefes alabilen, cilt dostu kuma\u015ftan \u00fcretilmi\u015f, sakinle\u015ftirici bir mor tonunda \u015f\u0131k, d\u00fcz renk bir tasar\u0131m sunar. Sade ve temiz tarz\u0131, \u00e7a\u011fda\u015fdan rahat geleneksele kadar her t\u00fcrl\u00fc yatak odas\u0131 dekoruna zahmetsizce uyum sa\u011flar.<\/p>\n<p class=\"ds-markdown-paragraph translation-block\">Bu set, kullan\u0131\u015fl\u0131l\u0131k ve \u00e7ok y\u00f6nl\u00fcl\u00fck d\u00fc\u015f\u00fcn\u00fclerek tasarlanm\u0131\u015ft\u0131r ve tek ki\u015filik\/\u00e7ift ki\u015filik, \u00e7ift ki\u015filik, krali\u00e7e veya kral yatak \u00f6l\u00e7\u00fclerine uyacak \u015fekilde birden fazla konfig\u00fcrasyonda (<strong>2 par\u00e7al\u0131 veya 3 par\u00e7al\u0131 setler<\/strong>) mevcuttur. Her set <strong>1 nevresim k\u0131l\u0131f\u0131 ve 1 veya 2 uyumlu yast\u0131k k\u0131l\u0131f\u0131<\/strong> i\u00e7erir (dolgu dahil de\u011fildir), bu da onu ana yatak odan\u0131z, misafir odan\u0131z veya \u00f6\u011frenci yurdunuz i\u00e7in m\u00fckemmel bir se\u00e7im haline getirir.<\/p>\n<p class=\"ds-markdown-paragraph translation-block\">Pratik ve bak\u0131m\u0131 kolay olan bu set, dayan\u0131kl\u0131 ve makinede y\u0131kanabilir \u00f6zelli\u011fiyle uzun s\u00fcreli yumu\u015fakl\u0131k ve renk canl\u0131l\u0131\u011f\u0131 vaat ediyor. Stil, konfor ve i\u015flevselli\u011fin m\u00fckemmel birle\u015fimi olan bu nevresim tak\u0131m\u0131, yata\u011f\u0131n\u0131z\u0131 l\u00fcks ve davetkar bir dinlenme alan\u0131na d\u00f6n\u00fc\u015ft\u00fcr\u00fcyor.<\/p>\n<\/div>\n<\/div>\n<div class=\"ds-theme\"><\/div>\n<div class=\"ds-flex _0a3d93b\">\n<div class=\"ds-flex _965abe9 _54866f7\">\n<div class=\"db183363 ds-icon-button ds-icon-button--m ds-icon-button--sizing-container\" tabindex=\"0\" role=\"button\" aria-disabled=\"false\">\n<div class=\"ds-icon-button__hover-bg\"><\/div>\n<div class=\"ds-icon\"><\/div>\n<div class=\"ds-focus-ring\"><\/div>\n<\/div>\n<div class=\"db183363 ds-icon-button ds-icon-button--m ds-icon-button--sizing-container\" tabindex=\"0\" role=\"button\" aria-disabled=\"false\">\n<div class=\"ds-icon-button__hover-bg\"><\/div>\n<div class=\"ds-icon\"><\/div>\n<div class=\"ds-focus-ring\"><\/div>\n<\/div>\n<div class=\"db183363 ds-icon-button ds-icon-button--m ds-icon-button--sizing-container\" tabindex=\"0\" role=\"button\" aria-disabled=\"false\">\n<div class=\"ds-icon-button__hover-bg\"><\/div>\n<div class=\"ds-icon\"><\/div>\n<div class=\"ds-focus-ring\"><\/div>\n<\/div>\n<div class=\"db183363 ds-icon-button ds-icon-button--m ds-icon-button--sizing-container\" tabindex=\"0\" role=\"button\" aria-disabled=\"false\">\n<div class=\"ds-icon-button__hover-bg\"><\/div>\n<div class=\"ds-icon\"><\/div>\n<div class=\"ds-focus-ring\"><\/div>\n<\/div>\n<div class=\"db183363 ds-icon-button ds-icon-button--m ds-icon-button--sizing-container\" tabindex=\"0\" role=\"button\" aria-disabled=\"false\">\n<div class=\"ds-icon-button__hover-bg\"><\/div>\n<div class=\"ds-icon\"><\/div>\n<div class=\"ds-focus-ring\"><\/div>\n<\/div>\n<\/div>\n<div><\/div>\n<\/div>\n<\/div>\n<\/div>\n<div class=\"_871cbca\">\n<div class=\"d72636e2\"><\/div>\n<div class=\"aaff8b8f\">\n<div class=\"_77cefa5 _3d616d3\">\n<div class=\"_020ab5b\">\n<div class=\"_24fad49\">\n<div class=\"ds-scroll-area__gutters\">\n<div class=\"ds-scroll-area__horizontal-gutter\"><\/div>\n<div class=\"ds-scroll-area__vertical-gutter\"><\/div>\n<\/div>\n<\/div>\n<\/div>\n<\/div>\n<\/div>\n<\/div>","protected":false},"excerpt":{"rendered":"<p>Elevate your bedroom with a touch of serene elegance and modern comfort. The Purple Duvet Cover Set presents a\u00a0stylish, solid color design\u00a0in a calming purple hue, crafted from\u00a0breathable, skin-friendly fabric\u00a0that ensures a comfortable and restful night\u2019s sleep. The\u00a0simple, clean style\u00a0effortlessly complements any bedroom decor, from contemporary to cozy traditional. This set is thoughtfully designed for [&hellip;]<\/p>","protected":false},"featured_media":33264,"comment_status":"open","ping_status":"closed","template":"","meta":{"_monsterinsights_skip_tracking":false,"_monsterinsights_sitenote_active":false,"_monsterinsights_sitenote_note":"","_monsterinsights_sitenote_category":0},"product_brand":[],"product_cat":[15,135],"product_tag":[],"class_list":{"0":"post-33263","1":"product","2":"type-product","3":"status-publish","4":"has-post-thumbnail","6":"product_cat-uncategorized","7":"product_cat-bedding-bath","9":"first","10":"instock","11":"shipping-taxable","12":"purchasable","13":"product-type-simple"},"aioseo_notices":[],"_links":{"self":[{"href":"https:\/\/xn--kbrsglobalstore-7kcc.com\/tr\/wp-json\/wp\/v2\/product\/33263","targetHints":{"allow":["GET"]}}],"collection":[{"href":"https:\/\/xn--kbrsglobalstore-7kcc.com\/tr\/wp-json\/wp\/v2\/product"}],"about":[{"href":"https:\/\/xn--kbrsglobalstore-7kcc.com\/tr\/wp-json\/wp\/v2\/types\/product"}],"replies":[{"embeddable":true,"href":"https:\/\/xn--kbrsglobalstore-7kcc.com\/tr\/wp-json\/wp\/v2\/comments?post=33263"}],"wp:featuredmedia":[{"embeddable":true,"href":"https:\/\/xn--kbrsglobalstore-7kcc.com\/tr\/wp-json\/wp\/v2\/media\/33264"}],"wp:attachment":[{"href":"https:\/\/xn--kbrsglobalstore-7kcc.com\/tr\/wp-json\/wp\/v2\/media?parent=33263"}],"wp:term":[{"taxonomy":"product_brand","embeddable":true,"href":"https:\/\/xn--kbrsglobalstore-7kcc.com\/tr\/wp-json\/wp\/v2\/product_brand?post=33263"},{"taxonomy":"product_cat","embeddable":true,"href":"https:\/\/xn--kbrsglobalstore-7kcc.com\/tr\/wp-json\/wp\/v2\/product_cat?post=33263"},{"taxonomy":"product_tag","embeddable":true,"href":"https:\/\/xn--kbrsglobalstore-7kcc.com\/tr\/wp-json\/wp\/v2\/product_tag?post=33263"}],"curies":[{"name":"wp","href":"https:\/\/api.w.org\/{rel}","templated":true}]}}