{"id":33254,"date":"2025-12-14T14:19:40","date_gmt":"2025-12-14T14:19:40","guid":{"rendered":"https:\/\/xn--kbrsglobalstore-7kcc.com\/?post_type=product&#038;p=33254"},"modified":"2025-12-17T20:15:47","modified_gmt":"2025-12-17T20:15:47","slug":"3pcs-military-green-dormitory-bedroom-bedding-set-includes-1pc-duvet-cover-2pcs-pillowcases-with-no-filling-machine-washable","status":"publish","type":"product","link":"https:\/\/xn--kbrsglobalstore-7kcc.com\/tr\/urun\/3pcs-military-green-dormitory-bedroom-bedding-set-includes-1pc-duvet-cover-2pcs-pillowcases-with-no-filling-machine-washable\/","title":{"rendered":"3 Par\u00e7a Koyu Mavi ve Lacivert Renk Erkekler \u0130\u00e7in D\u00f6rt Mevsim D\u00fcz Renk F\u0131r\u00e7alanm\u0131\u015f Nevresim Tak\u0131m\u0131 (Yast\u0131k K\u0131l\u0131flar\u0131 Dahil)"},"content":{"rendered":"<div class=\"ds-message _63c77b1\">\n<div class=\"ds-markdown\">\n<p class=\"ds-markdown-paragraph translation-block\">Sa\u011flam tarz ve g\u00fcnl\u00fck konforun m\u00fckemmel bir kar\u0131\u015f\u0131m\u0131 olan 3 par\u00e7al\u0131 Asker Ye\u015fili Nevresim Tak\u0131m\u0131, yatak odan\u0131za modern ve \u00e7ok y\u00f6nl\u00fc bir g\u00f6r\u00fcn\u00fcm kazand\u0131rarak yenilemenizi sa\u011flar. Tak\u0131m, zengin, do\u011fal bir asker ye\u015fili tonuyla her t\u00fcrl\u00fc \u00f6\u011frenci yurduna veya yatak odas\u0131na sofistike, do\u011fadan ilham alan bir sakinlik kat\u0131yor.<\/p>\n<p class=\"ds-markdown-paragraph translation-block\">Bu set, rahat ve dinlendirici bir uyku sa\u011flayan yumu\u015fak, nefes alabilen kuma\u015ftan \u00fcretilmi\u015f <strong>1 dayan\u0131kl\u0131 nevresim tak\u0131m\u0131 ve 2 uyumlu yast\u0131k k\u0131l\u0131f\u0131<\/strong> i\u00e7erir (i\u00e7 dolgu dahil de\u011fildir). <strong>Sade, d\u00fcz renk tasar\u0131m\u0131<\/strong>, \u00e7e\u015fitli dekorasyon stilleriyle zahmetsizce uyum sa\u011flayarak, b\u00fct\u00fcnl\u00fckl\u00fc ve ama\u00e7l\u0131 bir g\u00f6r\u00fcn\u00fcm yaratmay\u0131 kolayla\u015ft\u0131r\u0131r.<\/p>\n<p class=\"ds-markdown-paragraph translation-block\">Pratik ve az bak\u0131m gerektiren bu setin tamam\u0131, zahmetsiz bak\u0131m i\u00e7in makinede y\u0131kanabilir ve y\u0131kamadan sonra bile rengini ve yumu\u015fakl\u0131\u011f\u0131n\u0131 korur. \u00d6\u011frenciler, minimalistler veya \u015f\u0131k ve i\u015flevsel bir yatak tak\u0131m\u0131 yenilemesi arayan herkes i\u00e7in olmazsa olmaz bir y\u00fckseltme.<\/p>\n<\/div>\n<\/div>\n<div class=\"ds-theme\"><\/div>\n<div class=\"ds-flex _0a3d93b\">\n<div class=\"ds-flex _965abe9 _54866f7\">\n<div class=\"db183363 ds-icon-button ds-icon-button--m ds-icon-button--sizing-container\" tabindex=\"0\" role=\"button\" aria-disabled=\"false\">\n<div class=\"ds-icon-button__hover-bg\"><\/div>\n<div class=\"ds-icon\"><\/div>\n<div class=\"ds-focus-ring\"><\/div>\n<\/div>\n<div class=\"db183363 ds-icon-button ds-icon-button--m ds-icon-button--sizing-container\" tabindex=\"0\" role=\"button\" aria-disabled=\"false\">\n<div class=\"ds-icon-button__hover-bg\"><\/div>\n<div class=\"ds-icon\"><\/div>\n<div class=\"ds-focus-ring\"><\/div>\n<\/div>\n<div class=\"db183363 ds-icon-button ds-icon-button--m ds-icon-button--sizing-container\" tabindex=\"0\" role=\"button\" aria-disabled=\"false\">\n<div class=\"ds-icon-button__hover-bg\"><\/div>\n<div class=\"ds-icon\"><\/div>\n<div class=\"ds-focus-ring\"><\/div>\n<\/div>\n<div class=\"db183363 ds-icon-button ds-icon-button--m ds-icon-button--sizing-container\" tabindex=\"0\" role=\"button\" aria-disabled=\"false\">\n<div class=\"ds-icon-button__hover-bg\"><\/div>\n<div class=\"ds-icon\"><\/div>\n<div class=\"ds-focus-ring\"><\/div>\n<\/div>\n<div class=\"db183363 ds-icon-button ds-icon-button--m ds-icon-button--sizing-container\" tabindex=\"0\" role=\"button\" aria-disabled=\"false\">\n<div class=\"ds-icon-button__hover-bg\"><\/div>\n<div class=\"ds-icon\"><\/div>\n<\/div>\n<\/div>\n<\/div>","protected":false},"excerpt":{"rendered":"<p>Introducing the 3-Piece Military Green Bedding Set, a perfect blend of rugged style and everyday comfort, designed to refresh your sleeping space with a modern, versatile look. The set features a rich, earthy\u00a0military green hue\u00a0that adds a touch of sophisticated, nature-inspired calm to any\u00a0dormitory or bedroom. This set includes\u00a01 durable duvet cover and 2 matching [&hellip;]<\/p>","protected":false},"featured_media":33255,"comment_status":"open","ping_status":"closed","template":"","meta":{"_monsterinsights_skip_tracking":false,"_monsterinsights_sitenote_active":false,"_monsterinsights_sitenote_note":"","_monsterinsights_sitenote_category":0},"product_brand":[],"product_cat":[15,135,120],"product_tag":[],"class_list":{"0":"post-33254","1":"product","2":"type-product","3":"status-publish","4":"has-post-thumbnail","6":"product_cat-uncategorized","7":"product_cat-bedding-bath","8":"product_cat-home-textiles","10":"first","11":"instock","12":"shipping-taxable","13":"purchasable","14":"product-type-simple"},"aioseo_notices":[],"_links":{"self":[{"href":"https:\/\/xn--kbrsglobalstore-7kcc.com\/tr\/wp-json\/wp\/v2\/product\/33254","targetHints":{"allow":["GET"]}}],"collection":[{"href":"https:\/\/xn--kbrsglobalstore-7kcc.com\/tr\/wp-json\/wp\/v2\/product"}],"about":[{"href":"https:\/\/xn--kbrsglobalstore-7kcc.com\/tr\/wp-json\/wp\/v2\/types\/product"}],"replies":[{"embeddable":true,"href":"https:\/\/xn--kbrsglobalstore-7kcc.com\/tr\/wp-json\/wp\/v2\/comments?post=33254"}],"wp:featuredmedia":[{"embeddable":true,"href":"https:\/\/xn--kbrsglobalstore-7kcc.com\/tr\/wp-json\/wp\/v2\/media\/33255"}],"wp:attachment":[{"href":"https:\/\/xn--kbrsglobalstore-7kcc.com\/tr\/wp-json\/wp\/v2\/media?parent=33254"}],"wp:term":[{"taxonomy":"product_brand","embeddable":true,"href":"https:\/\/xn--kbrsglobalstore-7kcc.com\/tr\/wp-json\/wp\/v2\/product_brand?post=33254"},{"taxonomy":"product_cat","embeddable":true,"href":"https:\/\/xn--kbrsglobalstore-7kcc.com\/tr\/wp-json\/wp\/v2\/product_cat?post=33254"},{"taxonomy":"product_tag","embeddable":true,"href":"https:\/\/xn--kbrsglobalstore-7kcc.com\/tr\/wp-json\/wp\/v2\/product_tag?post=33254"}],"curies":[{"name":"wp","href":"https:\/\/api.w.org\/{rel}","templated":true}]}}