{"id":33245,"date":"2025-12-14T14:14:35","date_gmt":"2025-12-14T14:14:35","guid":{"rendered":"https:\/\/xn--kbrsglobalstore-7kcc.com\/?post_type=product&#038;p=33245"},"modified":"2025-12-17T20:15:47","modified_gmt":"2025-12-17T20:15:47","slug":"3pcs-dark-blue-and-navy-blue-color-mens-four-seasons-solid-color-brushed-bedding-set-with-pillowcases","status":"publish","type":"product","link":"https:\/\/xn--kbrsglobalstore-7kcc.com\/tr\/urun\/3pcs-dark-blue-and-navy-blue-color-mens-four-seasons-solid-color-brushed-bedding-set-with-pillowcases\/","title":{"rendered":"3 Par\u00e7a Koyu Mavi ve Lacivert Renk Erkekler \u0130\u00e7in D\u00f6rt Mevsim D\u00fcz Renk F\u0131r\u00e7alanm\u0131\u015f Nevresim Tak\u0131m\u0131 (Yast\u0131k K\u0131l\u0131flar\u0131 Dahil)"},"content":{"rendered":"<div class=\"ds-message _63c77b1\">\n<div class=\"ds-markdown\">\n<p class=\"ds-markdown-paragraph translation-block\">Konfor ve zamans\u0131z stil i\u00e7in tasarlanan 3 Par\u00e7al\u0131 Koyu ve Lacivert Erkek Yatak Tak\u0131m\u0131, her mevsim i\u00e7in m\u00fckemmel olan sofistike, katmanl\u0131 bir g\u00f6r\u00fcn\u00fcm sunar. Bu tak\u0131m, her yatak odas\u0131nda modern ve dinlendirici bir atmosfer yaratan temiz, d\u00fcz renkli bir tasar\u0131mda sunulan zengin, mask\u00fclen bir koyu mavi ve klasik lacivert paletine sahiptir.<\/p>\n<p class=\"ds-markdown-paragraph translation-block\">Y\u0131l boyu konfor i\u00e7in tasarlanan bu nevresim tak\u0131m\u0131, so\u011fuk aylarda ola\u011fan\u00fcst\u00fc s\u0131cakl\u0131k sa\u011flarken s\u0131cak gecelerde de nefes alabilirli\u011fini koruyan yumu\u015fak, f\u0131r\u00e7alanm\u0131\u015f bir kuma\u015ftan \u00fcretilmi\u015ftir. Set, dayan\u0131kl\u0131 ve bak\u0131m\u0131 kolay malzemeden \u00fcretilmi\u015f bir nevresim k\u0131l\u0131f\u0131 ve iki adet uyumlu yast\u0131k k\u0131l\u0131f\u0131ndan olu\u015fmaktad\u0131r (i\u00e7 dolgu dahil de\u011fildir).<\/p>\n<p class=\"ds-markdown-paragraph translation-block\">\u015e\u0131k ve minimalist bir g\u00f6r\u00fcn\u00fcm yaratmak i\u00e7in ideal olan bu nevresim tak\u0131m\u0131 hem \u015f\u0131k hem de pratiktir. <strong>Makinede y\u0131kanabilir<\/strong> \u00f6zelli\u011fi sayesinde zahmetsiz bak\u0131m imkan\u0131 sunan bu tak\u0131m, modern bir erkek yatak odas\u0131na veya misafir odas\u0131na kusursuz bir \u015fekilde uyum sa\u011flayan g\u00fcvenilir ve konforlu bir se\u00e7imdir.<\/p>\n<\/div>\n<\/div>\n<div class=\"ds-theme\"><\/div>\n<div class=\"ds-flex _0a3d93b\">\n<div class=\"ds-flex _965abe9 _54866f7\">\n<div class=\"db183363 ds-icon-button ds-icon-button--m ds-icon-button--sizing-container\" tabindex=\"0\" role=\"button\" aria-disabled=\"false\">\n<div class=\"ds-icon-button__hover-bg\"><\/div>\n<div class=\"ds-icon\"><\/div>\n<div class=\"ds-focus-ring\"><\/div>\n<\/div>\n<div class=\"db183363 ds-icon-button ds-icon-button--m ds-icon-button--sizing-container\" tabindex=\"0\" role=\"button\" aria-disabled=\"false\">\n<div class=\"ds-icon-button__hover-bg\"><\/div>\n<div class=\"ds-icon\"><\/div>\n<div class=\"ds-focus-ring\"><\/div>\n<\/div>\n<div class=\"db183363 ds-icon-button ds-icon-button--m ds-icon-button--sizing-container\" tabindex=\"0\" role=\"button\" aria-disabled=\"false\">\n<div class=\"ds-icon-button__hover-bg\"><\/div>\n<div class=\"ds-icon\"><\/div>\n<div class=\"ds-focus-ring\"><\/div>\n<\/div>\n<div class=\"db183363 ds-icon-button ds-icon-button--m ds-icon-button--sizing-container\" tabindex=\"0\" role=\"button\" aria-disabled=\"false\">\n<div class=\"ds-icon-button__hover-bg\"><\/div>\n<div class=\"ds-icon\"><\/div>\n<div class=\"ds-focus-ring\"><\/div>\n<\/div>\n<div class=\"db183363 ds-icon-button ds-icon-button--m ds-icon-button--sizing-container\" tabindex=\"0\" role=\"button\" aria-disabled=\"false\">\n<div class=\"ds-icon-button__hover-bg\"><\/div>\n<div class=\"ds-icon\"><\/div>\n<\/div>\n<\/div>\n<\/div>","protected":false},"excerpt":{"rendered":"<p>Designed for comfort and timeless style, the 3-Piece Dark &amp; Navy Blue Men&#8217;s Brushed Bedding Set offers a sophisticated, layered look that\u2019s perfect for any season. This set features a rich, masculine palette of\u00a0deep dark blue and classic navy blue, presented in a clean,\u00a0solid color design\u00a0that creates a modern and restful atmosphere in any bedroom. [&hellip;]<\/p>","protected":false},"featured_media":33246,"comment_status":"open","ping_status":"closed","template":"","meta":{"_monsterinsights_skip_tracking":false,"_monsterinsights_sitenote_active":false,"_monsterinsights_sitenote_note":"","_monsterinsights_sitenote_category":0},"product_brand":[],"product_cat":[15,135,120],"product_tag":[],"class_list":{"0":"post-33245","1":"product","2":"type-product","3":"status-publish","4":"has-post-thumbnail","6":"product_cat-uncategorized","7":"product_cat-bedding-bath","8":"product_cat-home-textiles","10":"first","11":"instock","12":"shipping-taxable","13":"purchasable","14":"product-type-simple"},"aioseo_notices":[],"_links":{"self":[{"href":"https:\/\/xn--kbrsglobalstore-7kcc.com\/tr\/wp-json\/wp\/v2\/product\/33245","targetHints":{"allow":["GET"]}}],"collection":[{"href":"https:\/\/xn--kbrsglobalstore-7kcc.com\/tr\/wp-json\/wp\/v2\/product"}],"about":[{"href":"https:\/\/xn--kbrsglobalstore-7kcc.com\/tr\/wp-json\/wp\/v2\/types\/product"}],"replies":[{"embeddable":true,"href":"https:\/\/xn--kbrsglobalstore-7kcc.com\/tr\/wp-json\/wp\/v2\/comments?post=33245"}],"wp:featuredmedia":[{"embeddable":true,"href":"https:\/\/xn--kbrsglobalstore-7kcc.com\/tr\/wp-json\/wp\/v2\/media\/33246"}],"wp:attachment":[{"href":"https:\/\/xn--kbrsglobalstore-7kcc.com\/tr\/wp-json\/wp\/v2\/media?parent=33245"}],"wp:term":[{"taxonomy":"product_brand","embeddable":true,"href":"https:\/\/xn--kbrsglobalstore-7kcc.com\/tr\/wp-json\/wp\/v2\/product_brand?post=33245"},{"taxonomy":"product_cat","embeddable":true,"href":"https:\/\/xn--kbrsglobalstore-7kcc.com\/tr\/wp-json\/wp\/v2\/product_cat?post=33245"},{"taxonomy":"product_tag","embeddable":true,"href":"https:\/\/xn--kbrsglobalstore-7kcc.com\/tr\/wp-json\/wp\/v2\/product_tag?post=33245"}],"curies":[{"name":"wp","href":"https:\/\/api.w.org\/{rel}","templated":true}]}}