{"id":33237,"date":"2025-12-14T14:09:58","date_gmt":"2025-12-14T14:09:58","guid":{"rendered":"https:\/\/xn--kbrsglobalstore-7kcc.com\/?post_type=product&#038;p=33237"},"modified":"2025-12-16T19:42:24","modified_gmt":"2025-12-16T19:42:24","slug":"1pc-japanese-bath-brush-long-handle-back-scrub-brush-with-dual-function-exfoliating-showering-soft-bristles-for-full-body-use-heavy-back-legs-arms-sensitive-light-beige-pink-white-bris","status":"publish","type":"product","link":"https:\/\/xn--kbrsglobalstore-7kcc.com\/tr\/urun\/1pc-japanese-bath-brush-long-handle-back-scrub-brush-with-dual-function-exfoliating-showering-soft-bristles-for-full-body-use-heavy-back-legs-arms-sensitive-light-beige-pink-white-bris\/","title":{"rendered":"Japon Banyo F\u0131r\u00e7as\u0131 \u2013 Uzun Sapl\u0131, \u00c7ift Fonksiyonlu S\u0131rt Ovma F\u0131r\u00e7as\u0131"},"content":{"rendered":"<div class=\"ds-message _63c77b1\">\n<div class=\"ds-markdown\">\n<p class=\"ds-markdown-paragraph translation-block\">Japon Uzun Sapl\u0131 Banyo F\u0131r\u00e7as\u0131 ile banyo rit\u00fcelinizi bir \u00fcst seviyeye ta\u015f\u0131y\u0131n. Geleneksel bir hamam\u0131n titiz bak\u0131m\u0131n\u0131 evinize getiren, g\u00fczel tasarlanm\u0131\u015f bu alet, uzmanl\u0131kla tasarlanm\u0131\u015f \u00e7ift fonksiyonlu ba\u015fl\u0131\u011f\u0131yla, nazik peeling k\u0131llar\u0131n\u0131 daha yumu\u015fak masaj b\u00f6l\u00fcm\u00fcyle birle\u015ftirerek ferahlat\u0131c\u0131 ve canland\u0131r\u0131c\u0131 bir tam v\u00fccut temizli\u011fi sa\u011flar.<\/p>\n<p class=\"ds-markdown-paragraph translation-block\">Uzat\u0131lm\u0131\u015f, ergonomik uzun sap\u0131, s\u0131rt\u0131n\u0131z\u0131n, omuzlar\u0131n\u0131z\u0131n, bacaklar\u0131n\u0131z\u0131n ve kollar\u0131n\u0131z\u0131n her yerine zahmetsizce ula\u015farak ba\u011f\u0131ms\u0131zl\u0131\u011f\u0131 ve kapsaml\u0131 temizli\u011fi destekler. Hassas a\u00e7\u0131k bej bir taban \u00fczerinde yumu\u015fak pembe ve beyaz k\u0131llar\u0131n bir kar\u0131\u015f\u0131m\u0131na sahip olan bu f\u0131r\u00e7a, hem etkili hem de naziktir ve t\u00fcm cilt tipleri i\u00e7in uygundur.<\/p>\n<p class=\"ds-markdown-paragraph translation-block\">Du\u015fta veya k\u00fcvette kullan\u0131m i\u00e7in m\u00fckemmel olan bu f\u0131r\u00e7a, kan dola\u015f\u0131m\u0131n\u0131 h\u0131zland\u0131rmaya, \u00f6l\u00fc deri h\u00fccrelerini temizlemeye ve cildinizin do\u011fal \u0131\u015f\u0131lt\u0131s\u0131n\u0131 art\u0131rmaya yard\u0131mc\u0131 olur. Herhangi bir ki\u015fisel bak\u0131m rutinine d\u00fc\u015f\u00fcnceli bir katk\u0131 olan bu f\u0131r\u00e7a, canland\u0131r\u0131c\u0131 bir deneyim i\u00e7in pratik i\u015flevselli\u011fi sakin Japon esintili estetikle birle\u015ftirir.<\/p>\n<\/div>\n<\/div>\n<div class=\"ds-theme\"><\/div>\n<div class=\"ds-flex _0a3d93b\">\n<div class=\"ds-flex _965abe9 _54866f7\">\n<div class=\"db183363 ds-icon-button ds-icon-button--m ds-icon-button--sizing-container\" tabindex=\"0\" role=\"button\" aria-disabled=\"false\">\n<div class=\"ds-icon-button__hover-bg\"><\/div>\n<div class=\"ds-icon\"><\/div>\n<div class=\"ds-focus-ring\"><\/div>\n<\/div>\n<div class=\"db183363 ds-icon-button ds-icon-button--m ds-icon-button--sizing-container\" tabindex=\"0\" role=\"button\" aria-disabled=\"false\">\n<div class=\"ds-icon-button__hover-bg\"><\/div>\n<div class=\"ds-icon\"><\/div>\n<div class=\"ds-focus-ring\"><\/div>\n<\/div>\n<div class=\"db183363 ds-icon-button ds-icon-button--m ds-icon-button--sizing-container\" tabindex=\"0\" role=\"button\" aria-disabled=\"false\">\n<div class=\"ds-icon-button__hover-bg\"><\/div>\n<div class=\"ds-icon\"><\/div>\n<div class=\"ds-focus-ring\"><\/div>\n<\/div>\n<div class=\"db183363 ds-icon-button ds-icon-button--m ds-icon-button--sizing-container\" tabindex=\"0\" role=\"button\" aria-disabled=\"false\">\n<div class=\"ds-icon-button__hover-bg\"><\/div>\n<div class=\"ds-icon\"><\/div>\n<div class=\"ds-focus-ring\"><\/div>\n<\/div>\n<div class=\"db183363 ds-icon-button ds-icon-button--m ds-icon-button--sizing-container\" tabindex=\"0\" role=\"button\" aria-disabled=\"false\">\n<div class=\"ds-icon-button__hover-bg\"><\/div>\n<div class=\"ds-icon\"><\/div>\n<\/div>\n<\/div>\n<\/div>","protected":false},"excerpt":{"rendered":"<p>Elevate your bathing ritual with the Japanese Long Handle Bath Brush, a beautifully designed tool that brings the meticulous care of a traditional bathhouse to your home. Expertly engineered with a\u00a0dual-function head, it combines gentle\u00a0exfoliating bristles\u00a0with a softer,\u00a0massaging section\u00a0for a refreshing and invigorating full-body cleanse. The extended,\u00a0ergonomic long handle\u00a0effortlessly reaches every part of your back, [&hellip;]<\/p>","protected":false},"featured_media":33238,"comment_status":"open","ping_status":"closed","template":"","meta":{"_monsterinsights_skip_tracking":false,"_monsterinsights_sitenote_active":false,"_monsterinsights_sitenote_note":"","_monsterinsights_sitenote_category":0},"product_brand":[],"product_cat":[15,135],"product_tag":[],"class_list":{"0":"post-33237","1":"product","2":"type-product","3":"status-publish","4":"has-post-thumbnail","6":"product_cat-uncategorized","7":"product_cat-bedding-bath","9":"first","10":"instock","11":"shipping-taxable","12":"purchasable","13":"product-type-simple"},"aioseo_notices":[],"_links":{"self":[{"href":"https:\/\/xn--kbrsglobalstore-7kcc.com\/tr\/wp-json\/wp\/v2\/product\/33237","targetHints":{"allow":["GET"]}}],"collection":[{"href":"https:\/\/xn--kbrsglobalstore-7kcc.com\/tr\/wp-json\/wp\/v2\/product"}],"about":[{"href":"https:\/\/xn--kbrsglobalstore-7kcc.com\/tr\/wp-json\/wp\/v2\/types\/product"}],"replies":[{"embeddable":true,"href":"https:\/\/xn--kbrsglobalstore-7kcc.com\/tr\/wp-json\/wp\/v2\/comments?post=33237"}],"wp:featuredmedia":[{"embeddable":true,"href":"https:\/\/xn--kbrsglobalstore-7kcc.com\/tr\/wp-json\/wp\/v2\/media\/33238"}],"wp:attachment":[{"href":"https:\/\/xn--kbrsglobalstore-7kcc.com\/tr\/wp-json\/wp\/v2\/media?parent=33237"}],"wp:term":[{"taxonomy":"product_brand","embeddable":true,"href":"https:\/\/xn--kbrsglobalstore-7kcc.com\/tr\/wp-json\/wp\/v2\/product_brand?post=33237"},{"taxonomy":"product_cat","embeddable":true,"href":"https:\/\/xn--kbrsglobalstore-7kcc.com\/tr\/wp-json\/wp\/v2\/product_cat?post=33237"},{"taxonomy":"product_tag","embeddable":true,"href":"https:\/\/xn--kbrsglobalstore-7kcc.com\/tr\/wp-json\/wp\/v2\/product_tag?post=33237"}],"curies":[{"name":"wp","href":"https:\/\/api.w.org\/{rel}","templated":true}]}}