{"id":33229,"date":"2025-12-14T14:01:36","date_gmt":"2025-12-14T14:01:36","guid":{"rendered":"https:\/\/xn--kbrsglobalstore-7kcc.com\/?post_type=product&#038;p=33229"},"modified":"2025-12-17T20:15:48","modified_gmt":"2025-12-17T20:15:48","slug":"2-3pcs-dark-leopard-print-bedding-set-1-duvet-cover-1-2-pillowcase-pillow-insert-not-included-high-definition-floral-print-luxurious-bedding-for-home-and-dorm-all-seasons","status":"publish","type":"product","link":"https:\/\/xn--kbrsglobalstore-7kcc.com\/tr\/urun\/2-3pcs-dark-leopard-print-bedding-set-1-duvet-cover-1-2-pillowcase-pillow-insert-not-included-high-definition-floral-print-luxurious-bedding-for-home-and-dorm-all-seasons\/","title":{"rendered":"2\/3 par\u00e7al\u0131 Koyu Leopar Desenli Nevresim Tak\u0131m\u0131"},"content":{"rendered":"<div class=\"ds-message _63c77b1\">\n<div class=\"ds-markdown\">\n<p class=\"ds-markdown-paragraph translation-block\">Cesur tarz\u0131n l\u00fcks konforla bulu\u015ftu\u011fu Koyu Leopar Desenli Nevresim Tak\u0131m\u0131 ile i\u00e7sel vah\u015fi yan\u0131n\u0131z\u0131 uyand\u0131r\u0131n. Bu tak\u0131m, g\u00f6z al\u0131c\u0131 y\u00fcksek \u00e7\u00f6z\u00fcn\u00fcrl\u00fckl\u00fc koyu leopar ve \u00e7i\u00e7ek desenleriyle, vah\u015fi hayvan motiflerini zarif botanik detaylarla harmanlayarak hem sofistike hem de iddial\u0131 bir g\u00f6r\u00fcn\u00fcm sunuyor.<\/p>\n<p class=\"ds-markdown-paragraph translation-block\">2 par\u00e7al\u0131 veya 3 par\u00e7al\u0131 set halinde (1 nevresim ve 1 veya 2 uyumlu yast\u0131k k\u0131l\u0131f\u0131 dahil) sunulan bu \u00fcr\u00fcn, yatak odan\u0131z\u0131 veya \u00f6\u011frenci odan\u0131z\u0131 an\u0131nda \u015f\u0131k ve modern bir mekana d\u00f6n\u00fc\u015ft\u00fcrmek i\u00e7in tasarlanm\u0131\u015ft\u0131r. Yumu\u015fak ve nefes alabilen kuma\u015ftan \u00fcretilen bu yatak tak\u0131m\u0131, a\u015f\u0131r\u0131 \u0131s\u0131nmaya neden olmadan rahat bir s\u0131cakl\u0131k sa\u011flayarak t\u00fcm mevsimler i\u00e7in uygundur.<\/p>\n<p class=\"ds-markdown-paragraph translation-block\">Pratik ve \u015f\u0131k olan bu set, kolay bak\u0131m i\u00e7in makinede y\u0131kanabilir ve canl\u0131 bask\u0131n\u0131n ve malzemenin yumu\u015fakl\u0131\u011f\u0131n\u0131n uzun s\u00fcre korunmas\u0131n\u0131 sa\u011flar. Mekanlar\u0131na l\u00fcks, vah\u015fi bir zarafet ve \u00e7a\u011fda\u015f bir hava katmak isteyenler i\u00e7in m\u00fckemmeldir.<\/p>\n<\/div>\n<\/div>\n<div class=\"ds-theme\"><\/div>\n<div class=\"ds-flex _0a3d93b\">\n<div class=\"ds-flex _965abe9 _54866f7\">\n<div class=\"db183363 ds-icon-button ds-icon-button--m ds-icon-button--sizing-container\" tabindex=\"0\" role=\"button\" aria-disabled=\"false\">\n<div class=\"ds-icon-button__hover-bg\"><\/div>\n<div class=\"ds-icon\"><\/div>\n<div class=\"ds-focus-ring\"><\/div>\n<\/div>\n<div class=\"db183363 ds-icon-button ds-icon-button--m ds-icon-button--sizing-container\" tabindex=\"0\" role=\"button\" aria-disabled=\"false\">\n<div class=\"ds-icon-button__hover-bg\"><\/div>\n<div class=\"ds-icon\"><\/div>\n<div class=\"ds-focus-ring\"><\/div>\n<\/div>\n<div class=\"db183363 ds-icon-button ds-icon-button--m ds-icon-button--sizing-container\" tabindex=\"0\" role=\"button\" aria-disabled=\"false\">\n<div class=\"ds-icon-button__hover-bg\"><\/div>\n<div class=\"ds-icon\"><\/div>\n<div class=\"ds-focus-ring\"><\/div>\n<\/div>\n<div class=\"db183363 ds-icon-button ds-icon-button--m ds-icon-button--sizing-container\" tabindex=\"0\" role=\"button\" aria-disabled=\"false\">\n<div class=\"ds-icon-button__hover-bg\"><\/div>\n<div class=\"ds-icon\"><\/div>\n<div class=\"ds-focus-ring\"><\/div>\n<\/div>\n<div class=\"db183363 ds-icon-button ds-icon-button--m ds-icon-button--sizing-container\" tabindex=\"0\" role=\"button\" aria-disabled=\"false\">\n<div class=\"ds-icon-button__hover-bg\"><\/div>\n<div class=\"ds-icon\"><\/div>\n<\/div>\n<\/div>\n<\/div>","protected":false},"excerpt":{"rendered":"<p>Awaken your inner wild side with the Dark Leopard Print Bedding Set, where bold style meets luxurious comfort. This set features a captivating\u00a0high-definition dark leopard and floral print, blending fierce animalistic patterns with elegant botanical details for a look that is both sophisticated and statement-making. Available as a\u00a02-piece or 3-piece set\u00a0(including\u00a01 duvet cover and 1 [&hellip;]<\/p>","protected":false},"featured_media":33230,"comment_status":"open","ping_status":"closed","template":"","meta":{"_monsterinsights_skip_tracking":false,"_monsterinsights_sitenote_active":false,"_monsterinsights_sitenote_note":"","_monsterinsights_sitenote_category":0},"product_brand":[],"product_cat":[15,135,120],"product_tag":[],"class_list":{"0":"post-33229","1":"product","2":"type-product","3":"status-publish","4":"has-post-thumbnail","6":"product_cat-uncategorized","7":"product_cat-bedding-bath","8":"product_cat-home-textiles","10":"first","11":"instock","12":"shipping-taxable","13":"purchasable","14":"product-type-simple"},"aioseo_notices":[],"_links":{"self":[{"href":"https:\/\/xn--kbrsglobalstore-7kcc.com\/tr\/wp-json\/wp\/v2\/product\/33229","targetHints":{"allow":["GET"]}}],"collection":[{"href":"https:\/\/xn--kbrsglobalstore-7kcc.com\/tr\/wp-json\/wp\/v2\/product"}],"about":[{"href":"https:\/\/xn--kbrsglobalstore-7kcc.com\/tr\/wp-json\/wp\/v2\/types\/product"}],"replies":[{"embeddable":true,"href":"https:\/\/xn--kbrsglobalstore-7kcc.com\/tr\/wp-json\/wp\/v2\/comments?post=33229"}],"wp:featuredmedia":[{"embeddable":true,"href":"https:\/\/xn--kbrsglobalstore-7kcc.com\/tr\/wp-json\/wp\/v2\/media\/33230"}],"wp:attachment":[{"href":"https:\/\/xn--kbrsglobalstore-7kcc.com\/tr\/wp-json\/wp\/v2\/media?parent=33229"}],"wp:term":[{"taxonomy":"product_brand","embeddable":true,"href":"https:\/\/xn--kbrsglobalstore-7kcc.com\/tr\/wp-json\/wp\/v2\/product_brand?post=33229"},{"taxonomy":"product_cat","embeddable":true,"href":"https:\/\/xn--kbrsglobalstore-7kcc.com\/tr\/wp-json\/wp\/v2\/product_cat?post=33229"},{"taxonomy":"product_tag","embeddable":true,"href":"https:\/\/xn--kbrsglobalstore-7kcc.com\/tr\/wp-json\/wp\/v2\/product_tag?post=33229"}],"curies":[{"name":"wp","href":"https:\/\/api.w.org\/{rel}","templated":true}]}}