{"id":33221,"date":"2025-12-14T13:55:56","date_gmt":"2025-12-14T13:55:56","guid":{"rendered":"https:\/\/xn--kbrsglobalstore-7kcc.com\/?post_type=product&#038;p=33221"},"modified":"2025-12-16T19:43:28","modified_gmt":"2025-12-16T19:43:28","slug":"womens-autumn-and-winter-flannel-solid-color-elegant-v-neck-long-sleeved-belt-bathrobe-womens-plush-bathrobe-with-heart-embroiderywarm-winter-decora","status":"publish","type":"product","link":"https:\/\/xn--kbrsglobalstore-7kcc.com\/tr\/urun\/womens-autumn-and-winter-flannel-solid-color-elegant-v-neck-long-sleeved-belt-bathrobe-womens-plush-bathrobe-with-heart-embroiderywarm-winter-decora\/","title":{"rendered":"Kad\u0131nlar i\u00e7in Sonbahar ve K\u0131\u015fl\u0131k Flanel D\u00fcz Renk \u015e\u0131k V Yaka Uzun Kollu Kemerli Bornoz"},"content":{"rendered":"<div class=\"ds-message _63c77b1\">\n<div class=\"ds-markdown\">\n<p class=\"ds-markdown-paragraph translation-block\">Bu sezon Kad\u0131n Sonbahar ve K\u0131\u015f Flanel Bornoz ile kendinizi s\u0131cac\u0131k ve \u015f\u0131k bir g\u00f6r\u00fcn\u00fcme sar\u0131n. L\u00fcks konfor i\u00e7in tasarlanan bu uzun kollu bornoz, ola\u011fan\u00fcst\u00fc s\u0131cakl\u0131k sa\u011flayan yumu\u015fak, pelu\u015f flanel kuma\u015ftan \u00fcretilmi\u015ftir ve so\u011fuk sabahlar ile rahatlat\u0131c\u0131 ak\u015famlar i\u00e7in m\u00fckemmel bir s\u0131\u011f\u0131nakt\u0131r.<\/p>\n<p class=\"ds-markdown-paragraph translation-block\">Zarif V yaka ve ayarlanabilir kemer, v\u00fccuda oturan ve ki\u015fiselle\u015ftirilebilir bir kesim sunarken, b\u00fcy\u00fcleyici kalp nak\u0131\u015f\u0131 da d\u00fcz renk tasar\u0131ma zarif ve kad\u0131ns\u0131 bir dokunu\u015f kat\u0131yor. \u00d6zenle tasarlanm\u0131\u015f bu sabahl\u0131k, s\u0131cak bir k\u0131\u015fl\u0131k dekorasyon par\u00e7as\u0131n\u0131n hissini g\u00fcnl\u00fck ev giyiminin pratikli\u011fiyle birle\u015ftiriyor.<\/p>\n<p class=\"ds-markdown-paragraph\">Banyo sonras\u0131 rahatlama, sakin hafta sonlar\u0131 veya evde s\u0131cak bir katman olarak ideal olan bu bornoz, sadece bir giysi de\u011fil, ayn\u0131 zamanda konforun vazge\u00e7ilmez bir par\u00e7as\u0131d\u0131r. Zamans\u0131z tarz\u0131 ve yumu\u015fak dokusu, onu g\u00fczel bir hediye veya so\u011fuk havalarda gard\u0131robunuzun de\u011ferli bir par\u00e7as\u0131 haline getiriyor.<\/p>\n<\/div>\n<\/div>\n<div class=\"ds-theme\"><\/div>\n<div class=\"ds-flex _0a3d93b\">\n<div class=\"ds-flex _965abe9 _54866f7\">\n<div class=\"db183363 ds-icon-button ds-icon-button--m ds-icon-button--sizing-container\" tabindex=\"0\" role=\"button\" aria-disabled=\"false\">\n<div class=\"ds-icon-button__hover-bg\"><\/div>\n<div class=\"ds-icon\"><\/div>\n<div class=\"ds-focus-ring\"><\/div>\n<\/div>\n<div class=\"db183363 ds-icon-button ds-icon-button--m ds-icon-button--sizing-container\" tabindex=\"0\" role=\"button\" aria-disabled=\"false\">\n<div class=\"ds-icon-button__hover-bg\"><\/div>\n<div class=\"ds-icon\"><\/div>\n<div class=\"ds-focus-ring\"><\/div>\n<\/div>\n<div class=\"db183363 ds-icon-button ds-icon-button--m ds-icon-button--sizing-container\" tabindex=\"0\" role=\"button\" aria-disabled=\"false\">\n<div class=\"ds-icon-button__hover-bg\"><\/div>\n<div class=\"ds-icon\"><\/div>\n<div class=\"ds-focus-ring\"><\/div>\n<\/div>\n<div class=\"db183363 ds-icon-button ds-icon-button--m ds-icon-button--sizing-container\" tabindex=\"0\" role=\"button\" aria-disabled=\"false\">\n<div class=\"ds-icon-button__hover-bg\"><\/div>\n<div class=\"ds-icon\"><\/div>\n<div class=\"ds-focus-ring\"><\/div>\n<\/div>\n<div class=\"db183363 ds-icon-button ds-icon-button--m ds-icon-button--sizing-container\" tabindex=\"0\" role=\"button\" aria-disabled=\"false\">\n<div class=\"ds-icon-button__hover-bg\"><\/div>\n<div class=\"ds-icon\"><\/div>\n<\/div>\n<\/div>\n<\/div>","protected":false},"excerpt":{"rendered":"<p>Wrap yourself in cozy elegance this season with the Women&#8217;s Autumn &amp; Winter Flannel Bathrobe. Designed for luxurious comfort, this long-sleeved robe features a\u00a0soft, plush flannel fabric\u00a0that provides exceptional warmth, making it the perfect retreat on chilly mornings and relaxing evenings. The\u00a0elegant V-neck and adjustable belt\u00a0offer a flattering, customizable fit, while the charming\u00a0heart embroidery\u00a0adds a [&hellip;]<\/p>","protected":false},"featured_media":33222,"comment_status":"open","ping_status":"closed","template":"","meta":{"_monsterinsights_skip_tracking":false,"_monsterinsights_sitenote_active":false,"_monsterinsights_sitenote_note":"","_monsterinsights_sitenote_category":0},"product_brand":[],"product_cat":[15,135],"product_tag":[],"class_list":{"0":"post-33221","1":"product","2":"type-product","3":"status-publish","4":"has-post-thumbnail","6":"product_cat-uncategorized","7":"product_cat-bedding-bath","9":"first","10":"instock","11":"shipping-taxable","12":"purchasable","13":"product-type-simple"},"aioseo_notices":[],"_links":{"self":[{"href":"https:\/\/xn--kbrsglobalstore-7kcc.com\/tr\/wp-json\/wp\/v2\/product\/33221","targetHints":{"allow":["GET"]}}],"collection":[{"href":"https:\/\/xn--kbrsglobalstore-7kcc.com\/tr\/wp-json\/wp\/v2\/product"}],"about":[{"href":"https:\/\/xn--kbrsglobalstore-7kcc.com\/tr\/wp-json\/wp\/v2\/types\/product"}],"replies":[{"embeddable":true,"href":"https:\/\/xn--kbrsglobalstore-7kcc.com\/tr\/wp-json\/wp\/v2\/comments?post=33221"}],"wp:featuredmedia":[{"embeddable":true,"href":"https:\/\/xn--kbrsglobalstore-7kcc.com\/tr\/wp-json\/wp\/v2\/media\/33222"}],"wp:attachment":[{"href":"https:\/\/xn--kbrsglobalstore-7kcc.com\/tr\/wp-json\/wp\/v2\/media?parent=33221"}],"wp:term":[{"taxonomy":"product_brand","embeddable":true,"href":"https:\/\/xn--kbrsglobalstore-7kcc.com\/tr\/wp-json\/wp\/v2\/product_brand?post=33221"},{"taxonomy":"product_cat","embeddable":true,"href":"https:\/\/xn--kbrsglobalstore-7kcc.com\/tr\/wp-json\/wp\/v2\/product_cat?post=33221"},{"taxonomy":"product_tag","embeddable":true,"href":"https:\/\/xn--kbrsglobalstore-7kcc.com\/tr\/wp-json\/wp\/v2\/product_tag?post=33221"}],"curies":[{"name":"wp","href":"https:\/\/api.w.org\/{rel}","templated":true}]}}