{"id":33213,"date":"2025-12-14T13:49:36","date_gmt":"2025-12-14T13:49:36","guid":{"rendered":"https:\/\/xn--kbrsglobalstore-7kcc.com\/?post_type=product&#038;p=33213"},"modified":"2025-12-16T19:43:46","modified_gmt":"2025-12-16T19:43:46","slug":"1pc-exfoliating-body-scrub-gloves-double-sided-body-cleaning-towel-for-spa-massage-and-body-scrubbing-suitable-for-dead-skin-removal-includes-multi-color-deep-cleansing-bath-towel","status":"publish","type":"product","link":"https:\/\/xn--kbrsglobalstore-7kcc.com\/tr\/urun\/1pc-exfoliating-body-scrub-gloves-double-sided-body-cleaning-towel-for-spa-massage-and-body-scrubbing-suitable-for-dead-skin-removal-includes-multi-color-deep-cleansing-bath-towel\/","title":{"rendered":"V\u00fccut Peeling Eldiveni, \u00c7ift Tarafl\u0131 V\u00fccut Temizleme Havlusu"},"content":{"rendered":"<div class=\"ds-message _63c77b1\">\n<div class=\"ds-markdown\">\n<p class=\"ds-markdown-paragraph translation-block\">Evde spa keyfi i\u00e7in tasarlanm\u0131\u015f, peeling etkili v\u00fccut eldivenleriyle daha p\u00fcr\u00fczs\u00fcz ve yumu\u015fak bir cilde kavu\u015fun. Canland\u0131r\u0131c\u0131 ve etkili bir temizlik i\u00e7in tasarlanan bu eldivenler, cildinizin ihtiya\u00e7lar\u0131na g\u00f6re farkl\u0131 dokulara sahip \u00e7ift tarafl\u0131 bir tasar\u0131ma sahiptir; bir taraf\u0131 nazik k\u00f6p\u00fcrtme, di\u011fer taraf\u0131 ise daha derin ve kapsaml\u0131 bir peeling i\u00e7in idealdir.<\/p>\n<p class=\"ds-markdown-paragraph translation-block\">Dayan\u0131kl\u0131 ve \u00e7abuk kuruyan malzemeden \u00fcretilen bu eldivenler, \u00f6l\u00fc deri h\u00fccrelerini gidermek, kan dola\u015f\u0131m\u0131n\u0131 h\u0131zland\u0131rmak ve sa\u011fl\u0131kl\u0131 bir parlakl\u0131k sa\u011flamak i\u00e7in m\u00fckemmeldir. V\u00fccut peelingi, masaj ve g\u00fcnl\u00fck du\u015f i\u00e7in ideal olan bu eldivenler, v\u00fccut y\u0131kama jelinizin veya peelinginizin etkinli\u011fini art\u0131rmaya yard\u0131mc\u0131 olur.<\/p>\n<p class=\"ds-markdown-paragraph translation-block\">Set, hem pratik hem de ne\u015feli, canl\u0131 \u00e7ok renkli eldivenler i\u00e7erir. Kullan\u0131m\u0131 ve temizli\u011fi kolay olan bu eldivenler, kendi du\u015f veya banyolar\u0131n\u0131n rahatl\u0131\u011f\u0131nda profesyonel d\u00fczeyde peeling ve derinlemesine temizlik arayan herkes i\u00e7in olmazsa olmaz bir banyo havlusu alternatifidir.<\/p>\n<\/div>\n<\/div>\n<div class=\"ds-theme\"><\/div>\n<div class=\"ds-flex _0a3d93b\">\n<div class=\"ds-flex _965abe9 _54866f7\">\n<div class=\"db183363 ds-icon-button ds-icon-button--m ds-icon-button--sizing-container\" tabindex=\"0\" role=\"button\" aria-disabled=\"false\">\n<div class=\"ds-icon-button__hover-bg\"><\/div>\n<div class=\"ds-icon\"><\/div>\n<div class=\"ds-focus-ring\"><\/div>\n<\/div>\n<div class=\"db183363 ds-icon-button ds-icon-button--m ds-icon-button--sizing-container\" tabindex=\"0\" role=\"button\" aria-disabled=\"false\">\n<div class=\"ds-icon-button__hover-bg\"><\/div>\n<div class=\"ds-icon\"><\/div>\n<div class=\"ds-focus-ring\"><\/div>\n<\/div>\n<div class=\"db183363 ds-icon-button ds-icon-button--m ds-icon-button--sizing-container\" tabindex=\"0\" role=\"button\" aria-disabled=\"false\">\n<div class=\"ds-icon-button__hover-bg\"><\/div>\n<div class=\"ds-icon\"><\/div>\n<div class=\"ds-focus-ring\"><\/div>\n<\/div>\n<div class=\"db183363 ds-icon-button ds-icon-button--m ds-icon-button--sizing-container\" tabindex=\"0\" role=\"button\" aria-disabled=\"false\">\n<div class=\"ds-icon-button__hover-bg\"><\/div>\n<div class=\"ds-icon\"><\/div>\n<div class=\"ds-focus-ring\"><\/div>\n<\/div>\n<div class=\"db183363 ds-icon-button ds-icon-button--m ds-icon-button--sizing-container\" tabindex=\"0\" role=\"button\" aria-disabled=\"false\">\n<div class=\"ds-icon-button__hover-bg\"><\/div>\n<div class=\"ds-icon\"><\/div>\n<\/div>\n<\/div>\n<\/div>","protected":false},"excerpt":{"rendered":"<p>Reveal smoother, softer skin with the Exfoliating Body Scrub Gloves, your ultimate at-home spa tool. Engineered for an invigorating and efficient cleanse, these gloves feature a\u00a0dual-sided design\u00a0with varying textures to cater to your skin&#8217;s needs\u2014one side for gentle lathering and the other for a deeper, more thorough exfoliation. Made from durable, quick-drying material, they are [&hellip;]<\/p>","protected":false},"featured_media":33214,"comment_status":"open","ping_status":"closed","template":"","meta":{"_monsterinsights_skip_tracking":false,"_monsterinsights_sitenote_active":false,"_monsterinsights_sitenote_note":"","_monsterinsights_sitenote_category":0},"product_brand":[],"product_cat":[15,135],"product_tag":[],"class_list":{"0":"post-33213","1":"product","2":"type-product","3":"status-publish","4":"has-post-thumbnail","6":"product_cat-uncategorized","7":"product_cat-bedding-bath","9":"first","10":"instock","11":"shipping-taxable","12":"purchasable","13":"product-type-simple"},"aioseo_notices":[],"_links":{"self":[{"href":"https:\/\/xn--kbrsglobalstore-7kcc.com\/tr\/wp-json\/wp\/v2\/product\/33213","targetHints":{"allow":["GET"]}}],"collection":[{"href":"https:\/\/xn--kbrsglobalstore-7kcc.com\/tr\/wp-json\/wp\/v2\/product"}],"about":[{"href":"https:\/\/xn--kbrsglobalstore-7kcc.com\/tr\/wp-json\/wp\/v2\/types\/product"}],"replies":[{"embeddable":true,"href":"https:\/\/xn--kbrsglobalstore-7kcc.com\/tr\/wp-json\/wp\/v2\/comments?post=33213"}],"wp:featuredmedia":[{"embeddable":true,"href":"https:\/\/xn--kbrsglobalstore-7kcc.com\/tr\/wp-json\/wp\/v2\/media\/33214"}],"wp:attachment":[{"href":"https:\/\/xn--kbrsglobalstore-7kcc.com\/tr\/wp-json\/wp\/v2\/media?parent=33213"}],"wp:term":[{"taxonomy":"product_brand","embeddable":true,"href":"https:\/\/xn--kbrsglobalstore-7kcc.com\/tr\/wp-json\/wp\/v2\/product_brand?post=33213"},{"taxonomy":"product_cat","embeddable":true,"href":"https:\/\/xn--kbrsglobalstore-7kcc.com\/tr\/wp-json\/wp\/v2\/product_cat?post=33213"},{"taxonomy":"product_tag","embeddable":true,"href":"https:\/\/xn--kbrsglobalstore-7kcc.com\/tr\/wp-json\/wp\/v2\/product_tag?post=33213"}],"curies":[{"name":"wp","href":"https:\/\/api.w.org\/{rel}","templated":true}]}}