{"id":33204,"date":"2025-12-14T12:55:11","date_gmt":"2025-12-14T12:55:11","guid":{"rendered":"https:\/\/xn--kbrsglobalstore-7kcc.com\/?post_type=product&#038;p=33204"},"modified":"2025-12-16T19:44:06","modified_gmt":"2025-12-16T19:44:06","slug":"1-3pcs-microfiber-hair-towel-hair-cap-premium-quick-drying-super-absorbent-ultra-soft-comfortable-hair-turban-wrap-for-frizzy-curly-damaged-hair-bathroom-home-travel-gym-essentialsmulticolor-set","status":"publish","type":"product","link":"https:\/\/xn--kbrsglobalstore-7kcc.com\/tr\/urun\/1-3pcs-microfiber-hair-towel-hair-cap-premium-quick-drying-super-absorbent-ultra-soft-comfortable-hair-turban-wrap-for-frizzy-curly-damaged-hair-bathroom-home-travel-gym-essentialsmulticolor-set\/","title":{"rendered":"11 par\u00e7al\u0131 Kelebek F\u0131s\u0131lt\u0131s\u0131 Makyaj Seti"},"content":{"rendered":"<div class=\"ds-message _63c77b1\">\n<div class=\"ds-markdown\">\n<p class=\"ds-markdown-paragraph translation-block\">Mikrofiber Sa\u00e7 Havlusu ve T\u00fcrban Seti ile sa\u00e7lar\u0131n\u0131za nazik bak\u0131m yap\u0131n ve daha h\u0131zl\u0131 kurumas\u0131n\u0131 sa\u011flay\u0131n. \u00dcst\u00fcn kaliteli, ultra yumu\u015fak mikrofiber kuma\u015ftan \u00fcretilen bu havlular, s\u00fcper emici \u00f6zellikleri sayesinde sa\u00e7\u0131n\u0131zdaki nemi h\u0131zla emerek kuruma s\u00fcresini k\u0131salt\u0131r ve \u0131s\u0131 hasar\u0131n\u0131 en aza indirir; bu da onlar\u0131 kabar\u0131k, k\u0131v\u0131rc\u0131k ve y\u0131pranm\u0131\u015f sa\u00e7lar i\u00e7in ideal k\u0131lar.<\/p>\n<p class=\"ds-markdown-paragraph translation-block\">Bu set, sa\u00e7\u0131n\u0131z\u0131 g\u00fcvenli bir \u015fekilde sar\u0131p yerinde kalan ve sa\u00e7\u0131n\u0131z do\u011fal olarak kururken \u00f6zg\u00fcrce hareket etmenizi sa\u011flayan \u00e7ok y\u00f6nl\u00fc sa\u00e7 t\u00fcrbanlar\u0131 ve bone'lar\u0131 i\u00e7erir. H\u0131zl\u0131 kuruma ve hafif \u00f6zellikleri sayesinde banyo, ev, seyahat ve spor salonu i\u00e7in m\u00fckemmeldirler.<\/p>\n<p class=\"ds-markdown-paragraph translation-block\">Ne\u015feli \u00e7ok renkli bir set halinde sunulan bu havlular, hem pratik hem de ev banyo dekorunuza \u015f\u0131k bir katk\u0131 sa\u011flar. Geleneksel yazl\u0131k sa\u00e7 bonesine m\u00fckemmel bir alternatif olan bu set, sa\u00e7\u0131n\u0131z\u0131n sa\u011fl\u0131\u011f\u0131n\u0131 korurken g\u00fcnl\u00fck rutininize kolayl\u0131k ve renk katar.<\/p>\n<\/div>\n<\/div>\n<div class=\"ds-theme\"><\/div>\n<div class=\"ds-flex _0a3d93b\">\n<div class=\"ds-flex _965abe9 _54866f7\">\n<div class=\"db183363 ds-icon-button ds-icon-button--m ds-icon-button--sizing-container\" tabindex=\"0\" role=\"button\" aria-disabled=\"false\">\n<div class=\"ds-icon-button__hover-bg\"><\/div>\n<div class=\"ds-icon\"><\/div>\n<div class=\"ds-focus-ring\"><\/div>\n<\/div>\n<div class=\"db183363 ds-icon-button ds-icon-button--m ds-icon-button--sizing-container\" tabindex=\"0\" role=\"button\" aria-disabled=\"false\">\n<div class=\"ds-icon-button__hover-bg\"><\/div>\n<div class=\"ds-icon\"><\/div>\n<div class=\"ds-focus-ring\"><\/div>\n<\/div>\n<div class=\"db183363 ds-icon-button ds-icon-button--m ds-icon-button--sizing-container\" tabindex=\"0\" role=\"button\" aria-disabled=\"false\">\n<div class=\"ds-icon-button__hover-bg\"><\/div>\n<div class=\"ds-icon\"><\/div>\n<div class=\"ds-focus-ring\"><\/div>\n<\/div>\n<div class=\"db183363 ds-icon-button ds-icon-button--m ds-icon-button--sizing-container\" tabindex=\"0\" role=\"button\" aria-disabled=\"false\">\n<div class=\"ds-icon-button__hover-bg\"><\/div>\n<div class=\"ds-icon\"><\/div>\n<div class=\"ds-focus-ring\"><\/div>\n<\/div>\n<div class=\"db183363 ds-icon-button ds-icon-button--m ds-icon-button--sizing-container\" tabindex=\"0\" role=\"button\" aria-disabled=\"false\">\n<div class=\"ds-icon-button__hover-bg\"><\/div>\n<div class=\"ds-icon\"><\/div>\n<\/div>\n<\/div>\n<\/div>","protected":false},"excerpt":{"rendered":"<p>Treat your hair to gentle care and faster drying with the Microfiber Hair Towel &amp; Turban Set. Designed with\u00a0premium, ultra-soft microfiber fabric, these towels are\u00a0super absorbent, quickly drawing moisture from your hair to reduce drying time and minimize heat damage, making them ideal for\u00a0frizzy, curly, and damaged hair. The set includes versatile\u00a0hair turbans and caps\u00a0that [&hellip;]<\/p>","protected":false},"featured_media":33205,"comment_status":"open","ping_status":"closed","template":"","meta":{"_monsterinsights_skip_tracking":false,"_monsterinsights_sitenote_active":false,"_monsterinsights_sitenote_note":"","_monsterinsights_sitenote_category":0},"product_brand":[],"product_cat":[15,135],"product_tag":[],"class_list":{"0":"post-33204","1":"product","2":"type-product","3":"status-publish","4":"has-post-thumbnail","6":"product_cat-uncategorized","7":"product_cat-bedding-bath","9":"first","10":"instock","11":"shipping-taxable","12":"purchasable","13":"product-type-simple"},"aioseo_notices":[],"_links":{"self":[{"href":"https:\/\/xn--kbrsglobalstore-7kcc.com\/tr\/wp-json\/wp\/v2\/product\/33204","targetHints":{"allow":["GET"]}}],"collection":[{"href":"https:\/\/xn--kbrsglobalstore-7kcc.com\/tr\/wp-json\/wp\/v2\/product"}],"about":[{"href":"https:\/\/xn--kbrsglobalstore-7kcc.com\/tr\/wp-json\/wp\/v2\/types\/product"}],"replies":[{"embeddable":true,"href":"https:\/\/xn--kbrsglobalstore-7kcc.com\/tr\/wp-json\/wp\/v2\/comments?post=33204"}],"wp:featuredmedia":[{"embeddable":true,"href":"https:\/\/xn--kbrsglobalstore-7kcc.com\/tr\/wp-json\/wp\/v2\/media\/33205"}],"wp:attachment":[{"href":"https:\/\/xn--kbrsglobalstore-7kcc.com\/tr\/wp-json\/wp\/v2\/media?parent=33204"}],"wp:term":[{"taxonomy":"product_brand","embeddable":true,"href":"https:\/\/xn--kbrsglobalstore-7kcc.com\/tr\/wp-json\/wp\/v2\/product_brand?post=33204"},{"taxonomy":"product_cat","embeddable":true,"href":"https:\/\/xn--kbrsglobalstore-7kcc.com\/tr\/wp-json\/wp\/v2\/product_cat?post=33204"},{"taxonomy":"product_tag","embeddable":true,"href":"https:\/\/xn--kbrsglobalstore-7kcc.com\/tr\/wp-json\/wp\/v2\/product_tag?post=33204"}],"curies":[{"name":"wp","href":"https:\/\/api.w.org\/{rel}","templated":true}]}}