{"id":33203,"date":"2025-12-14T12:48:22","date_gmt":"2025-12-14T12:48:22","guid":{"rendered":"https:\/\/xn--kbrsglobalstore-7kcc.com\/?post_type=product&#038;p=33203"},"modified":"2025-12-16T20:25:37","modified_gmt":"2025-12-16T20:25:37","slug":"1pc-bath-towel-hand-towel-face-towel-3pcs-set-bath-towel-hand-towel-face-towel-satin-finish-thick-absorbent-lint-free-ideal-for-bathroom-use-face-body-drying-home-bathroom-decor-ba","status":"publish","type":"product","link":"https:\/\/xn--kbrsglobalstore-7kcc.com\/tr\/urun\/1pc-bath-towel-hand-towel-face-towel-3pcs-set-bath-towel-hand-towel-face-towel-satin-finish-thick-absorbent-lint-free-ideal-for-bathroom-use-face-body-drying-home-bathroom-decor-ba\/","title":{"rendered":"1 adet Banyo Havlusu \/ El Havlusu \/ Y\u00fcz Havlusu ve 3'l\u00fc Set"},"content":{"rendered":"<p class=\"ds-markdown-paragraph translation-block\">L\u00fcks\u00fcn ola\u011fan\u00fcst\u00fc i\u015flevsellikle bulu\u015ftu\u011fu Saten Dokulu Havlu Seti ile g\u00fcnl\u00fck rutininizi bir \u00fcst seviyeye ta\u015f\u0131y\u0131n. Tekli banyo, el veya y\u00fcz havlusu olarak ya da kullan\u0131\u015fl\u0131 3 par\u00e7al\u0131 set (banyo havlusu + el havlusu + y\u00fcz havlusu) olarak sunulan bu koleksiyon, cildinize nazik bir dokunu\u015f sa\u011flayan ipeksi saten dokulu, birinci s\u0131n\u0131f, kal\u0131n ve emici kuma\u015ftan \u00fcretilmi\u015ftir.<\/p>\n<p class=\"ds-markdown-paragraph translation-block\">Y\u00fcksek oranda t\u00fcy b\u0131rakmayan ve h\u0131zl\u0131 kuruyan \u015fekilde tasarlanan bu havlular, y\u00fcz ve v\u00fccut kurutma i\u00e7in \u00fcst\u00fcn yumu\u015fakl\u0131k ve dayan\u0131kl\u0131l\u0131k sunarak hassas ciltler ve cilt bak\u0131m sonras\u0131 rit\u00fcelleri i\u00e7in m\u00fckemmeldir. Zarif g\u00f6r\u00fcn\u00fcmleri ve pratik performanslar\u0131, ev banyo dekorasyonu, g\u00fcnl\u00fck kullan\u0131m veya g\u00fczellik salonu, otel veya spa gibi yerlerde profesyonel kalitede havlu olarak kullan\u0131m i\u00e7in idealdir.<\/p>\n<p class=\"ds-markdown-paragraph translation-block\">Her evin olmazsa olmaz\u0131 olan bu \u00e7ok y\u00f6nl\u00fc set, ayn\u0131 zamanda okul malzemelerinizin veya ev ihtiya\u00e7lar\u0131n\u0131z\u0131n bir par\u00e7as\u0131 olarak da d\u00fc\u015f\u00fcn\u00fclm\u00fc\u015f bir ektir. Her kullan\u0131mda konfor, emicilik ve stilin m\u00fckemmel birle\u015fimini deneyimleyin.<\/p>","protected":false},"excerpt":{"rendered":"<p>Elevate your daily routine with the Satin Finish Towel Set, where luxury meets exceptional functionality. This collection, available as a single\u00a0bath, hand, or face towel\u00a0or as a convenient\u00a03-piece set (bath towel + hand towel + face towel), is crafted from premium,\u00a0thick and absorbent\u00a0fabric with a silky\u00a0satin finish\u00a0that feels gentle against your skin. Designed to be [&hellip;]<\/p>","protected":false},"featured_media":33196,"comment_status":"open","ping_status":"closed","template":"","meta":{"_monsterinsights_skip_tracking":false,"_monsterinsights_sitenote_active":false,"_monsterinsights_sitenote_note":"","_monsterinsights_sitenote_category":0},"product_brand":[],"product_cat":[15,135],"product_tag":[],"class_list":{"0":"post-33203","1":"product","2":"type-product","3":"status-publish","4":"has-post-thumbnail","6":"product_cat-uncategorized","7":"product_cat-bedding-bath","9":"first","10":"instock","11":"shipping-taxable","12":"purchasable","13":"product-type-simple"},"aioseo_notices":[],"_links":{"self":[{"href":"https:\/\/xn--kbrsglobalstore-7kcc.com\/tr\/wp-json\/wp\/v2\/product\/33203","targetHints":{"allow":["GET"]}}],"collection":[{"href":"https:\/\/xn--kbrsglobalstore-7kcc.com\/tr\/wp-json\/wp\/v2\/product"}],"about":[{"href":"https:\/\/xn--kbrsglobalstore-7kcc.com\/tr\/wp-json\/wp\/v2\/types\/product"}],"replies":[{"embeddable":true,"href":"https:\/\/xn--kbrsglobalstore-7kcc.com\/tr\/wp-json\/wp\/v2\/comments?post=33203"}],"wp:featuredmedia":[{"embeddable":true,"href":"https:\/\/xn--kbrsglobalstore-7kcc.com\/tr\/wp-json\/wp\/v2\/media\/33196"}],"wp:attachment":[{"href":"https:\/\/xn--kbrsglobalstore-7kcc.com\/tr\/wp-json\/wp\/v2\/media?parent=33203"}],"wp:term":[{"taxonomy":"product_brand","embeddable":true,"href":"https:\/\/xn--kbrsglobalstore-7kcc.com\/tr\/wp-json\/wp\/v2\/product_brand?post=33203"},{"taxonomy":"product_cat","embeddable":true,"href":"https:\/\/xn--kbrsglobalstore-7kcc.com\/tr\/wp-json\/wp\/v2\/product_cat?post=33203"},{"taxonomy":"product_tag","embeddable":true,"href":"https:\/\/xn--kbrsglobalstore-7kcc.com\/tr\/wp-json\/wp\/v2\/product_tag?post=33203"}],"curies":[{"name":"wp","href":"https:\/\/api.w.org\/{rel}","templated":true}]}}