{"id":33185,"date":"2025-12-14T12:23:31","date_gmt":"2025-12-14T12:23:31","guid":{"rendered":"https:\/\/xn--kbrsglobalstore-7kcc.com\/?post_type=product&#038;p=33185"},"modified":"2025-12-17T20:15:48","modified_gmt":"2025-12-17T20:15:48","slug":"customer-reviews-4-80-quality-4-14-use-4-43-no-local-reviews-all-reviewsimagerating-all-sort-by-recommend-so-cool-2love-1routed-neatly-1easy-to-use-1-fa-2-dec2025-color-multicolorsize-c","status":"publish","type":"product","link":"https:\/\/xn--kbrsglobalstore-7kcc.com\/tr\/urun\/customer-reviews-4-80-quality-4-14-use-4-43-no-local-reviews-all-reviewsimagerating-all-sort-by-recommend-so-cool-2love-1routed-neatly-1easy-to-use-1-fa-2-dec2025-color-multicolorsize-c\/","title":{"rendered":"\u00c7ok Katl\u0131 K\u00f6\u015fe Raflar\u0131, Duvara Monte K\u00f6\u015fe Raf\u0131, Duvar D\u00fczenleyici Depolama"},"content":{"rendered":"<div class=\"ds-message _63c77b1\">\n<div class=\"ds-markdown\">\n<p class=\"ds-markdown-paragraph\">\u00c7ok Katmanl\u0131 K\u00f6\u015fe Duvar Raf\u0131 ile alan\u0131n\u0131z\u0131 en \u00fcst d\u00fczeye \u00e7\u0131kar\u0131n ve dekorunuzu y\u00fckseltin. Bu yenilik\u00e7i duvar d\u00fczenleyici, kullan\u0131lmayan k\u00f6\u015feleri \u015f\u0131k ve i\u015flevsel te\u015fhir alanlar\u0131na d\u00f6n\u00fc\u015ft\u00fcrmek i\u00e7in ustal\u0131kla tasarlanm\u0131\u015ft\u0131r.\u00a0<strong>high-quality PVC<\/strong>\u00a0(not wood), it is\u00a0<strong>lightweight, waterproof, and incredibly easy to clean<\/strong>, making it durable enough for humid environments like\u00a0<strong>bathrooms and kitchens<\/strong>.<\/p>\n<p class=\"ds-markdown-paragraph translation-block\">Ak\u0131ll\u0131ca tasarlanm\u0131\u015f, \u00e7ok katmanl\u0131 yap\u0131s\u0131yla kitaplar, k\u00fc\u00e7\u00fck fig\u00fcrler, bitkiler veya oda e\u015fyalar\u0131 i\u00e7in geni\u015f depolama alan\u0131 sunarken, \u015f\u0131k, duvara monte edilmi\u015f y\u00fczer g\u00f6r\u00fcn\u00fcm\u00fcyle de\u011ferli zemin alan\u0131ndan tasarruf sa\u011flar. N\u00f6tr, minimalist tarz\u0131 yatak odalar\u0131na, oturma odalar\u0131na, ofislere veya hatta kapal\u0131 alanlarda d\u0131\u015f mekan dekoru olarak bile kusursuz bir \u015fekilde uyum sa\u011flar.<\/p>\n<p class=\"ds-markdown-paragraph translation-block\">Kolayca monte edilebilen ve kurulabilen bu raf, tuval \u00fczerine yap\u0131lm\u0131\u015f duvar tablolar\u0131n\u0131, sonbahar dekorasyonlar\u0131n\u0131 veya Noel aksesuarlar\u0131n\u0131 sergilemek i\u00e7in m\u00fckemmel bir zemin olu\u015fturur. Herhangi bir odaya depolama alan\u0131 ve modern bir ev dekorasyonu dokunu\u015fu eklemek i\u00e7in \u00e7ok y\u00f6nl\u00fc ve pratik bir \u00e7\u00f6z\u00fcmd\u00fcr.<\/p>\n<\/div>\n<\/div>\n<div class=\"ds-theme\"><\/div>\n<div class=\"ds-flex _0a3d93b\">\n<div class=\"ds-flex _965abe9 _54866f7\">\n<div class=\"db183363 ds-icon-button ds-icon-button--m ds-icon-button--sizing-container\" tabindex=\"0\" role=\"button\" aria-disabled=\"false\">\n<div class=\"ds-icon-button__hover-bg\"><\/div>\n<div class=\"ds-icon\"><\/div>\n<div class=\"ds-focus-ring\"><\/div>\n<\/div>\n<div class=\"db183363 ds-icon-button ds-icon-button--m ds-icon-button--sizing-container\" tabindex=\"0\" role=\"button\" aria-disabled=\"false\">\n<div class=\"ds-icon-button__hover-bg\"><\/div>\n<div class=\"ds-icon\"><\/div>\n<div class=\"ds-focus-ring\"><\/div>\n<\/div>\n<div class=\"db183363 ds-icon-button ds-icon-button--m ds-icon-button--sizing-container\" tabindex=\"0\" role=\"button\" aria-disabled=\"false\">\n<div class=\"ds-icon-button__hover-bg\"><\/div>\n<div class=\"ds-icon\"><\/div>\n<div class=\"ds-focus-ring\"><\/div>\n<\/div>\n<div class=\"db183363 ds-icon-button ds-icon-button--m ds-icon-button--sizing-container\" tabindex=\"0\" role=\"button\" aria-disabled=\"false\">\n<div class=\"ds-icon-button__hover-bg\"><\/div>\n<div class=\"ds-icon\"><\/div>\n<div class=\"ds-focus-ring\"><\/div>\n<\/div>\n<div class=\"db183363 ds-icon-button ds-icon-button--m ds-icon-button--sizing-container\" tabindex=\"0\" role=\"button\" aria-disabled=\"false\">\n<div class=\"ds-icon-button__hover-bg\"><\/div>\n<div class=\"ds-icon\"><\/div>\n<\/div>\n<\/div>\n<\/div>","protected":false},"excerpt":{"rendered":"<p>Maximize space and elevate your decor with the Multilayer Corner Floating Shelf. This innovative wall organizer is expertly engineered to transform unused corners into stylish and functional display areas. Crafted from\u00a0high-quality PVC\u00a0(not wood), it is\u00a0lightweight, waterproof, and incredibly easy to clean, making it durable enough for humid environments like\u00a0bathrooms and kitchens. Featuring a smart\u00a0tiered, multi-layer [&hellip;]<\/p>","protected":false},"featured_media":33186,"comment_status":"open","ping_status":"closed","template":"","meta":{"_monsterinsights_skip_tracking":false,"_monsterinsights_sitenote_active":false,"_monsterinsights_sitenote_note":"","_monsterinsights_sitenote_category":0},"product_brand":[],"product_cat":[15,128,120],"product_tag":[],"class_list":{"0":"post-33185","1":"product","2":"type-product","3":"status-publish","4":"has-post-thumbnail","6":"product_cat-uncategorized","7":"product_cat-home-goods","8":"product_cat-home-textiles","10":"first","11":"instock","12":"shipping-taxable","13":"purchasable","14":"product-type-simple"},"aioseo_notices":[],"_links":{"self":[{"href":"https:\/\/xn--kbrsglobalstore-7kcc.com\/tr\/wp-json\/wp\/v2\/product\/33185","targetHints":{"allow":["GET"]}}],"collection":[{"href":"https:\/\/xn--kbrsglobalstore-7kcc.com\/tr\/wp-json\/wp\/v2\/product"}],"about":[{"href":"https:\/\/xn--kbrsglobalstore-7kcc.com\/tr\/wp-json\/wp\/v2\/types\/product"}],"replies":[{"embeddable":true,"href":"https:\/\/xn--kbrsglobalstore-7kcc.com\/tr\/wp-json\/wp\/v2\/comments?post=33185"}],"wp:featuredmedia":[{"embeddable":true,"href":"https:\/\/xn--kbrsglobalstore-7kcc.com\/tr\/wp-json\/wp\/v2\/media\/33186"}],"wp:attachment":[{"href":"https:\/\/xn--kbrsglobalstore-7kcc.com\/tr\/wp-json\/wp\/v2\/media?parent=33185"}],"wp:term":[{"taxonomy":"product_brand","embeddable":true,"href":"https:\/\/xn--kbrsglobalstore-7kcc.com\/tr\/wp-json\/wp\/v2\/product_brand?post=33185"},{"taxonomy":"product_cat","embeddable":true,"href":"https:\/\/xn--kbrsglobalstore-7kcc.com\/tr\/wp-json\/wp\/v2\/product_cat?post=33185"},{"taxonomy":"product_tag","embeddable":true,"href":"https:\/\/xn--kbrsglobalstore-7kcc.com\/tr\/wp-json\/wp\/v2\/product_tag?post=33185"}],"curies":[{"name":"wp","href":"https:\/\/api.w.org\/{rel}","templated":true}]}}