{"id":33178,"date":"2025-12-14T12:14:19","date_gmt":"2025-12-14T12:14:19","guid":{"rendered":"https:\/\/xn--kbrsglobalstore-7kcc.com\/?post_type=product&#038;p=33178"},"modified":"2025-12-17T20:15:48","modified_gmt":"2025-12-17T20:15:48","slug":"3pcs-sage-green-abstract-wooden-wall-art-geometric-wood-wall-sculptures-modern-artwork-neutral-wall-decor-for-living-room-bedroom-office","status":"publish","type":"product","link":"https:\/\/xn--kbrsglobalstore-7kcc.com\/tr\/urun\/3pcs-sage-green-abstract-wooden-wall-art-geometric-wood-wall-sculptures-modern-artwork-neutral-wall-decor-for-living-room-bedroom-office\/","title":{"rendered":"3 Par\u00e7a Ada\u00e7ay\u0131 Ye\u015fili Soyut Ah\u015fap Duvar Sanat\u0131"},"content":{"rendered":"<p class=\"ds-markdown-paragraph translation-block\">Ada\u00e7ay\u0131 Ye\u015fili Soyut Ah\u015fap Duvar Sanat\u0131 Seti ile mekan\u0131n\u0131za dingin ve modern bir sanat dokunu\u015fu kat\u0131n. Bu \u00fc\u00e7 geometrik ah\u015fap duvar heykelinden olu\u015fan koleksiyon, g\u00fczel ve sakin bir ada\u00e7ay\u0131 ye\u015fili paleti ve b\u00fcy\u00fcleyici soyut \u015fekiller sunarak hem sakinle\u015ftirici hem de sofistike bir odak noktas\u0131 olu\u015fturuyor.<\/p>\n<p class=\"ds-markdown-paragraph translation-block\">Y\u00fcksek kaliteli ah\u015faptan \u00fcretilen her par\u00e7a, sade \u00e7izgileri ve boyutlu derinli\u011fiyle minimalist ama etkileyici bir modern sanat eseri tarz\u0131n\u0131 yans\u0131t\u0131yor. N\u00f6tr, organik tonlar bu seti inan\u0131lmaz derecede \u00e7ok y\u00f6nl\u00fc k\u0131l\u0131yor ve oturma odan\u0131z, yatak odan\u0131z veya ofisiniz i\u00e7in zarif bir duvar dekoru olarak kusursuz bir \u015fekilde entegre olmas\u0131n\u0131 sa\u011fl\u0131yor.<\/p>\n<p class=\"ds-markdown-paragraph\">\u00c7a\u011fda\u015fdan bohem tarza kadar her t\u00fcrl\u00fc i\u00e7 mekan esteti\u011fini zahmetsizce tamamlayan bu set, evinize huzur ve stil kat\u0131yor. Asmaya haz\u0131r ve ilham vermek \u00fczere tasarlanm\u0131\u015f olan bu set, sade zarafeti ve do\u011fal dokuyu takdir edenler i\u00e7in m\u00fckemmel bir sanatsal ifade sunuyor.<\/p>","protected":false},"excerpt":{"rendered":"<p>Infuse your space with serene modern artistry using the Sage Green Abstract Wooden Wall Art Set. This collection of\u00a0three geometric wood wall sculptures\u00a0features a beautifully subdued\u00a0sage green palette\u00a0and captivating abstract shapes, creating a focal point that is both calming and sophisticated. Crafted from high-quality wood, each piece showcases clean lines and dimensional depth, embodying a [&hellip;]<\/p>","protected":false},"featured_media":33179,"comment_status":"open","ping_status":"closed","template":"","meta":{"_monsterinsights_skip_tracking":false,"_monsterinsights_sitenote_active":false,"_monsterinsights_sitenote_note":"","_monsterinsights_sitenote_category":0},"product_brand":[],"product_cat":[15,128,120],"product_tag":[],"class_list":{"0":"post-33178","1":"product","2":"type-product","3":"status-publish","4":"has-post-thumbnail","6":"product_cat-uncategorized","7":"product_cat-home-goods","8":"product_cat-home-textiles","10":"first","11":"instock","12":"shipping-taxable","13":"purchasable","14":"product-type-simple"},"aioseo_notices":[],"_links":{"self":[{"href":"https:\/\/xn--kbrsglobalstore-7kcc.com\/tr\/wp-json\/wp\/v2\/product\/33178","targetHints":{"allow":["GET"]}}],"collection":[{"href":"https:\/\/xn--kbrsglobalstore-7kcc.com\/tr\/wp-json\/wp\/v2\/product"}],"about":[{"href":"https:\/\/xn--kbrsglobalstore-7kcc.com\/tr\/wp-json\/wp\/v2\/types\/product"}],"replies":[{"embeddable":true,"href":"https:\/\/xn--kbrsglobalstore-7kcc.com\/tr\/wp-json\/wp\/v2\/comments?post=33178"}],"wp:featuredmedia":[{"embeddable":true,"href":"https:\/\/xn--kbrsglobalstore-7kcc.com\/tr\/wp-json\/wp\/v2\/media\/33179"}],"wp:attachment":[{"href":"https:\/\/xn--kbrsglobalstore-7kcc.com\/tr\/wp-json\/wp\/v2\/media?parent=33178"}],"wp:term":[{"taxonomy":"product_brand","embeddable":true,"href":"https:\/\/xn--kbrsglobalstore-7kcc.com\/tr\/wp-json\/wp\/v2\/product_brand?post=33178"},{"taxonomy":"product_cat","embeddable":true,"href":"https:\/\/xn--kbrsglobalstore-7kcc.com\/tr\/wp-json\/wp\/v2\/product_cat?post=33178"},{"taxonomy":"product_tag","embeddable":true,"href":"https:\/\/xn--kbrsglobalstore-7kcc.com\/tr\/wp-json\/wp\/v2\/product_tag?post=33178"}],"curies":[{"name":"wp","href":"https:\/\/api.w.org\/{rel}","templated":true}]}}