{"id":33168,"date":"2025-12-14T12:09:30","date_gmt":"2025-12-14T12:09:30","guid":{"rendered":"https:\/\/xn--kbrsglobalstore-7kcc.com\/?post_type=product&#038;p=33168"},"modified":"2025-12-17T20:15:48","modified_gmt":"2025-12-17T20:15:48","slug":"4pcs-decorative-pillow-covers-geometric-pattern-100-hypoallergenic-polyester-fiber-cushion-covers-vintage-linen-material-hidden-zipper-machine-washable-minimalist-modern-line-design-zipper-clos","status":"publish","type":"product","link":"https:\/\/xn--kbrsglobalstore-7kcc.com\/tr\/urun\/4pcs-decorative-pillow-covers-geometric-pattern-100-hypoallergenic-polyester-fiber-cushion-covers-vintage-linen-material-hidden-zipper-machine-washable-minimalist-modern-line-design-zipper-clos\/","title":{"rendered":"4 adet Dekoratif Yast\u0131k K\u0131l\u0131f\u0131"},"content":{"rendered":"<div class=\"ds-message _63c77b1\">\n<div class=\"ds-markdown\">\n<p class=\"ds-markdown-paragraph\">Bu 4 par\u00e7al\u0131 geometrik desenli dekoratif yast\u0131k k\u0131l\u0131f\u0131 seti ile mekan\u0131n\u0131z\u0131 modern sadelik ve dokulu bir \u00e7ekicilikle yenileyin. Her k\u0131l\u0131f,\u00a0<strong>minimalist modern line design<\/strong>\u00a0in a calming geometric pattern, printed on a\u00a0<strong>vintage linen-look material<\/strong>\u00a0for a touch of organic warmth.<\/p>\n<p class=\"ds-markdown-paragraph translation-block\">0 hipoalerjenik polyester elyaftan \u00fcretilen bu k\u0131l\u0131flar yumu\u015fak, dayan\u0131kl\u0131 ve hassas ki\u015filer i\u00e7in g\u00fcvenlidir. Pratik gizli fermuar kapatma sistemi, yast\u0131k i\u00e7lerinin (i\u00e7 dolgu dahil de\u011fildir) kolayca tak\u0131l\u0131p \u00e7\u0131kar\u0131lmas\u0131n\u0131 sa\u011flarken, kusursuz ve temiz bir g\u00f6r\u00fcn\u00fcm sunar.<\/p>\n<p class=\"ds-markdown-paragraph translation-block\"><strong>Makinede y\u0131kanabilir<\/strong> \u00f6zelli\u011fi sayesinde zahmetsiz bak\u0131m sa\u011flayan bu set, her t\u00fcrl\u00fc dekorasyona m\u00fckemmel uyum sa\u011flayacak \u015fekilde tasarlanm\u0131\u015ft\u0131r. <strong>Kanepenizi, oturma odan\u0131z\u0131 veya yatak odan\u0131z\u0131<\/strong> yenilemek i\u00e7in ideal olan bu dekoratif yast\u0131k k\u0131l\u0131flar\u0131, evinizin ambiyans\u0131na an\u0131nda \u015f\u0131k bir yenilik katar.<\/p>\n<\/div>\n<\/div>\n<div class=\"ds-theme\"><\/div>\n<div class=\"ds-flex _0a3d93b\">\n<div class=\"ds-flex _965abe9 _54866f7\">\n<div class=\"db183363 ds-icon-button ds-icon-button--m ds-icon-button--sizing-container\" tabindex=\"0\" role=\"button\" aria-disabled=\"false\">\n<div class=\"ds-icon-button__hover-bg\"><\/div>\n<div class=\"ds-icon\"><\/div>\n<div class=\"ds-focus-ring\"><\/div>\n<\/div>\n<div class=\"db183363 ds-icon-button ds-icon-button--m ds-icon-button--sizing-container\" tabindex=\"0\" role=\"button\" aria-disabled=\"false\">\n<div class=\"ds-icon-button__hover-bg\"><\/div>\n<div class=\"ds-icon\"><\/div>\n<div class=\"ds-focus-ring\"><\/div>\n<\/div>\n<div class=\"db183363 ds-icon-button ds-icon-button--m ds-icon-button--sizing-container\" tabindex=\"0\" role=\"button\" aria-disabled=\"false\">\n<div class=\"ds-icon-button__hover-bg\"><\/div>\n<div class=\"ds-icon\"><\/div>\n<div class=\"ds-focus-ring\"><\/div>\n<\/div>\n<div class=\"db183363 ds-icon-button ds-icon-button--m ds-icon-button--sizing-container\" tabindex=\"0\" role=\"button\" aria-disabled=\"false\">\n<div class=\"ds-icon-button__hover-bg\"><\/div>\n<div class=\"ds-icon\"><\/div>\n<div class=\"ds-focus-ring\"><\/div>\n<\/div>\n<div class=\"db183363 ds-icon-button ds-icon-button--m ds-icon-button--sizing-container\" tabindex=\"0\" role=\"button\" aria-disabled=\"false\">\n<div class=\"ds-icon-button__hover-bg\"><\/div>\n<div class=\"ds-icon\"><\/div>\n<\/div>\n<\/div>\n<\/div>","protected":false},"excerpt":{"rendered":"<p>Refresh your space with modern simplicity and textured charm using this 4-Piece Geometric Pattern Decorative Pillow Cover Set. Each cover features a\u00a0minimalist modern line design\u00a0in a calming geometric pattern, printed on a\u00a0vintage linen-look material\u00a0for a touch of organic warmth. Crafted from\u00a0100% hypoallergenic polyester fiber, these covers are soft, durable, and safe for sensitive individuals. The [&hellip;]<\/p>","protected":false},"featured_media":33169,"comment_status":"open","ping_status":"closed","template":"","meta":{"_monsterinsights_skip_tracking":false,"_monsterinsights_sitenote_active":false,"_monsterinsights_sitenote_note":"","_monsterinsights_sitenote_category":0},"product_brand":[],"product_cat":[15,128,120],"product_tag":[],"class_list":{"0":"post-33168","1":"product","2":"type-product","3":"status-publish","4":"has-post-thumbnail","6":"product_cat-uncategorized","7":"product_cat-home-goods","8":"product_cat-home-textiles","10":"first","11":"instock","12":"shipping-taxable","13":"purchasable","14":"product-type-simple"},"aioseo_notices":[],"_links":{"self":[{"href":"https:\/\/xn--kbrsglobalstore-7kcc.com\/tr\/wp-json\/wp\/v2\/product\/33168","targetHints":{"allow":["GET"]}}],"collection":[{"href":"https:\/\/xn--kbrsglobalstore-7kcc.com\/tr\/wp-json\/wp\/v2\/product"}],"about":[{"href":"https:\/\/xn--kbrsglobalstore-7kcc.com\/tr\/wp-json\/wp\/v2\/types\/product"}],"replies":[{"embeddable":true,"href":"https:\/\/xn--kbrsglobalstore-7kcc.com\/tr\/wp-json\/wp\/v2\/comments?post=33168"}],"wp:featuredmedia":[{"embeddable":true,"href":"https:\/\/xn--kbrsglobalstore-7kcc.com\/tr\/wp-json\/wp\/v2\/media\/33169"}],"wp:attachment":[{"href":"https:\/\/xn--kbrsglobalstore-7kcc.com\/tr\/wp-json\/wp\/v2\/media?parent=33168"}],"wp:term":[{"taxonomy":"product_brand","embeddable":true,"href":"https:\/\/xn--kbrsglobalstore-7kcc.com\/tr\/wp-json\/wp\/v2\/product_brand?post=33168"},{"taxonomy":"product_cat","embeddable":true,"href":"https:\/\/xn--kbrsglobalstore-7kcc.com\/tr\/wp-json\/wp\/v2\/product_cat?post=33168"},{"taxonomy":"product_tag","embeddable":true,"href":"https:\/\/xn--kbrsglobalstore-7kcc.com\/tr\/wp-json\/wp\/v2\/product_tag?post=33168"}],"curies":[{"name":"wp","href":"https:\/\/api.w.org\/{rel}","templated":true}]}}