{"id":33163,"date":"2025-12-14T12:03:03","date_gmt":"2025-12-14T12:03:03","guid":{"rendered":"https:\/\/xn--kbrsglobalstore-7kcc.com\/?post_type=product&#038;p=33163"},"modified":"2025-12-17T20:15:48","modified_gmt":"2025-12-17T20:15:48","slug":"1pc-home-decor-modern-abstract-art-statue-table-decorations-for-dining-room-living-room-office-centerpiece-best-gifts","status":"publish","type":"product","link":"https:\/\/xn--kbrsglobalstore-7kcc.com\/tr\/urun\/1pc-home-decor-modern-abstract-art-statue-table-decorations-for-dining-room-living-room-office-centerpiece-best-gifts\/","title":{"rendered":"1 adet Ev Dekorasyonu Modern Soyut Sanat Heykeli Masa S\u00fcslemesi Yemek Odas\u0131 Oturma Odas\u0131 Ofis Orta S\u00fcs\u00fc En \u0130yi Hediyeler"},"content":{"rendered":"<p class=\"ds-markdown-paragraph translation-block\">Mekan\u0131n\u0131z\u0131, sohbet ba\u015flat\u0131c\u0131 bir orta par\u00e7a ile g\u00fczelle\u015ftirin: Modern Soyut Sanat Heykeli. Bu e\u015fsiz masa s\u00fcs\u00fc, \u00e7a\u011fda\u015f sanat\u0131 ve minimalist tasar\u0131m\u0131 bir araya getirerek, yorumlamaya ve hayranl\u0131\u011fa davet eden ak\u0131c\u0131 \u00e7izgiler ve b\u00fcy\u00fcleyici bir sil\u00fcet sunuyor.<\/p>\n<p class=\"ds-markdown-paragraph translation-block\">\u00c7arp\u0131c\u0131 bir odak noktas\u0131 olarak ustal\u0131kla tasarlanm\u0131\u015f olan bu \u00fcr\u00fcn, yemek odas\u0131 orta s\u00fcs\u00fc, oturma odas\u0131 aksesuar\u0131 veya ofis dekorasyonu olarak m\u00fckemmeldir. \u00c7ok y\u00f6nl\u00fc, n\u00f6tr esteti\u011fi, y\u00fczy\u0131l ortas\u0131 modern tarz\u0131ndan \u015f\u0131k end\u00fcstriyel tarza kadar geni\u015f bir yelpazedeki i\u00e7 mekan stillerini tamamlar.<\/p>\n<p class=\"ds-markdown-paragraph translation-block\">Bu heykel sadece bir dekorasyon unsuru olmaktan \u00f6te, modern zevkin incelikli bir yans\u0131mas\u0131d\u0131r. Bu nedenle, ev hediyesi, d\u00fc\u011f\u00fcn veya profesyonel d\u00f6n\u00fcm noktalar\u0131 i\u00e7in ideal bir hediye olup, bulundu\u011fu her odaya zarafet ve ki\u015filik katan sanatsal bir ifade par\u00e7as\u0131d\u0131r.<\/p>","protected":false},"excerpt":{"rendered":"<p>Elevate your space with a conversation-starting centerpiece: the Modern Abstract Art Statue. This unique table decoration blends\u00a0contemporary artistry and minimalist design, featuring fluid lines and a captivating silhouette that invites interpretation and admiration. Expertly crafted to serve as a striking focal point, it is perfect as a\u00a0dining room centerpiece, living room accent, or office decor. [&hellip;]<\/p>","protected":false},"featured_media":33164,"comment_status":"open","ping_status":"closed","template":"","meta":{"_monsterinsights_skip_tracking":false,"_monsterinsights_sitenote_active":false,"_monsterinsights_sitenote_note":"","_monsterinsights_sitenote_category":0},"product_brand":[],"product_cat":[15,128,120],"product_tag":[],"class_list":{"0":"post-33163","1":"product","2":"type-product","3":"status-publish","4":"has-post-thumbnail","6":"product_cat-uncategorized","7":"product_cat-home-goods","8":"product_cat-home-textiles","10":"first","11":"instock","12":"shipping-taxable","13":"purchasable","14":"product-type-simple"},"aioseo_notices":[],"_links":{"self":[{"href":"https:\/\/xn--kbrsglobalstore-7kcc.com\/tr\/wp-json\/wp\/v2\/product\/33163","targetHints":{"allow":["GET"]}}],"collection":[{"href":"https:\/\/xn--kbrsglobalstore-7kcc.com\/tr\/wp-json\/wp\/v2\/product"}],"about":[{"href":"https:\/\/xn--kbrsglobalstore-7kcc.com\/tr\/wp-json\/wp\/v2\/types\/product"}],"replies":[{"embeddable":true,"href":"https:\/\/xn--kbrsglobalstore-7kcc.com\/tr\/wp-json\/wp\/v2\/comments?post=33163"}],"wp:featuredmedia":[{"embeddable":true,"href":"https:\/\/xn--kbrsglobalstore-7kcc.com\/tr\/wp-json\/wp\/v2\/media\/33164"}],"wp:attachment":[{"href":"https:\/\/xn--kbrsglobalstore-7kcc.com\/tr\/wp-json\/wp\/v2\/media?parent=33163"}],"wp:term":[{"taxonomy":"product_brand","embeddable":true,"href":"https:\/\/xn--kbrsglobalstore-7kcc.com\/tr\/wp-json\/wp\/v2\/product_brand?post=33163"},{"taxonomy":"product_cat","embeddable":true,"href":"https:\/\/xn--kbrsglobalstore-7kcc.com\/tr\/wp-json\/wp\/v2\/product_cat?post=33163"},{"taxonomy":"product_tag","embeddable":true,"href":"https:\/\/xn--kbrsglobalstore-7kcc.com\/tr\/wp-json\/wp\/v2\/product_tag?post=33163"}],"curies":[{"name":"wp","href":"https:\/\/api.w.org\/{rel}","templated":true}]}}