{"id":33160,"date":"2025-12-14T11:54:11","date_gmt":"2025-12-14T11:54:11","guid":{"rendered":"https:\/\/xn--kbrsglobalstore-7kcc.com\/?post_type=product&#038;p=33160"},"modified":"2025-12-17T20:15:49","modified_gmt":"2025-12-17T20:15:49","slug":"1pc-2pcs-bicycle-statue-modern-style-iron-art-for-home-decor-creative-bicycle-small-perfume-bottle-storage-rack-for-living-room-office-bookshelf-cabinet-display-suitable-for-bedroom-and-office-de","status":"publish","type":"product","link":"https:\/\/xn--kbrsglobalstore-7kcc.com\/tr\/urun\/1pc-2pcs-bicycle-statue-modern-style-iron-art-for-home-decor-creative-bicycle-small-perfume-bottle-storage-rack-for-living-room-office-bookshelf-cabinet-display-suitable-for-bedroom-and-office-de\/","title":{"rendered":"1 Adet\/2 Adet Bisiklet Heykeli - Ev Dekorasyonu \u0130\u00e7in Modern Tarzda Demir Sanat Eseri"},"content":{"rendered":"<p class=\"ds-markdown-paragraph translation-block\">Modern Demir Bisiklet Heykeli ile end\u00fcstriyel cazibeyi yarat\u0131c\u0131 i\u015flevsellikle birle\u015ftirin. Bu e\u015fsiz demir sanat eseri, \u015f\u0131k ve stilize bir bisiklet sil\u00fceti sergileyerek hem \u00e7arp\u0131c\u0131 bir ev dekorasyonu aksesuar\u0131 hem de \u015fa\u015f\u0131rt\u0131c\u0131 derecede pratik bir k\u00fc\u00e7\u00fck parf\u00fcm \u015fi\u015fesi veya biblo saklama raf\u0131 g\u00f6revi g\u00f6r\u00fcyor.<\/p>\n<p class=\"ds-markdown-paragraph translation-block\">Minimalist ve modern tasar\u0131m\u0131, en sevdi\u011finiz minyat\u00fcr \u015fi\u015feleri, u\u00e7ucu ya\u011flar\u0131 veya k\u00fc\u00e7\u00fck hazinelerinizi zarif bir \u015fekilde tutabilen ve sergileyebilen sa\u011flam bir taban ve narin bir \u00e7er\u00e7eveye sahiptir. Oturma odas\u0131 raf\u0131n\u0131za, ofis masan\u0131za, kitapl\u0131\u011f\u0131n\u0131za veya vitrininize e\u011flenceli bir d\u00fczen dokunu\u015fu eklemek i\u00e7in m\u00fckemmeldir.<\/p>\n<p class=\"ds-markdown-paragraph\">Compact yet impactful, this versatile sculpture is\u00a0<strong>suitable for bedroom vanities or office decor<\/strong>, effortlessly blending artistry with utility. An ideal gift for design enthusiasts, it transforms everyday items into a curated display, elevating any space with its creative and functional elegance.<\/p>","protected":false},"excerpt":{"rendered":"<p>Merge industrial charm with creative functionality using the Modern Iron Bicycle Statue. This unique piece of\u00a0iron art\u00a0showcases a sleek, stylized bicycle silhouette, serving as both a\u00a0striking home decor\u00a0accent and a surprisingly practical\u00a0small perfume bottle or trinket storage rack. Its minimalist,\u00a0modern design\u00a0features a stable base and a delicate frame that can elegantly hold and display your [&hellip;]<\/p>","protected":false},"featured_media":33161,"comment_status":"open","ping_status":"closed","template":"","meta":{"_monsterinsights_skip_tracking":false,"_monsterinsights_sitenote_active":false,"_monsterinsights_sitenote_note":"","_monsterinsights_sitenote_category":0},"product_brand":[],"product_cat":[15,128,120],"product_tag":[],"class_list":{"0":"post-33160","1":"product","2":"type-product","3":"status-publish","4":"has-post-thumbnail","6":"product_cat-uncategorized","7":"product_cat-home-goods","8":"product_cat-home-textiles","10":"first","11":"instock","12":"shipping-taxable","13":"purchasable","14":"product-type-simple"},"aioseo_notices":[],"_links":{"self":[{"href":"https:\/\/xn--kbrsglobalstore-7kcc.com\/tr\/wp-json\/wp\/v2\/product\/33160","targetHints":{"allow":["GET"]}}],"collection":[{"href":"https:\/\/xn--kbrsglobalstore-7kcc.com\/tr\/wp-json\/wp\/v2\/product"}],"about":[{"href":"https:\/\/xn--kbrsglobalstore-7kcc.com\/tr\/wp-json\/wp\/v2\/types\/product"}],"replies":[{"embeddable":true,"href":"https:\/\/xn--kbrsglobalstore-7kcc.com\/tr\/wp-json\/wp\/v2\/comments?post=33160"}],"wp:featuredmedia":[{"embeddable":true,"href":"https:\/\/xn--kbrsglobalstore-7kcc.com\/tr\/wp-json\/wp\/v2\/media\/33161"}],"wp:attachment":[{"href":"https:\/\/xn--kbrsglobalstore-7kcc.com\/tr\/wp-json\/wp\/v2\/media?parent=33160"}],"wp:term":[{"taxonomy":"product_brand","embeddable":true,"href":"https:\/\/xn--kbrsglobalstore-7kcc.com\/tr\/wp-json\/wp\/v2\/product_brand?post=33160"},{"taxonomy":"product_cat","embeddable":true,"href":"https:\/\/xn--kbrsglobalstore-7kcc.com\/tr\/wp-json\/wp\/v2\/product_cat?post=33160"},{"taxonomy":"product_tag","embeddable":true,"href":"https:\/\/xn--kbrsglobalstore-7kcc.com\/tr\/wp-json\/wp\/v2\/product_tag?post=33160"}],"curies":[{"name":"wp","href":"https:\/\/api.w.org\/{rel}","templated":true}]}}