{"id":33152,"date":"2025-12-14T11:51:39","date_gmt":"2025-12-14T11:51:39","guid":{"rendered":"https:\/\/xn--kbrsglobalstore-7kcc.com\/?post_type=product&#038;p=33152"},"modified":"2025-12-17T20:15:49","modified_gmt":"2025-12-17T20:15:49","slug":"1-2-4-6pcs-corduroy-imitational-velvet-eames-chair-cover-elastic-plastic-shell-chair-seat-cushion-slipcover-solid-color","status":"publish","type":"product","link":"https:\/\/xn--kbrsglobalstore-7kcc.com\/tr\/urun\/1-2-4-6pcs-corduroy-imitational-velvet-eames-chair-cover-elastic-plastic-shell-chair-seat-cushion-slipcover-solid-color\/","title":{"rendered":"1\/2\/4\/6 adet Kadife G\u00f6r\u00fcn\u00fcml\u00fc Eames Sandalye K\u0131l\u0131f\u0131, Elastik Plastik K\u0131l\u0131f, D\u00fcz Renk"},"content":{"rendered":"<p class=\"ds-markdown-paragraph translation-block\">Kadife g\u00f6r\u00fcn\u00fcml\u00fc Corduroy Eames Sandalye K\u0131l\u0131f\u0131 ile ikonik mobilyalar\u0131n\u0131z\u0131 an\u0131nda yenileyin ve koruyun. Hassas bir uyum i\u00e7in tasarlanan bu elastik k\u0131l\u0131f, Eames tarz\u0131 sandalyenizin plastik g\u00f6vdesine zahmetsizce gerilerek l\u00fcks bir g\u00f6r\u00fcn\u00fcm ve art\u0131r\u0131lm\u0131\u015f konfor sunar.<\/p>\n<p class=\"ds-markdown-paragraph translation-block\">Yumu\u015fak, kadife dokulu suni kadifeden \u00fcretilen bu \u00fcr\u00fcn, her mekana s\u0131cakl\u0131k ve orta y\u00fczy\u0131l modern zarafeti katan, \u015f\u0131k ve d\u00fcz renkli bir y\u00fckseltme sa\u011flar. Dayan\u0131kl\u0131 ve esnek kuma\u015f, orijinal sandalyeyi \u00e7izilmelere, a\u015f\u0131nmaya ve g\u00fcne\u015f \u0131\u015f\u0131\u011f\u0131na ba\u011fl\u0131 solmaya kar\u015f\u0131 korurken, rahat ve k\u0131r\u0131\u015f\u0131ks\u0131z bir uyum sa\u011flar.<\/p>\n<p class=\"ds-markdown-paragraph translation-block\">1, 2, 4 veya 6 par\u00e7al\u0131k kullan\u0131\u015fl\u0131 setler halinde sunulan bu \u00fcr\u00fcn, yemek tak\u0131m\u0131n\u0131 tamamlamak, ev ofisini yenilemek veya oturma alan\u0131na renk katmak i\u00e7in m\u00fckemmeldir. Kolayca tak\u0131l\u0131p \u00e7\u0131kar\u0131labilen ve y\u0131kanabilen bu minder k\u0131l\u0131f\u0131, dekorunuzu canland\u0131rmak i\u00e7in basit ve \u015f\u0131k bir \u00e7\u00f6z\u00fcmd\u00fcr.<\/p>","protected":false},"excerpt":{"rendered":"<p>Instantly refresh and protect your iconic furniture with the Corduroy Imitational Velvet Eames Chair Cover. Designed for a precise fit, this\u00a0elastic slipcover\u00a0effortlessly stretches over the plastic shell of your Eames-style chair, offering a luxurious new look and enhanced comfort. Crafted from soft,\u00a0corduroy-textured imitational velvet, it provides a plush,\u00a0solid color\u00a0upgrade that adds warmth and a touch [&hellip;]<\/p>","protected":false},"featured_media":33153,"comment_status":"open","ping_status":"closed","template":"","meta":{"_monsterinsights_skip_tracking":false,"_monsterinsights_sitenote_active":false,"_monsterinsights_sitenote_note":"","_monsterinsights_sitenote_category":0},"product_brand":[],"product_cat":[15,128,120],"product_tag":[],"class_list":{"0":"post-33152","1":"product","2":"type-product","3":"status-publish","4":"has-post-thumbnail","6":"product_cat-uncategorized","7":"product_cat-home-goods","8":"product_cat-home-textiles","10":"first","11":"instock","12":"shipping-taxable","13":"purchasable","14":"product-type-simple"},"aioseo_notices":[],"_links":{"self":[{"href":"https:\/\/xn--kbrsglobalstore-7kcc.com\/tr\/wp-json\/wp\/v2\/product\/33152","targetHints":{"allow":["GET"]}}],"collection":[{"href":"https:\/\/xn--kbrsglobalstore-7kcc.com\/tr\/wp-json\/wp\/v2\/product"}],"about":[{"href":"https:\/\/xn--kbrsglobalstore-7kcc.com\/tr\/wp-json\/wp\/v2\/types\/product"}],"replies":[{"embeddable":true,"href":"https:\/\/xn--kbrsglobalstore-7kcc.com\/tr\/wp-json\/wp\/v2\/comments?post=33152"}],"wp:featuredmedia":[{"embeddable":true,"href":"https:\/\/xn--kbrsglobalstore-7kcc.com\/tr\/wp-json\/wp\/v2\/media\/33153"}],"wp:attachment":[{"href":"https:\/\/xn--kbrsglobalstore-7kcc.com\/tr\/wp-json\/wp\/v2\/media?parent=33152"}],"wp:term":[{"taxonomy":"product_brand","embeddable":true,"href":"https:\/\/xn--kbrsglobalstore-7kcc.com\/tr\/wp-json\/wp\/v2\/product_brand?post=33152"},{"taxonomy":"product_cat","embeddable":true,"href":"https:\/\/xn--kbrsglobalstore-7kcc.com\/tr\/wp-json\/wp\/v2\/product_cat?post=33152"},{"taxonomy":"product_tag","embeddable":true,"href":"https:\/\/xn--kbrsglobalstore-7kcc.com\/tr\/wp-json\/wp\/v2\/product_tag?post=33152"}],"curies":[{"name":"wp","href":"https:\/\/api.w.org\/{rel}","templated":true}]}}