{"id":33146,"date":"2025-12-14T11:45:59","date_gmt":"2025-12-14T11:45:59","guid":{"rendered":"https:\/\/xn--kbrsglobalstore-7kcc.com\/?post_type=product&#038;p=33146"},"modified":"2025-12-17T20:15:49","modified_gmt":"2025-12-17T20:15:49","slug":"1-piece-random-color-plastic-folding-stool-adjustable-telescopic-portable-outdoor-travel-folding-stool-fishing-chair-household-plastic-stool-durable-square-bench-non-slip-easy-to-store-lightw","status":"publish","type":"product","link":"https:\/\/xn--kbrsglobalstore-7kcc.com\/tr\/urun\/1-piece-random-color-plastic-folding-stool-adjustable-telescopic-portable-outdoor-travel-folding-stool-fishing-chair-household-plastic-stool-durable-square-bench-non-slip-easy-to-store-lightw\/","title":{"rendered":"Rastgele Renk, Plastik Katlan\u0131r Tabure"},"content":{"rendered":"<div class=\"ds-message _63c77b1\">\n<div class=\"ds-markdown\">\n<p class=\"ds-markdown-paragraph translation-block\">Hareketli ya\u015fam tarz\u0131 i\u00e7in m\u00fckemmel oturma \u00e7\u00f6z\u00fcm\u00fcyle tan\u0131\u015f\u0131n: Ta\u015f\u0131nabilir Teleskopik Katlan\u0131r Tabure. Bu ustaca tasarlanm\u0131\u015f tabure, ultra ta\u015f\u0131nabilir saklama i\u00e7in kolayca katlanabilen ve saniyeler i\u00e7inde sa\u011flam, dayan\u0131kl\u0131 bir kare banka d\u00f6n\u00fc\u015febilen kompakt, ayarlanabilir bir teleskopik \u00e7er\u00e7eveye sahiptir.<\/p>\n<p class=\"ds-markdown-paragraph translation-block\">Sa\u011flam ve hafif plastikten \u00fcretilen bu tabure, \u00e7ok y\u00f6nl\u00fcl\u00fck ve dayan\u0131kl\u0131l\u0131k i\u00e7in tasarlanm\u0131\u015ft\u0131r ve i\u00e7 veya d\u0131\u015f mekanlarda g\u00fcvenli oturma i\u00e7in kaymaz bir y\u00fczeye sahiptir. Rastgele renk tasar\u0131m\u0131, pratik formuna e\u011flenceli ve modern bir dokunu\u015f katarak her tabureyi size \u00f6zel k\u0131lar.<\/p>\n<p class=\"ds-markdown-paragraph translation-block\">\u0130deal bir <strong>bal\u0131k tutma sandalyesi<\/strong>, misafirler i\u00e7in ek oturma yeri, kamp arkada\u015f\u0131 veya k\u00fc\u00e7\u00fck alanlar i\u00e7in bir <strong>ev taburesi<\/strong> olarak kullan\u0131labilen bu \u00fcr\u00fcn, <strong>kolay saklanabilir<\/strong> yap\u0131s\u0131 sayesinde ihtiyac\u0131n\u0131z oldu\u011funda her zaman haz\u0131rd\u0131r. Seyahat, a\u00e7\u0131k hava etkinlikleri veya esnek ev kullan\u0131m\u0131 i\u00e7in olmazsa olmaz bir \u00fcr\u00fcnd\u00fcr.<\/p>\n<\/div>\n<\/div>\n<div class=\"ds-theme\"><\/div>\n<div class=\"ds-flex _0a3d93b\">\n<div class=\"ds-flex _965abe9 _54866f7\">\n<div class=\"db183363 ds-icon-button ds-icon-button--m ds-icon-button--sizing-container\" tabindex=\"0\" role=\"button\" aria-disabled=\"false\">\n<div class=\"ds-icon-button__hover-bg\"><\/div>\n<div class=\"ds-icon\"><\/div>\n<div class=\"ds-focus-ring\"><\/div>\n<\/div>\n<div class=\"db183363 ds-icon-button ds-icon-button--m ds-icon-button--sizing-container\" tabindex=\"0\" role=\"button\" aria-disabled=\"false\">\n<div class=\"ds-icon-button__hover-bg\"><\/div>\n<div class=\"ds-icon\"><\/div>\n<div class=\"ds-focus-ring\"><\/div>\n<\/div>\n<div class=\"db183363 ds-icon-button ds-icon-button--m ds-icon-button--sizing-container\" tabindex=\"0\" role=\"button\" aria-disabled=\"false\">\n<div class=\"ds-icon-button__hover-bg\"><\/div>\n<div class=\"ds-icon\"><\/div>\n<div class=\"ds-focus-ring\"><\/div>\n<\/div>\n<div class=\"db183363 ds-icon-button ds-icon-button--m ds-icon-button--sizing-container\" tabindex=\"0\" role=\"button\" aria-disabled=\"false\">\n<div class=\"ds-icon-button__hover-bg\"><\/div>\n<div class=\"ds-icon\"><\/div>\n<div class=\"ds-focus-ring\"><\/div>\n<\/div>\n<div class=\"db183363 ds-icon-button ds-icon-button--m ds-icon-button--sizing-container\" tabindex=\"0\" role=\"button\" aria-disabled=\"false\">\n<div class=\"ds-icon-button__hover-bg\"><\/div>\n<div class=\"ds-icon\"><\/div>\n<\/div>\n<\/div>\n<\/div>","protected":false},"excerpt":{"rendered":"<p>Meet the ultimate seat for life on the go: the Portable Telescopic Folding Stool. This ingeniously designed stool features a\u00a0compact, adjustable telescopic frame\u00a0that easily collapses down for ultra-portable storage and expands in seconds into a sturdy,\u00a0durable square bench. Made from robust,\u00a0lightweight plastic, it is built for versatility and resilience, with a\u00a0non-slip surface\u00a0for secure seating indoors [&hellip;]<\/p>","protected":false},"featured_media":33147,"comment_status":"open","ping_status":"closed","template":"","meta":{"_monsterinsights_skip_tracking":false,"_monsterinsights_sitenote_active":false,"_monsterinsights_sitenote_note":"","_monsterinsights_sitenote_category":0},"product_brand":[],"product_cat":[15,128,120],"product_tag":[],"class_list":{"0":"post-33146","1":"product","2":"type-product","3":"status-publish","4":"has-post-thumbnail","6":"product_cat-uncategorized","7":"product_cat-home-goods","8":"product_cat-home-textiles","10":"first","11":"instock","12":"shipping-taxable","13":"purchasable","14":"product-type-simple"},"aioseo_notices":[],"_links":{"self":[{"href":"https:\/\/xn--kbrsglobalstore-7kcc.com\/tr\/wp-json\/wp\/v2\/product\/33146","targetHints":{"allow":["GET"]}}],"collection":[{"href":"https:\/\/xn--kbrsglobalstore-7kcc.com\/tr\/wp-json\/wp\/v2\/product"}],"about":[{"href":"https:\/\/xn--kbrsglobalstore-7kcc.com\/tr\/wp-json\/wp\/v2\/types\/product"}],"replies":[{"embeddable":true,"href":"https:\/\/xn--kbrsglobalstore-7kcc.com\/tr\/wp-json\/wp\/v2\/comments?post=33146"}],"wp:featuredmedia":[{"embeddable":true,"href":"https:\/\/xn--kbrsglobalstore-7kcc.com\/tr\/wp-json\/wp\/v2\/media\/33147"}],"wp:attachment":[{"href":"https:\/\/xn--kbrsglobalstore-7kcc.com\/tr\/wp-json\/wp\/v2\/media?parent=33146"}],"wp:term":[{"taxonomy":"product_brand","embeddable":true,"href":"https:\/\/xn--kbrsglobalstore-7kcc.com\/tr\/wp-json\/wp\/v2\/product_brand?post=33146"},{"taxonomy":"product_cat","embeddable":true,"href":"https:\/\/xn--kbrsglobalstore-7kcc.com\/tr\/wp-json\/wp\/v2\/product_cat?post=33146"},{"taxonomy":"product_tag","embeddable":true,"href":"https:\/\/xn--kbrsglobalstore-7kcc.com\/tr\/wp-json\/wp\/v2\/product_tag?post=33146"}],"curies":[{"name":"wp","href":"https:\/\/api.w.org\/{rel}","templated":true}]}}