{"id":33137,"date":"2025-12-14T11:29:38","date_gmt":"2025-12-14T11:29:38","guid":{"rendered":"https:\/\/xn--kbrsglobalstore-7kcc.com\/?post_type=product&#038;p=33137"},"modified":"2025-12-17T20:15:49","modified_gmt":"2025-12-17T20:15:49","slug":"1pc-creative-tie-dye-soft-comfortable-long-pile-shag-rug-modern-minimalist-nordic-style-decor-for-living-room-bedroom-warm-cozy-cream-fuzzy-home-decor-autumn-winter-seasonal-gift-fluffy-chri","status":"publish","type":"product","link":"https:\/\/xn--kbrsglobalstore-7kcc.com\/tr\/urun\/1pc-creative-tie-dye-soft-comfortable-long-pile-shag-rug-modern-minimalist-nordic-style-decor-for-living-room-bedroom-warm-cozy-cream-fuzzy-home-decor-autumn-winter-seasonal-gift-fluffy-chri\/","title":{"rendered":"Yarat\u0131c\u0131 Batik Desenli Yumu\u015fak ve Rahat Uzun T\u00fcyl\u00fc \u015eaggy Hal\u0131, Oturma Odas\u0131 ve Yatak Odas\u0131 \u0130\u00e7in Modern Minimalist \u0130skandinav Tarz\u0131 Dekorasyon"},"content":{"rendered":"<p>Modern tasar\u0131m\u0131 l\u00fcks konforla harmanlayan, yumu\u015fak ve sanatsal bir par\u00e7a olan Yarat\u0131c\u0131 Batik Desenli T\u00fcyl\u00fc Hal\u0131y\u0131 tan\u0131t\u0131yoruz. S\u0131cak krem \u200b\u200brengi bir taban \u00fczerinde benzersiz, kar\u0131\u015f\u0131k batik deseniyle \u00f6ne \u00e7\u0131kan bu hal\u0131, modern minimalist \u0130skandinav tarz\u0131n\u0131 yans\u0131tarak her mekana sakin ve sanatsal bir hava kat\u0131yor.<\/p>\n<p>Son derece yumu\u015fak, uzun t\u00fcyl\u00fc yap\u0131s\u0131yla \u00fcretilen bu hal\u0131, ayak alt\u0131nda yumu\u015fak ve rahat bir his sunarak oturma odan\u0131zda, yatak odan\u0131zda veya kanepenizin yan\u0131nda s\u0131cak ve davetkar bir atmosfer yaratmak i\u00e7in m\u00fckemmeldir. L\u00fcks dokusu, \u00f6zellikle sonbahar ve k\u0131\u015f mevsimlerinde s\u0131cakl\u0131k ve konfor sa\u011flar.<\/p>\n<p>G\u00fcnl\u00fck \u015f\u0131kl\u0131\u011f\u0131n\u0131n \u00f6tesinde, \u00e7ok y\u00f6nl\u00fc renk paleti onu Noel, Cad\u0131lar Bayram\u0131 veya Sevgililer G\u00fcn\u00fc dekorasyonlar\u0131 i\u00e7in keyifli bir vurgu haline getiriyor. Bak\u0131m\u0131 kolay ve uzun s\u00fcreli keyif i\u00e7in tasarlanm\u0131\u015f bu kabar\u0131k hal\u0131, hem \u015f\u0131k bir ev yenilemesi hem de d\u00fc\u015f\u00fcnceli bir mevsimlik hediye.<\/p>","protected":false},"excerpt":{"rendered":"<p>Introducing the Creative Tie-Dye Shag Rug, a soft, artistic statement piece that blends modern design with indulgent comfort. Featuring a unique, blended tie-dye pattern on a warm cream base, this rug embodies a modern minimalist Nordic style, adding a touch of serene, artistic flair to any space. Crafted with an ultra-soft, long pile shag construction, [&hellip;]<\/p>","protected":false},"featured_media":33140,"comment_status":"open","ping_status":"closed","template":"","meta":{"_monsterinsights_skip_tracking":false,"_monsterinsights_sitenote_active":false,"_monsterinsights_sitenote_note":"","_monsterinsights_sitenote_category":0},"product_brand":[],"product_cat":[15,128,120],"product_tag":[],"class_list":{"0":"post-33137","1":"product","2":"type-product","3":"status-publish","4":"has-post-thumbnail","6":"product_cat-uncategorized","7":"product_cat-home-goods","8":"product_cat-home-textiles","10":"first","11":"instock","12":"shipping-taxable","13":"purchasable","14":"product-type-simple"},"aioseo_notices":[],"_links":{"self":[{"href":"https:\/\/xn--kbrsglobalstore-7kcc.com\/tr\/wp-json\/wp\/v2\/product\/33137","targetHints":{"allow":["GET"]}}],"collection":[{"href":"https:\/\/xn--kbrsglobalstore-7kcc.com\/tr\/wp-json\/wp\/v2\/product"}],"about":[{"href":"https:\/\/xn--kbrsglobalstore-7kcc.com\/tr\/wp-json\/wp\/v2\/types\/product"}],"replies":[{"embeddable":true,"href":"https:\/\/xn--kbrsglobalstore-7kcc.com\/tr\/wp-json\/wp\/v2\/comments?post=33137"}],"wp:featuredmedia":[{"embeddable":true,"href":"https:\/\/xn--kbrsglobalstore-7kcc.com\/tr\/wp-json\/wp\/v2\/media\/33140"}],"wp:attachment":[{"href":"https:\/\/xn--kbrsglobalstore-7kcc.com\/tr\/wp-json\/wp\/v2\/media?parent=33137"}],"wp:term":[{"taxonomy":"product_brand","embeddable":true,"href":"https:\/\/xn--kbrsglobalstore-7kcc.com\/tr\/wp-json\/wp\/v2\/product_brand?post=33137"},{"taxonomy":"product_cat","embeddable":true,"href":"https:\/\/xn--kbrsglobalstore-7kcc.com\/tr\/wp-json\/wp\/v2\/product_cat?post=33137"},{"taxonomy":"product_tag","embeddable":true,"href":"https:\/\/xn--kbrsglobalstore-7kcc.com\/tr\/wp-json\/wp\/v2\/product_tag?post=33137"}],"curies":[{"name":"wp","href":"https:\/\/api.w.org\/{rel}","templated":true}]}}