{"id":33130,"date":"2025-12-14T11:28:35","date_gmt":"2025-12-14T11:28:35","guid":{"rendered":"https:\/\/xn--kbrsglobalstore-7kcc.com\/?post_type=product&#038;p=33130"},"modified":"2025-12-17T20:15:49","modified_gmt":"2025-12-17T20:15:49","slug":"1pc-soft-fluffy-fur-mat-white-area-rug-comfortable-for-bedroom-living-room-study-office-entryway-room-decor-as-floor-mat-plush-bedroom-rugs-washable-non-slip-cute-rug-indoor-all-season-ho","status":"publish","type":"product","link":"https:\/\/xn--kbrsglobalstore-7kcc.com\/tr\/urun\/1pc-soft-fluffy-fur-mat-white-area-rug-comfortable-for-bedroom-living-room-study-office-entryway-room-decor-as-floor-mat-plush-bedroom-rugs-washable-non-slip-cute-rug-indoor-all-season-ho\/","title":{"rendered":"Yumu\u015fak, kabar\u0131k k\u00fcrkl\u00fc beyaz hal\u0131, yatak odas\u0131 i\u00e7in rahat."},"content":{"rendered":"<p class=\"ds-markdown-paragraph translation-block\">Yumu\u015fak, kabar\u0131k beyaz k\u00fcrkl\u00fc hal\u0131 ile bulut gibi bir konforun tad\u0131n\u0131 \u00e7\u0131kar\u0131n; bu l\u00fcks par\u00e7a, her oday\u0131 g\u00fczelle\u015ftirmek i\u00e7in tasarlanm\u0131\u015ft\u0131r. Bu pelu\u015f, suni k\u00fcrk hal\u0131, davetkar asimetrik bir \u015fekle ve bembeyaz bir renge sahiptir; dekorunuza modern bir zarafet ve rahat bir doku katar.<\/p>\n<p class=\"ds-markdown-paragraph translation-block\">Son derece yumu\u015fak ve kabar\u0131k yap\u0131s\u0131yla yatak odan\u0131zda, oturma odan\u0131zda, \u00e7al\u0131\u015fma odan\u0131zda, ofisinizde veya giri\u015f hol\u00fcn\u00fczde ayaklar\u0131n\u0131z\u0131n alt\u0131nda s\u0131cak ve rahat bir alan yarat\u0131r. Kaymaz taban\u0131 g\u00fcvenlik ve denge sa\u011flarken, makinede y\u0131kanabilir tasar\u0131m\u0131 bak\u0131m\u0131n\u0131 zahmetsiz hale getirerek l\u00fcks hissini mevsimden mevsimine korur.<\/p>\n<p class=\"ds-markdown-paragraph translation-block\">Yatak ba\u015f\u0131 hal\u0131s\u0131, dekoratif bir unsur veya oturma odan\u0131z\u0131n sade odak noktas\u0131 olarak m\u00fckemmel olan \u00e7ok y\u00f6nl\u00fc d\u00f6rt mevsim tasar\u0131m\u0131, her tarza kusursuz bir \u015fekilde uyum sa\u011flar. Sonbahar dekorasyonu veya y\u0131l boyu \u015f\u0131kl\u0131k i\u00e7in ideal bir unsur olan bu hal\u0131, zemininizi konfor ve stilin bir cennetine d\u00f6n\u00fc\u015ft\u00fcr\u00fcr.<\/p>","protected":false},"excerpt":{"rendered":"<p>Indulge in cloud-like comfort with the Soft Fluffy Fur White Area Rug, a luxurious statement piece designed to elevate any room. This\u00a0plush, faux fur rug\u00a0features an\u00a0inviting asymmetrical shape\u00a0and a pristine white hue, adding a touch of modern elegance and cozy texture to your decor. Exceptionally\u00a0soft and fluffy, it creates a warm, comfortable spot underfoot in [&hellip;]<\/p>","protected":false},"featured_media":33131,"comment_status":"open","ping_status":"closed","template":"","meta":{"_monsterinsights_skip_tracking":false,"_monsterinsights_sitenote_active":false,"_monsterinsights_sitenote_note":"","_monsterinsights_sitenote_category":0},"product_brand":[],"product_cat":[15,128,120],"product_tag":[],"class_list":{"0":"post-33130","1":"product","2":"type-product","3":"status-publish","4":"has-post-thumbnail","6":"product_cat-uncategorized","7":"product_cat-home-goods","8":"product_cat-home-textiles","10":"first","11":"instock","12":"shipping-taxable","13":"purchasable","14":"product-type-simple"},"aioseo_notices":[],"_links":{"self":[{"href":"https:\/\/xn--kbrsglobalstore-7kcc.com\/tr\/wp-json\/wp\/v2\/product\/33130","targetHints":{"allow":["GET"]}}],"collection":[{"href":"https:\/\/xn--kbrsglobalstore-7kcc.com\/tr\/wp-json\/wp\/v2\/product"}],"about":[{"href":"https:\/\/xn--kbrsglobalstore-7kcc.com\/tr\/wp-json\/wp\/v2\/types\/product"}],"replies":[{"embeddable":true,"href":"https:\/\/xn--kbrsglobalstore-7kcc.com\/tr\/wp-json\/wp\/v2\/comments?post=33130"}],"wp:featuredmedia":[{"embeddable":true,"href":"https:\/\/xn--kbrsglobalstore-7kcc.com\/tr\/wp-json\/wp\/v2\/media\/33131"}],"wp:attachment":[{"href":"https:\/\/xn--kbrsglobalstore-7kcc.com\/tr\/wp-json\/wp\/v2\/media?parent=33130"}],"wp:term":[{"taxonomy":"product_brand","embeddable":true,"href":"https:\/\/xn--kbrsglobalstore-7kcc.com\/tr\/wp-json\/wp\/v2\/product_brand?post=33130"},{"taxonomy":"product_cat","embeddable":true,"href":"https:\/\/xn--kbrsglobalstore-7kcc.com\/tr\/wp-json\/wp\/v2\/product_cat?post=33130"},{"taxonomy":"product_tag","embeddable":true,"href":"https:\/\/xn--kbrsglobalstore-7kcc.com\/tr\/wp-json\/wp\/v2\/product_tag?post=33130"}],"curies":[{"name":"wp","href":"https:\/\/api.w.org\/{rel}","templated":true}]}}