{"id":33126,"date":"2025-12-14T11:26:09","date_gmt":"2025-12-14T11:26:09","guid":{"rendered":"https:\/\/xn--kbrsglobalstore-7kcc.com\/?post_type=product&#038;p=33126"},"modified":"2025-12-17T20:15:50","modified_gmt":"2025-12-17T20:15:50","slug":"vintage-globe-decoration-rotating-earth-globe-stand-perfect-gift-for-home-office-study-room-birthday-gifts-graduation","status":"publish","type":"product","link":"https:\/\/xn--kbrsglobalstore-7kcc.com\/tr\/urun\/vintage-globe-decoration-rotating-earth-globe-stand-perfect-gift-for-home-office-study-room-birthday-gifts-graduation\/","title":{"rendered":"Vintage D\u00fcnya K\u00fcresi Dekorasyonu, D\u00f6nen D\u00fcnya K\u00fcresi Stand\u0131, Ev, Ofis, \u00c7al\u0131\u015fma Odas\u0131 \u0130\u00e7in M\u00fckemmel Hediye, Do\u011fum G\u00fcn\u00fc Hediyesi, Mezuniyet Hediyesi"},"content":{"rendered":"<p class=\"ds-markdown-paragraph translation-block\">Vintage D\u00f6nen K\u00fcre Dekorasyonu ile evinizin rahatl\u0131\u011f\u0131nda d\u00fcnyay\u0131 ke\u015ffedin. Klasik bir stand \u00fczerinde bulunan bu son derece detayl\u0131 k\u00fcre, zengin, antika tarz\u0131 bir haritaya sahiptir ve merak uyand\u0131rarak macera hayallerine ilham verir. P\u00fcr\u00fczs\u00fcz d\u00f6nme \u00f6zelli\u011fi, k\u0131talar\u0131 ve okyanuslar\u0131 zahmetsizce ke\u015ffetmenizi sa\u011flar.<\/p>\n<p class=\"ds-markdown-paragraph translation-block\">\u015e\u0131k bir masa s\u00fcs\u00fc olarak tasarlanan bu \u00fcr\u00fcn, ev ofisiniz, \u00e7al\u0131\u015fma odan\u0131z veya k\u00fct\u00fcphaneniz i\u00e7in i\u015flevsel bir sanat eseri g\u00f6revi g\u00f6rerek, d\u00fcnya g\u00f6r\u00fc\u015f\u00fcne sahip bir entelekt\u00fcellik ve zamans\u0131z bir \u00e7ekicilik kat\u0131yor. Zarif duru\u015fu sohbet ba\u015flat\u0131yor ve co\u011frafyaya, tarihe ve klasik tasar\u0131ma olan sevgiyi yans\u0131t\u0131yor.<\/p>\n<p class=\"ds-markdown-paragraph translation-block\">Bu sadece bir dekorasyon \u00f6\u011fesi de\u011fil, anlaml\u0131 bir hat\u0131ra hediyesi. Do\u011fum g\u00fcnleri, mezuniyetler, ev hediyeleri veya emeklilikler i\u00e7in m\u00fckemmel olan bu k\u00fcre, \u00f6\u011frenciler, gezginler ve hayalperestler i\u00e7in zamans\u0131z bir hediye; bilgi, ke\u015fif ve s\u0131n\u0131rs\u0131z olas\u0131l\u0131klar d\u00fcnyas\u0131n\u0131n sembol\u00fc.<\/p>","protected":false},"excerpt":{"rendered":"<p>Discover the world from the comfort of your home with the Vintage Rotating Globe Decoration. This exquisitely detailed\u00a0globe on a classic stand\u00a0features a rich, antique-style map, inviting curiosity and inspiring dreams of adventure. Its smooth\u00a0rotating function\u00a0allows for effortless exploration of continents and oceans. Crafted as a sophisticated\u00a0desk ornament, it serves as a functional piece of [&hellip;]<\/p>","protected":false},"featured_media":33127,"comment_status":"open","ping_status":"closed","template":"","meta":{"_monsterinsights_skip_tracking":false,"_monsterinsights_sitenote_active":false,"_monsterinsights_sitenote_note":"","_monsterinsights_sitenote_category":0},"product_brand":[],"product_cat":[15,128,120],"product_tag":[],"class_list":{"0":"post-33126","1":"product","2":"type-product","3":"status-publish","4":"has-post-thumbnail","6":"product_cat-uncategorized","7":"product_cat-home-goods","8":"product_cat-home-textiles","10":"first","11":"instock","12":"shipping-taxable","13":"purchasable","14":"product-type-simple"},"aioseo_notices":[],"_links":{"self":[{"href":"https:\/\/xn--kbrsglobalstore-7kcc.com\/tr\/wp-json\/wp\/v2\/product\/33126","targetHints":{"allow":["GET"]}}],"collection":[{"href":"https:\/\/xn--kbrsglobalstore-7kcc.com\/tr\/wp-json\/wp\/v2\/product"}],"about":[{"href":"https:\/\/xn--kbrsglobalstore-7kcc.com\/tr\/wp-json\/wp\/v2\/types\/product"}],"replies":[{"embeddable":true,"href":"https:\/\/xn--kbrsglobalstore-7kcc.com\/tr\/wp-json\/wp\/v2\/comments?post=33126"}],"wp:featuredmedia":[{"embeddable":true,"href":"https:\/\/xn--kbrsglobalstore-7kcc.com\/tr\/wp-json\/wp\/v2\/media\/33127"}],"wp:attachment":[{"href":"https:\/\/xn--kbrsglobalstore-7kcc.com\/tr\/wp-json\/wp\/v2\/media?parent=33126"}],"wp:term":[{"taxonomy":"product_brand","embeddable":true,"href":"https:\/\/xn--kbrsglobalstore-7kcc.com\/tr\/wp-json\/wp\/v2\/product_brand?post=33126"},{"taxonomy":"product_cat","embeddable":true,"href":"https:\/\/xn--kbrsglobalstore-7kcc.com\/tr\/wp-json\/wp\/v2\/product_cat?post=33126"},{"taxonomy":"product_tag","embeddable":true,"href":"https:\/\/xn--kbrsglobalstore-7kcc.com\/tr\/wp-json\/wp\/v2\/product_tag?post=33126"}],"curies":[{"name":"wp","href":"https:\/\/api.w.org\/{rel}","templated":true}]}}