{"id":33112,"date":"2025-12-13T09:36:17","date_gmt":"2025-12-13T09:36:17","guid":{"rendered":"https:\/\/xn--kbrsglobalstore-7kcc.com\/?post_type=product&#038;p=33112"},"modified":"2025-12-16T21:12:26","modified_gmt":"2025-12-16T21:12:26","slug":"elladie-kids-young-girl-elegant-solid-color-3d-bow-pleated-strap-dress-spring-summer-new-arrivals-suitable-for-outings-parties-and-events-holiday-travel-summer-relax-summer-holiday","status":"publish","type":"product","link":"https:\/\/xn--kbrsglobalstore-7kcc.com\/tr\/urun\/elladie-kids-young-girl-elegant-solid-color-3d-bow-pleated-strap-dress-spring-summer-new-arrivals-suitable-for-outings-parties-and-events-holiday-travel-summer-relax-summer-holiday\/","title":{"rendered":"Elladie Kids Gen\u00e7 K\u0131z \u00c7ocuk \u015e\u0131k D\u00fcz Renk 3D Fiyonklu Pileli Ask\u0131l\u0131 Elbise"},"content":{"rendered":"<p class=\"ds-markdown-paragraph translation-block\">Elladie Kids'in Zarif 3D Fiyonklu Pileli Ask\u0131l\u0131 Elbisesi ile minik yavrunuzu zamans\u0131z bir \u015f\u0131kl\u0131kla giydirin. Zarif bir incelikle tasarlanan bu elbise, her ad\u0131mda g\u00fczel bir hareketlilik yaratan \u00e7arp\u0131c\u0131 bir 3D \u015fekillendirilmi\u015f fiyonk detay\u0131 ve zarif pileli i\u015flemeleriyle, safl\u0131\u011f\u0131 ve stili yans\u0131tan ho\u015f bir d\u00fcz renkte sunuluyor.<\/p>\n<p class=\"ds-markdown-paragraph translation-block\">Daha s\u0131cak havalar i\u00e7in m\u00fckemmel olan yumu\u015fak, nefes alabilen bir kuma\u015ftan \u00fcretilen bu \u00fcr\u00fcn, ilkbahar ve yaz yeni gelenler i\u00e7in ideal bir se\u00e7imdir. Ayarlanabilir ince ask\u0131lar\u0131 ve rahat kesimi, kolayca oynamas\u0131na ve d\u00f6nmesine olanak tan\u0131r, bu da onu \u00f6zel geziler, partiler, etkinlikler ve tatil seyahatleri i\u00e7in uygun hale getirir.<\/p>\n<p class=\"ds-markdown-paragraph\">\u0130ster bir aile toplant\u0131s\u0131, ister yaz foto\u011fraf \u00e7ekimi, isterse de rahat bir tatil kutlamas\u0131 olsun, bu elbise zarafeti konforla birle\u015ftiriyor. Yaz\u0131n rahatl\u0131\u011f\u0131n\u0131n ve ne\u015fesinin b\u00fcy\u00fcs\u00fcn\u00fcn tad\u0131n\u0131 \u00e7\u0131kar\u0131rken ona bir prenses gibi hissettirmek i\u00e7in m\u00fckemmel bir k\u0131yafet.<\/p>","protected":false},"excerpt":{"rendered":"<p>Dress your little one in timeless charm with the Elladie Kids&#8217; Elegant 3D Bow Pleated Strap Dress. Designed with delicate sophistication, this dress features a stunning\u00a03D sculpted bow accent\u00a0and graceful\u00a0pleated detailing\u00a0that creates beautiful movement with every step, all in a lovely\u00a0solid color\u00a0that radiates purity and style. Crafted from a soft, breathable fabric perfect for warmer [&hellip;]<\/p>","protected":false},"featured_media":33113,"comment_status":"open","ping_status":"closed","template":"","meta":{"_monsterinsights_skip_tracking":false,"_monsterinsights_sitenote_active":false,"_monsterinsights_sitenote_note":"","_monsterinsights_sitenote_category":0},"product_brand":[],"product_cat":[15,113],"product_tag":[],"class_list":{"0":"post-33112","1":"product","2":"type-product","3":"status-publish","4":"has-post-thumbnail","6":"product_cat-uncategorized","7":"product_cat-kids-clothing","9":"first","10":"instock","11":"shipping-taxable","12":"purchasable","13":"product-type-simple"},"aioseo_notices":[],"_links":{"self":[{"href":"https:\/\/xn--kbrsglobalstore-7kcc.com\/tr\/wp-json\/wp\/v2\/product\/33112","targetHints":{"allow":["GET"]}}],"collection":[{"href":"https:\/\/xn--kbrsglobalstore-7kcc.com\/tr\/wp-json\/wp\/v2\/product"}],"about":[{"href":"https:\/\/xn--kbrsglobalstore-7kcc.com\/tr\/wp-json\/wp\/v2\/types\/product"}],"replies":[{"embeddable":true,"href":"https:\/\/xn--kbrsglobalstore-7kcc.com\/tr\/wp-json\/wp\/v2\/comments?post=33112"}],"wp:featuredmedia":[{"embeddable":true,"href":"https:\/\/xn--kbrsglobalstore-7kcc.com\/tr\/wp-json\/wp\/v2\/media\/33113"}],"wp:attachment":[{"href":"https:\/\/xn--kbrsglobalstore-7kcc.com\/tr\/wp-json\/wp\/v2\/media?parent=33112"}],"wp:term":[{"taxonomy":"product_brand","embeddable":true,"href":"https:\/\/xn--kbrsglobalstore-7kcc.com\/tr\/wp-json\/wp\/v2\/product_brand?post=33112"},{"taxonomy":"product_cat","embeddable":true,"href":"https:\/\/xn--kbrsglobalstore-7kcc.com\/tr\/wp-json\/wp\/v2\/product_cat?post=33112"},{"taxonomy":"product_tag","embeddable":true,"href":"https:\/\/xn--kbrsglobalstore-7kcc.com\/tr\/wp-json\/wp\/v2\/product_tag?post=33112"}],"curies":[{"name":"wp","href":"https:\/\/api.w.org\/{rel}","templated":true}]}}