{"id":33104,"date":"2025-12-13T09:28:44","date_gmt":"2025-12-13T09:28:44","guid":{"rendered":"https:\/\/xn--kbrsglobalstore-7kcc.com\/?post_type=product&#038;p=33104"},"modified":"2025-12-15T10:51:55","modified_gmt":"2025-12-15T10:51:55","slug":"3pcs-tween-girl-spring-summer-fashion-set-long-sleeve-sweatshirt-shawl-letter-print-camisole-pleated-skirt-best-gift-for-early-spring-school-season","status":"publish","type":"product","link":"https:\/\/xn--kbrsglobalstore-7kcc.com\/tr\/urun\/3pcs-tween-girl-spring-summer-fashion-set-long-sleeve-sweatshirt-shawl-letter-print-camisole-pleated-skirt-best-gift-for-early-spring-school-season\/","title":{"rendered":"3 Par\u00e7al\u0131 Gen\u00e7 K\u0131z \u0130lkbahar\/Yaz Moda Seti: Uzun Kollu Sweatshirt \u015eal, Harf Bask\u0131l\u0131 Ask\u0131l\u0131 Bluz ve Pileli Etek, \u0130lkbahar Okul Sezonu \u0130\u00e7in En \u0130yi Hediye"},"content":{"rendered":"<div class=\"dad65929\">\n<div class=\"_4f9bf79 d7dc56a8 _43c05b5\">\n<div class=\"ds-message _63c77b1\">\n<div class=\"ds-markdown\">\n<p class=\"ds-markdown-paragraph translation-block\">K\u0131z\u0131n\u0131z\u0131n gard\u0131robunu, mevsim ge\u00e7i\u015flerinde \u015f\u0131k bir \u015fekilde hareket etmesi i\u00e7in m\u00fckemmel olan, zahmetsizce haval\u0131 ve uyumlu 3 par\u00e7al\u0131 Gen\u00e7 K\u0131z Moda Seti ile yenileyin. Bu \u00e7ok y\u00f6nl\u00fc set, rahat bir uzun kollu sweatshirt \u015fal, modaya uygun bir harf bask\u0131l\u0131 ask\u0131l\u0131 bluz ve e\u011flenceli bir pileli etek i\u00e7erir ve ki\u015fiselle\u015ftirilmi\u015f bir g\u00f6r\u00fcn\u00fcm i\u00e7in sonsuz kombinasyon olanaklar\u0131 sunar.<\/p>\n<p class=\"ds-markdown-paragraph translation-block\">Konfor ve modern bir tarz i\u00e7in tasarlanan bu set, serin ilkbahar g\u00fcnlerinden s\u0131cak yaz ak\u015famlar\u0131na sorunsuz bir ge\u00e7i\u015f sa\u011flar. Okul sezonu i\u00e7in ideal bir se\u00e7im olan bu set, s\u0131n\u0131f g\u00fcnleri, hafta sonu gezileri veya arkada\u015flarla g\u00fcndelik bulu\u015fmalar i\u00e7in hem pratik hem de \u015f\u0131k katmanlar sunar.<\/p>\n<p class=\"ds-markdown-paragraph translation-block\">\u00d6zenle se\u00e7ilmi\u015f ve g\u00fczelce sunulmu\u015f bu set, hayat\u0131n\u0131zdaki modaya d\u00fc\u015fk\u00fcn gen\u00e7 k\u0131z i\u00e7in m\u00fckemmel bir hediye se\u00e7ene\u011fi. Rahat, trendlere uygun ve g\u00fcnl\u00fck maceralar\u0131na haz\u0131r par\u00e7alarla onun giderek b\u00fcy\u00fcyen bireyselli\u011fini kutluyor.<\/p>\n<\/div>\n<\/div>\n<div class=\"ds-theme\"><\/div>\n<div class=\"ds-flex _0a3d93b\">\n<div class=\"ds-flex _965abe9 _54866f7\">\n<div class=\"db183363 ds-icon-button ds-icon-button--m ds-icon-button--sizing-container\" tabindex=\"0\" role=\"button\" aria-disabled=\"false\">\n<div class=\"ds-icon-button__hover-bg\"><\/div>\n<div class=\"ds-icon\"><\/div>\n<div class=\"ds-focus-ring\"><\/div>\n<\/div>\n<div class=\"db183363 ds-icon-button ds-icon-button--m ds-icon-button--sizing-container\" tabindex=\"0\" role=\"button\" aria-disabled=\"false\">\n<div class=\"ds-icon-button__hover-bg\"><\/div>\n<div class=\"ds-icon\"><\/div>\n<div class=\"ds-focus-ring\"><\/div>\n<\/div>\n<div class=\"db183363 ds-icon-button ds-icon-button--m ds-icon-button--sizing-container\" tabindex=\"0\" role=\"button\" aria-disabled=\"false\">\n<div class=\"ds-icon-button__hover-bg\"><\/div>\n<div class=\"ds-icon\"><\/div>\n<div class=\"ds-focus-ring\"><\/div>\n<\/div>\n<div class=\"db183363 ds-icon-button ds-icon-button--m ds-icon-button--sizing-container\" tabindex=\"0\" role=\"button\" aria-disabled=\"false\">\n<div class=\"ds-icon-button__hover-bg\"><\/div>\n<div class=\"ds-icon\"><\/div>\n<div class=\"ds-focus-ring\"><\/div>\n<\/div>\n<div class=\"db183363 ds-icon-button ds-icon-button--m ds-icon-button--sizing-container\" tabindex=\"0\" role=\"button\" aria-disabled=\"false\">\n<div class=\"ds-icon-button__hover-bg\"><\/div>\n<div class=\"ds-icon\"><\/div>\n<div class=\"ds-focus-ring\"><\/div>\n<\/div>\n<\/div>\n<div><\/div>\n<\/div>\n<\/div>\n<\/div>\n<div class=\"_871cbca\">\n<div class=\"d72636e2\"><\/div>\n<div class=\"aaff8b8f\">\n<div class=\"_77cefa5 _3d616d3\">\n<div class=\"_020ab5b\">\n<div class=\"_24fad49\">\n<div class=\"ds-scroll-area__gutters\"><\/div>\n<\/div>\n<\/div>\n<\/div>\n<\/div>\n<\/div>","protected":false},"excerpt":{"rendered":"<p>Refresh her wardrobe with the effortlessly cool and coordinated 3-Piece Tween Girl Fashion Set, perfect for navigating the changing seasons in style. This versatile ensemble includes a\u00a0cozy long-sleeve sweatshirt shawl, a trendy\u00a0letter print camisole, and a playful\u00a0pleated skirt, offering endless mix-and-match possibilities for a personalized look. Designed for comfort and modern flair, the set transitions [&hellip;]<\/p>","protected":false},"featured_media":33106,"comment_status":"open","ping_status":"closed","template":"","meta":{"_monsterinsights_skip_tracking":false,"_monsterinsights_sitenote_active":false,"_monsterinsights_sitenote_note":"","_monsterinsights_sitenote_category":0},"product_brand":[],"product_cat":[15,113],"product_tag":[],"class_list":{"0":"post-33104","1":"product","2":"type-product","3":"status-publish","4":"has-post-thumbnail","6":"product_cat-uncategorized","7":"product_cat-kids-clothing","9":"first","10":"instock","11":"shipping-taxable","12":"purchasable","13":"product-type-simple"},"aioseo_notices":[],"_links":{"self":[{"href":"https:\/\/xn--kbrsglobalstore-7kcc.com\/tr\/wp-json\/wp\/v2\/product\/33104","targetHints":{"allow":["GET"]}}],"collection":[{"href":"https:\/\/xn--kbrsglobalstore-7kcc.com\/tr\/wp-json\/wp\/v2\/product"}],"about":[{"href":"https:\/\/xn--kbrsglobalstore-7kcc.com\/tr\/wp-json\/wp\/v2\/types\/product"}],"replies":[{"embeddable":true,"href":"https:\/\/xn--kbrsglobalstore-7kcc.com\/tr\/wp-json\/wp\/v2\/comments?post=33104"}],"wp:featuredmedia":[{"embeddable":true,"href":"https:\/\/xn--kbrsglobalstore-7kcc.com\/tr\/wp-json\/wp\/v2\/media\/33106"}],"wp:attachment":[{"href":"https:\/\/xn--kbrsglobalstore-7kcc.com\/tr\/wp-json\/wp\/v2\/media?parent=33104"}],"wp:term":[{"taxonomy":"product_brand","embeddable":true,"href":"https:\/\/xn--kbrsglobalstore-7kcc.com\/tr\/wp-json\/wp\/v2\/product_brand?post=33104"},{"taxonomy":"product_cat","embeddable":true,"href":"https:\/\/xn--kbrsglobalstore-7kcc.com\/tr\/wp-json\/wp\/v2\/product_cat?post=33104"},{"taxonomy":"product_tag","embeddable":true,"href":"https:\/\/xn--kbrsglobalstore-7kcc.com\/tr\/wp-json\/wp\/v2\/product_tag?post=33104"}],"curies":[{"name":"wp","href":"https:\/\/api.w.org\/{rel}","templated":true}]}}