{"id":33088,"date":"2025-12-13T09:20:49","date_gmt":"2025-12-13T09:20:49","guid":{"rendered":"https:\/\/xn--kbrsglobalstore-7kcc.com\/?post_type=product&#038;p=33088"},"modified":"2025-12-16T21:12:42","modified_gmt":"2025-12-16T21:12:42","slug":"2pcs-set-toddler-girls-white-cardigan-jacket-and-red-cake-skirt-set-long-sleeve-open-front-single-breasted-cardigan-with-3d-red-bow-and-red-cute-cake-mini-skirt-suitable-for-casual-commuting-ha","status":"publish","type":"product","link":"https:\/\/xn--kbrsglobalstore-7kcc.com\/tr\/urun\/2pcs-set-toddler-girls-white-cardigan-jacket-and-red-cake-skirt-set-long-sleeve-open-front-single-breasted-cardigan-with-3d-red-bow-and-red-cute-cake-mini-skirt-suitable-for-casual-commuting-ha\/","title":{"rendered":"K\u00fc\u00e7\u00fck K\u0131z \u00c7ocuklar\u0131 \u0130\u00e7in Beyaz H\u0131rka Ceket ve K\u0131rm\u0131z\u0131 Pasta Etek Tak\u0131m\u0131"},"content":{"rendered":"<p class=\"ds-markdown-paragraph translation-block\">Bu sevimli 2 par\u00e7al\u0131 h\u0131rka ve pasta etek tak\u0131m\u0131yla minik yavrunuzu masal kitaplar\u0131ndan f\u0131rlam\u0131\u015f gibi \u015f\u0131k bir g\u00f6r\u00fcn\u00fcme kavu\u015fturun. Tak\u0131m, klasik beyaz, uzun kollu, \u00f6n\u00fc a\u00e7\u0131k bir h\u0131rkay\u0131 b\u00fcy\u00fcleyici k\u0131rm\u0131z\u0131 pasta mini etekle birle\u015ftirerek hem tatl\u0131 hem de \u015f\u0131k, zamans\u0131z ve uyumlu bir g\u00f6r\u00fcn\u00fcm yarat\u0131yor.<\/p>\n<p class=\"ds-markdown-paragraph translation-block\">H\u0131rka, tek s\u0131ra d\u00fc\u011fmeli bir tasar\u0131ma sahip olup, ne\u015feli ve \u00fc\u00e7 boyutlu bir vurgu katan ho\u015f bir \u00fc\u00e7 boyutlu k\u0131rm\u0131z\u0131 fiyonkla s\u00fcslenmi\u015ftir. Kat kat, \"pasta\" tarz\u0131 etek ise \u015fenlikli ve kabar\u0131k sil\u00fcetiyle k\u0131yafeti tamaml\u0131yor.<\/p>\n<p class=\"ds-markdown-paragraph translation-block\">Yumu\u015fak ve rahat malzemelerden \u00fcretilen bu \u00e7ok y\u00f6nl\u00fc set, g\u00fcnl\u00fck giyim, i\u015fe gidip gelme veya Cad\u0131lar Bayram\u0131, Noel ve ilkbahar, sonbahar ve k\u0131\u015f ba\u015flar\u0131ndaki mevsimsel kutlamalar gibi \u00f6zel g\u00fcnler i\u00e7in m\u00fckemmeldir. B\u00fcy\u00fcleyici ve uyumlu \u015f\u0131kl\u0131\u011f\u0131yla k\u00fc\u00e7\u00fck \u00e7ocu\u011funuzun \u00f6ne \u00e7\u0131kmas\u0131n\u0131 sa\u011flayacak keyifli bir k\u0131yafet.<\/p>","protected":false},"excerpt":{"rendered":"<p>Dress your little one in a storybook-chic ensemble with this adorable 2-Piece Cardigan and Cake Skirt Set. The set pairs a\u00a0classic white, long-sleeve open-front cardigan\u00a0with a charming\u00a0red cake mini skirt, creating a timeless and coordinated look that&#8217;s both sweet and stylish. The cardigan features a\u00a0single-breasted button design\u00a0and is adorned with a delightful\u00a03D red bow, adding [&hellip;]<\/p>","protected":false},"featured_media":33089,"comment_status":"open","ping_status":"closed","template":"","meta":{"_monsterinsights_skip_tracking":false,"_monsterinsights_sitenote_active":false,"_monsterinsights_sitenote_note":"","_monsterinsights_sitenote_category":0},"product_brand":[],"product_cat":[15,113],"product_tag":[],"class_list":{"0":"post-33088","1":"product","2":"type-product","3":"status-publish","4":"has-post-thumbnail","6":"product_cat-uncategorized","7":"product_cat-kids-clothing","9":"first","10":"instock","11":"shipping-taxable","12":"purchasable","13":"product-type-simple"},"aioseo_notices":[],"_links":{"self":[{"href":"https:\/\/xn--kbrsglobalstore-7kcc.com\/tr\/wp-json\/wp\/v2\/product\/33088","targetHints":{"allow":["GET"]}}],"collection":[{"href":"https:\/\/xn--kbrsglobalstore-7kcc.com\/tr\/wp-json\/wp\/v2\/product"}],"about":[{"href":"https:\/\/xn--kbrsglobalstore-7kcc.com\/tr\/wp-json\/wp\/v2\/types\/product"}],"replies":[{"embeddable":true,"href":"https:\/\/xn--kbrsglobalstore-7kcc.com\/tr\/wp-json\/wp\/v2\/comments?post=33088"}],"wp:featuredmedia":[{"embeddable":true,"href":"https:\/\/xn--kbrsglobalstore-7kcc.com\/tr\/wp-json\/wp\/v2\/media\/33089"}],"wp:attachment":[{"href":"https:\/\/xn--kbrsglobalstore-7kcc.com\/tr\/wp-json\/wp\/v2\/media?parent=33088"}],"wp:term":[{"taxonomy":"product_brand","embeddable":true,"href":"https:\/\/xn--kbrsglobalstore-7kcc.com\/tr\/wp-json\/wp\/v2\/product_brand?post=33088"},{"taxonomy":"product_cat","embeddable":true,"href":"https:\/\/xn--kbrsglobalstore-7kcc.com\/tr\/wp-json\/wp\/v2\/product_cat?post=33088"},{"taxonomy":"product_tag","embeddable":true,"href":"https:\/\/xn--kbrsglobalstore-7kcc.com\/tr\/wp-json\/wp\/v2\/product_tag?post=33088"}],"curies":[{"name":"wp","href":"https:\/\/api.w.org\/{rel}","templated":true}]}}