{"id":33082,"date":"2025-12-13T09:16:54","date_gmt":"2025-12-13T09:16:54","guid":{"rendered":"https:\/\/xn--kbrsglobalstore-7kcc.com\/?post_type=product&#038;p=33082"},"modified":"2025-12-16T21:13:09","modified_gmt":"2025-12-16T21:13:09","slug":"shein-happikins-cream-yellow-vintage-cute-cherry-print-collegiate-letter-print-young-girl-casual-minimalist-short-sleeve-shorts-2-pieces-set-suitable-for-summer-back-to-school-back-to-school-clo","status":"publish","type":"product","link":"https:\/\/xn--kbrsglobalstore-7kcc.com\/tr\/urun\/shein-happikins-cream-yellow-vintage-cute-cherry-print-collegiate-letter-print-young-girl-casual-minimalist-short-sleeve-shorts-2-pieces-set-suitable-for-summer-back-to-school-back-to-school-clo\/","title":{"rendered":"Happikins Krem Sar\u0131, Vintage Sevimli Kiraz Bask\u0131l\u0131, \u00dcniversite Harf Bask\u0131l\u0131"},"content":{"rendered":"<p class=\"ds-markdown-paragraph translation-block\">Happikins Vintage Kiraz Bask\u0131l\u0131 \u0130ki Par\u00e7al\u0131 Tak\u0131m ile tatl\u0131 ve nostaljik bir stile ad\u0131m at\u0131n. Bu sevimli tak\u0131m, b\u00fcy\u00fcleyici bir vintage kiraz bask\u0131s\u0131 ve \u00fcniversite yaz\u0131s\u0131yla s\u00fcslenmi\u015f krem \u200b\u200bsar\u0131s\u0131 k\u0131sa kollu bir \u00fcst ve uyumlu, rahat bir g\u00f6r\u00fcn\u00fcm i\u00e7in minimalist \u015forttan olu\u015fmaktad\u0131r.<\/p>\n<p class=\"ds-markdown-paragraph translation-block\"><strong>2000'lerin Y2K cazibesini ve minimalist g\u00fcnl\u00fck tarz\u0131n\u0131<\/strong> yans\u0131tan bu set, <strong>rahat yaz ve tatil i\u00e7in haz\u0131r k\u0131yafetler<\/strong> olu\u015fturmak i\u00e7in m\u00fckemmeldir. Yumu\u015fak, nefes alabilen kuma\u015ftan \u00fcretilen bu set, ister oyun oynarken, ister ke\u015fif yaparken, isterse de dinlenirken g\u00fcn boyu konfor sa\u011flar.<\/p>\n<p class=\"ds-markdown-paragraph translation-block\">Yaz maceralar\u0131, okula d\u00f6n\u00fc\u015f tarz\u0131 veya g\u00fcnl\u00fck e\u011flence i\u00e7in ideal olan bu kiraz k\u0131rm\u0131z\u0131s\u0131 iki par\u00e7al\u0131 tak\u0131m, g\u00fcn\u00fcm\u00fcz \u00e7ocuklar\u0131 i\u00e7in yeniden tasarlanm\u0131\u015f retro trendlere ho\u015f bir g\u00f6nderme yap\u0131yor. E\u011flenceli desenleri modern konforla zahmetsizce harmanlayan, sevimli ve giymesi kolay bir k\u0131yafet.<\/p>","protected":false},"excerpt":{"rendered":"<p>Step into sweet, nostalgic style with the Happikins Vintage Cherry Print Two-Piece Set. This adorable ensemble features a\u00a0cream yellow short-sleeve top\u00a0adorned with a charming\u00a0vintage cherry print and collegiate lettering, paired perfectly with matching minimalist\u00a0shorts\u00a0for a coordinated, laid-back look. Embodying\u00a02000s Y2K charm and minimalist casual vibes, this set is perfect for creating those\u00a0chill summer and vacay-ready [&hellip;]<\/p>","protected":false},"featured_media":33083,"comment_status":"open","ping_status":"closed","template":"","meta":{"_monsterinsights_skip_tracking":false,"_monsterinsights_sitenote_active":false,"_monsterinsights_sitenote_note":"","_monsterinsights_sitenote_category":0},"product_brand":[],"product_cat":[15,113],"product_tag":[],"class_list":{"0":"post-33082","1":"product","2":"type-product","3":"status-publish","4":"has-post-thumbnail","6":"product_cat-uncategorized","7":"product_cat-kids-clothing","9":"first","10":"instock","11":"shipping-taxable","12":"purchasable","13":"product-type-simple"},"aioseo_notices":[],"_links":{"self":[{"href":"https:\/\/xn--kbrsglobalstore-7kcc.com\/tr\/wp-json\/wp\/v2\/product\/33082","targetHints":{"allow":["GET"]}}],"collection":[{"href":"https:\/\/xn--kbrsglobalstore-7kcc.com\/tr\/wp-json\/wp\/v2\/product"}],"about":[{"href":"https:\/\/xn--kbrsglobalstore-7kcc.com\/tr\/wp-json\/wp\/v2\/types\/product"}],"replies":[{"embeddable":true,"href":"https:\/\/xn--kbrsglobalstore-7kcc.com\/tr\/wp-json\/wp\/v2\/comments?post=33082"}],"wp:featuredmedia":[{"embeddable":true,"href":"https:\/\/xn--kbrsglobalstore-7kcc.com\/tr\/wp-json\/wp\/v2\/media\/33083"}],"wp:attachment":[{"href":"https:\/\/xn--kbrsglobalstore-7kcc.com\/tr\/wp-json\/wp\/v2\/media?parent=33082"}],"wp:term":[{"taxonomy":"product_brand","embeddable":true,"href":"https:\/\/xn--kbrsglobalstore-7kcc.com\/tr\/wp-json\/wp\/v2\/product_brand?post=33082"},{"taxonomy":"product_cat","embeddable":true,"href":"https:\/\/xn--kbrsglobalstore-7kcc.com\/tr\/wp-json\/wp\/v2\/product_cat?post=33082"},{"taxonomy":"product_tag","embeddable":true,"href":"https:\/\/xn--kbrsglobalstore-7kcc.com\/tr\/wp-json\/wp\/v2\/product_tag?post=33082"}],"curies":[{"name":"wp","href":"https:\/\/api.w.org\/{rel}","templated":true}]}}