{"id":33076,"date":"2025-12-13T09:12:37","date_gmt":"2025-12-13T09:12:37","guid":{"rendered":"https:\/\/xn--kbrsglobalstore-7kcc.com\/?post_type=product&#038;p=33076"},"modified":"2025-12-15T10:55:43","modified_gmt":"2025-12-15T10:55:43","slug":"shein-2pcs-baby-boy-summer-set-letter-bear-print-short-sleeve-t-shirt-and-shorts-boy-clothes-for-baby-boy-clothes-baby-boy-infant-clothes-boy-infant-clothing-boy-clothes-for-toddler","status":"publish","type":"product","link":"https:\/\/xn--kbrsglobalstore-7kcc.com\/tr\/urun\/shein-2pcs-baby-boy-summer-set-letter-bear-print-short-sleeve-t-shirt-and-shorts-boy-clothes-for-baby-boy-clothes-baby-boy-infant-clothes-boy-infant-clothing-boy-clothes-for-toddler\/","title":{"rendered":"2 Par\u00e7al\u0131 Erkek Bebek Yaz Seti \u2013 Harf ve Ay\u0131 Bask\u0131l\u0131 K\u0131sa Kollu Ti\u015f\u00f6rt ve \u015eort Erkek Bebek Giysileri Erkek Bebek Giysileri Bebek \u00c7ocuk Giysileri Erkek Bebek K\u0131yafetleri Y\u00fcr\u00fcmeye Ba\u015flayan \u00c7ocuk Giysileri"},"content":{"rendered":"<div class=\"dad65929\">\n<div class=\"_4f9bf79 d7dc56a8 _43c05b5\">\n<div class=\"ds-message _63c77b1\">\n<div class=\"ds-markdown\">\n<p class=\"ds-markdown-paragraph translation-block\">Bu 2 par\u00e7al\u0131 erkek bebek yazl\u0131k tak\u0131m\u0131yla minik ka\u015fifinizi sevimli ve rahat bir \u015fekilde giydirin. K\u0131yafet, e\u011flenceli harf ve ay\u0131 bask\u0131l\u0131 sevimli k\u0131sa kollu bir ti\u015f\u00f6rt ve uyumlu \u015forttan olu\u015farak koordineli ve b\u00fcy\u00fcleyici bir g\u00f6r\u00fcn\u00fcm sunar.<\/p>\n<p class=\"ds-markdown-paragraph\">Hassas ciltler i\u00e7in ideal olan yumu\u015fak, nefes alabilen kuma\u015ftan \u00fcretilen bu set, bebe\u011finizin s\u0131cak yaz g\u00fcnlerinde serin ve rahat kalmas\u0131n\u0131 sa\u011flar. Rahat kesimi, emeklerken, oynarken veya bebek arabas\u0131nda gezerken bolca hareket \u00f6zg\u00fcrl\u00fc\u011f\u00fc sunar.<\/p>\n<p class=\"ds-markdown-paragraph translation-block\">Bebekler ve k\u00fc\u00e7\u00fck \u00e7ocuklar i\u00e7in m\u00fckemmel olan bu set, g\u00fcnl\u00fck kullan\u0131m, aile gezileri veya g\u00fcndelik foto\u011fraf \u00e7ekimleri i\u00e7in \u00e7ok y\u00f6nl\u00fc bir temel par\u00e7ad\u0131r. Sevimli stili g\u00fcnl\u00fck kolayl\u0131kla birle\u015ftiren bu set, herhangi bir erkek bebe\u011fin gard\u0131robuna tatl\u0131 ve pratik bir katk\u0131 sa\u011flar.<\/p>\n<\/div>\n<\/div>\n<div class=\"ds-theme\"><\/div>\n<div class=\"ds-flex _0a3d93b\">\n<div class=\"ds-flex _965abe9 _54866f7\">\n<div class=\"db183363 ds-icon-button ds-icon-button--m ds-icon-button--sizing-container\" tabindex=\"0\" role=\"button\" aria-disabled=\"false\">\n<div class=\"ds-icon-button__hover-bg\"><\/div>\n<div class=\"ds-icon\"><\/div>\n<div class=\"ds-focus-ring\"><\/div>\n<\/div>\n<div class=\"db183363 ds-icon-button ds-icon-button--m ds-icon-button--sizing-container\" tabindex=\"0\" role=\"button\" aria-disabled=\"false\">\n<div class=\"ds-icon-button__hover-bg\"><\/div>\n<div class=\"ds-icon\"><\/div>\n<div class=\"ds-focus-ring\"><\/div>\n<\/div>\n<div class=\"db183363 ds-icon-button ds-icon-button--m ds-icon-button--sizing-container\" tabindex=\"0\" role=\"button\" aria-disabled=\"false\">\n<div class=\"ds-icon-button__hover-bg\"><\/div>\n<div class=\"ds-icon\"><\/div>\n<div class=\"ds-focus-ring\"><\/div>\n<\/div>\n<div class=\"db183363 ds-icon-button ds-icon-button--m ds-icon-button--sizing-container\" tabindex=\"0\" role=\"button\" aria-disabled=\"false\">\n<div class=\"ds-icon-button__hover-bg\"><\/div>\n<div class=\"ds-icon\"><\/div>\n<div class=\"ds-focus-ring\"><\/div>\n<\/div>\n<div class=\"db183363 ds-icon-button ds-icon-button--m ds-icon-button--sizing-container\" tabindex=\"0\" role=\"button\" aria-disabled=\"false\">\n<div class=\"ds-icon-button__hover-bg\"><\/div>\n<div class=\"ds-icon\"><\/div>\n<div class=\"ds-focus-ring\"><\/div>\n<\/div>\n<\/div>\n<div><\/div>\n<\/div>\n<\/div>\n<\/div>\n<div class=\"_871cbca\">\n<div class=\"d72636e2\"><\/div>\n<div class=\"aaff8b8f\">\n<div class=\"_77cefa5 _3d616d3\">\n<div class=\"_020ab5b\">\n<div class=\"_24fad49\">\n<div class=\"ds-scroll-area__gutters\">\n<div class=\"ds-scroll-area__horizontal-gutter\"><\/div>\n<div class=\"ds-scroll-area__vertical-gutter\"><\/div>\n<\/div>\n<\/div>\n<\/div>\n<\/div>\n<\/div>\n<\/div>","protected":false},"excerpt":{"rendered":"<p>Dress your little explorer in adorable comfort with this 2-Piece Baby Boy Summer Set. The outfit features a cute\u00a0short-sleeve T-shirt\u00a0with a playful\u00a0letter and bear print, perfectly paired with matching\u00a0shorts\u00a0for a coordinated and charming look. Made from soft, breathable fabric ideal for sensitive skin, this set ensures your baby stays cool and comfortable during warm summer [&hellip;]<\/p>","protected":false},"featured_media":33077,"comment_status":"open","ping_status":"closed","template":"","meta":{"_monsterinsights_skip_tracking":false,"_monsterinsights_sitenote_active":false,"_monsterinsights_sitenote_note":"","_monsterinsights_sitenote_category":0},"product_brand":[],"product_cat":[15,113],"product_tag":[],"class_list":{"0":"post-33076","1":"product","2":"type-product","3":"status-publish","4":"has-post-thumbnail","6":"product_cat-uncategorized","7":"product_cat-kids-clothing","9":"first","10":"instock","11":"shipping-taxable","12":"purchasable","13":"product-type-simple"},"aioseo_notices":[],"_links":{"self":[{"href":"https:\/\/xn--kbrsglobalstore-7kcc.com\/tr\/wp-json\/wp\/v2\/product\/33076","targetHints":{"allow":["GET"]}}],"collection":[{"href":"https:\/\/xn--kbrsglobalstore-7kcc.com\/tr\/wp-json\/wp\/v2\/product"}],"about":[{"href":"https:\/\/xn--kbrsglobalstore-7kcc.com\/tr\/wp-json\/wp\/v2\/types\/product"}],"replies":[{"embeddable":true,"href":"https:\/\/xn--kbrsglobalstore-7kcc.com\/tr\/wp-json\/wp\/v2\/comments?post=33076"}],"wp:featuredmedia":[{"embeddable":true,"href":"https:\/\/xn--kbrsglobalstore-7kcc.com\/tr\/wp-json\/wp\/v2\/media\/33077"}],"wp:attachment":[{"href":"https:\/\/xn--kbrsglobalstore-7kcc.com\/tr\/wp-json\/wp\/v2\/media?parent=33076"}],"wp:term":[{"taxonomy":"product_brand","embeddable":true,"href":"https:\/\/xn--kbrsglobalstore-7kcc.com\/tr\/wp-json\/wp\/v2\/product_brand?post=33076"},{"taxonomy":"product_cat","embeddable":true,"href":"https:\/\/xn--kbrsglobalstore-7kcc.com\/tr\/wp-json\/wp\/v2\/product_cat?post=33076"},{"taxonomy":"product_tag","embeddable":true,"href":"https:\/\/xn--kbrsglobalstore-7kcc.com\/tr\/wp-json\/wp\/v2\/product_tag?post=33076"}],"curies":[{"name":"wp","href":"https:\/\/api.w.org\/{rel}","templated":true}]}}