{"id":33069,"date":"2025-12-13T09:08:13","date_gmt":"2025-12-13T09:08:13","guid":{"rendered":"https:\/\/xn--kbrsglobalstore-7kcc.com\/?post_type=product&#038;p=33069"},"modified":"2025-12-15T10:57:06","modified_gmt":"2025-12-15T10:57:06","slug":"2pcs-set-tween-boy-casual-ombre-design-letter-print-short-sleeve-t-shirt-and-matching-shorts-set","status":"publish","type":"product","link":"https:\/\/xn--kbrsglobalstore-7kcc.com\/tr\/urun\/2pcs-set-tween-boy-casual-ombre-design-letter-print-short-sleeve-t-shirt-and-matching-shorts-set\/","title":{"rendered":"2 Par\u00e7a\/Set Gen\u00e7 Erkek \u00c7ocuk G\u00fcnl\u00fck Ombre Desenli Harf Bask\u0131l\u0131 K\u0131sa Kollu Ti\u015f\u00f6rt ve Uyumlu \u015eort Tak\u0131m\u0131,"},"content":{"rendered":"<p>Bu 2 par\u00e7al\u0131 gen\u00e7 erkek \u00e7ocuk g\u00fcnl\u00fck tak\u0131m\u0131yla, haval\u0131 ve uyumlu rahatl\u0131\u011f\u0131n zirvesine ula\u015f\u0131n. Tak\u0131m, dinamik degrade tasar\u0131ml\u0131 ve cesur harf bask\u0131l\u0131, trend bir k\u0131sa kollu ti\u015f\u00f6rt ile uyumlu d\u00fcz renk \u015forttan olu\u015fuyor; bu da hem derli toplu hem de zahmetsizce rahat bir g\u00f6r\u00fcn\u00fcm sa\u011fl\u0131yor.<\/p>\n<p>Yumu\u015fak ve nefes alabilen kuma\u015ftan \u00fcretilen bu set, ister arkada\u015flar\u0131yla vakit ge\u00e7irirken, ister yaz maceralar\u0131n\u0131n tad\u0131n\u0131 \u00e7\u0131kar\u0131rken, isterse de evde dinlenirken, g\u00fcn boyu rahatl\u0131k sa\u011flamak \u00fczere tasarlanm\u0131\u015ft\u0131r. Ombre ge\u00e7i\u015f efekti modern ve \u015f\u0131k bir hava katarken, uyumlu \u015fortlar sportif ve rahat bir tarz\u0131 tamaml\u0131yor.<\/p>\n<p>Hem stile hem de rahatl\u0131\u011fa \u00f6nem veren aktif gen\u00e7 k\u0131zlar i\u00e7in ideal olan bu set, giyinmeyi kolayla\u015ft\u0131r\u0131rken harika g\u00f6r\u00fcnmeyi de daha da kolayla\u015ft\u0131r\u0131yor. S\u0131cak g\u00fcnler, hafta sonu gezileri veya g\u00fcnl\u00fck okul k\u0131yafetleri i\u00e7in \u00e7ok y\u00f6nl\u00fc bir temel par\u00e7a.<\/p>\n<p>&nbsp;<\/p>","protected":false},"excerpt":{"rendered":"<p>Meet the ultimate in cool, coordinated comfort with this 2-Piece Tween Boy Casual Set. The ensemble features a trendy short-sleeve T-shirt with a dynamic ombre design and bold letter print, perfectly paired with matching solid shorts for a look that\u2019s put-together yet effortlessly relaxed. Crafted from soft, breathable fabric, this set is designed for all-day [&hellip;]<\/p>","protected":false},"featured_media":33070,"comment_status":"open","ping_status":"closed","template":"","meta":{"_monsterinsights_skip_tracking":false,"_monsterinsights_sitenote_active":false,"_monsterinsights_sitenote_note":"","_monsterinsights_sitenote_category":0},"product_brand":[],"product_cat":[15,113],"product_tag":[],"class_list":{"0":"post-33069","1":"product","2":"type-product","3":"status-publish","4":"has-post-thumbnail","6":"product_cat-uncategorized","7":"product_cat-kids-clothing","9":"first","10":"instock","11":"shipping-taxable","12":"purchasable","13":"product-type-simple"},"aioseo_notices":[],"_links":{"self":[{"href":"https:\/\/xn--kbrsglobalstore-7kcc.com\/tr\/wp-json\/wp\/v2\/product\/33069","targetHints":{"allow":["GET"]}}],"collection":[{"href":"https:\/\/xn--kbrsglobalstore-7kcc.com\/tr\/wp-json\/wp\/v2\/product"}],"about":[{"href":"https:\/\/xn--kbrsglobalstore-7kcc.com\/tr\/wp-json\/wp\/v2\/types\/product"}],"replies":[{"embeddable":true,"href":"https:\/\/xn--kbrsglobalstore-7kcc.com\/tr\/wp-json\/wp\/v2\/comments?post=33069"}],"wp:featuredmedia":[{"embeddable":true,"href":"https:\/\/xn--kbrsglobalstore-7kcc.com\/tr\/wp-json\/wp\/v2\/media\/33070"}],"wp:attachment":[{"href":"https:\/\/xn--kbrsglobalstore-7kcc.com\/tr\/wp-json\/wp\/v2\/media?parent=33069"}],"wp:term":[{"taxonomy":"product_brand","embeddable":true,"href":"https:\/\/xn--kbrsglobalstore-7kcc.com\/tr\/wp-json\/wp\/v2\/product_brand?post=33069"},{"taxonomy":"product_cat","embeddable":true,"href":"https:\/\/xn--kbrsglobalstore-7kcc.com\/tr\/wp-json\/wp\/v2\/product_cat?post=33069"},{"taxonomy":"product_tag","embeddable":true,"href":"https:\/\/xn--kbrsglobalstore-7kcc.com\/tr\/wp-json\/wp\/v2\/product_tag?post=33069"}],"curies":[{"name":"wp","href":"https:\/\/api.w.org\/{rel}","templated":true}]}}