{"id":33063,"date":"2025-12-13T09:04:29","date_gmt":"2025-12-13T09:04:29","guid":{"rendered":"https:\/\/xn--kbrsglobalstore-7kcc.com\/?post_type=product&#038;p=33063"},"modified":"2025-12-15T10:57:54","modified_gmt":"2025-12-15T10:57:54","slug":"2pcs-set-tween-boy-spring-autumn-printed-sweatshirt-pants-casual-outfit","status":"publish","type":"product","link":"https:\/\/xn--kbrsglobalstore-7kcc.com\/tr\/urun\/2pcs-set-tween-boy-spring-autumn-printed-sweatshirt-pants-casual-outfit\/","title":{"rendered":"2 Par\u00e7a\/Set Gen\u00e7 Erkek \u00c7ocuk \u0130lkbahar\/Sonbahar Bask\u0131l\u0131 Sweatshirt ve Pantolon G\u00fcnl\u00fck K\u0131yafet"},"content":{"rendered":"<p class=\"ds-markdown-paragraph translation-block\">Bu 2 par\u00e7al\u0131, bask\u0131l\u0131 sweatshirt ve pantolon tak\u0131m\u0131yla rahat ve \u015f\u0131k bir tarza haz\u0131r olun. Mevsim ge\u00e7i\u015fleri i\u00e7in tasarlanan bu tak\u0131m, modern bir grafik bask\u0131l\u0131 yumu\u015fak bir sweatshirt ve ona uygun rahat bir pantolondan olu\u015fuyor; her \u015feye haz\u0131r, uyumlu ve rahat bir g\u00f6r\u00fcn\u00fcm sunuyor.<\/p>\n<p class=\"ds-markdown-paragraph translation-block\">Rahat ve nefes alabilen kuma\u015ftan \u00fcretilen bu tak\u0131m, ilkbahar ve sonbahar g\u00fcnleri i\u00e7in idealdir ve hareket \u00f6zg\u00fcrl\u00fc\u011f\u00fcnden \u00f6d\u00fcn vermeden tam do\u011fru miktarda s\u0131cakl\u0131k sunar. Rahat kesimi, ister okulda, ister arkada\u015flar\u0131yla d\u0131\u015far\u0131da, ister hafta sonu maceralar\u0131n\u0131n tad\u0131n\u0131 \u00e7\u0131kar\u0131rken, t\u00fcm g\u00fcn konfor sa\u011flar.<\/p>\n<p class=\"ds-markdown-paragraph\">Zahmetsizce \u015f\u0131k ve kullan\u0131\u015fl\u0131 olan bu k\u0131yafet tak\u0131m\u0131, giyinme konusunda kafa kar\u0131\u015f\u0131kl\u0131\u011f\u0131n\u0131 ortadan kald\u0131r\u0131yor. Hem rahatl\u0131\u011fa hem de \u00e7a\u011fda\u015f stile \u00f6nem veren, trendleri takip eden gen\u00e7 k\u0131zlar i\u00e7in m\u00fckemmel bir tercih.<\/p>","protected":false},"excerpt":{"rendered":"<p>Gear up for comfortable, cool style with this 2-Piece Tween Boy Printed Sweatshirt &amp; Pants Set. Designed for the changing seasons, it features a soft,\u00a0printed sweatshirt\u00a0with a modern graphic, perfectly paired with matching\u00a0casual pants\u00a0for a coordinated, laid-back look that\u2019s ready for anything. Crafted from cozy, breathable fabric, this set is ideal for\u00a0spring and autumn\u00a0days, offering [&hellip;]<\/p>","protected":false},"featured_media":33064,"comment_status":"open","ping_status":"closed","template":"","meta":{"_monsterinsights_skip_tracking":false,"_monsterinsights_sitenote_active":false,"_monsterinsights_sitenote_note":"","_monsterinsights_sitenote_category":0},"product_brand":[],"product_cat":[15,113],"product_tag":[],"class_list":{"0":"post-33063","1":"product","2":"type-product","3":"status-publish","4":"has-post-thumbnail","6":"product_cat-uncategorized","7":"product_cat-kids-clothing","9":"first","10":"instock","11":"shipping-taxable","12":"purchasable","13":"product-type-simple"},"aioseo_notices":[],"_links":{"self":[{"href":"https:\/\/xn--kbrsglobalstore-7kcc.com\/tr\/wp-json\/wp\/v2\/product\/33063","targetHints":{"allow":["GET"]}}],"collection":[{"href":"https:\/\/xn--kbrsglobalstore-7kcc.com\/tr\/wp-json\/wp\/v2\/product"}],"about":[{"href":"https:\/\/xn--kbrsglobalstore-7kcc.com\/tr\/wp-json\/wp\/v2\/types\/product"}],"replies":[{"embeddable":true,"href":"https:\/\/xn--kbrsglobalstore-7kcc.com\/tr\/wp-json\/wp\/v2\/comments?post=33063"}],"wp:featuredmedia":[{"embeddable":true,"href":"https:\/\/xn--kbrsglobalstore-7kcc.com\/tr\/wp-json\/wp\/v2\/media\/33064"}],"wp:attachment":[{"href":"https:\/\/xn--kbrsglobalstore-7kcc.com\/tr\/wp-json\/wp\/v2\/media?parent=33063"}],"wp:term":[{"taxonomy":"product_brand","embeddable":true,"href":"https:\/\/xn--kbrsglobalstore-7kcc.com\/tr\/wp-json\/wp\/v2\/product_brand?post=33063"},{"taxonomy":"product_cat","embeddable":true,"href":"https:\/\/xn--kbrsglobalstore-7kcc.com\/tr\/wp-json\/wp\/v2\/product_cat?post=33063"},{"taxonomy":"product_tag","embeddable":true,"href":"https:\/\/xn--kbrsglobalstore-7kcc.com\/tr\/wp-json\/wp\/v2\/product_tag?post=33063"}],"curies":[{"name":"wp","href":"https:\/\/api.w.org\/{rel}","templated":true}]}}