{"id":33055,"date":"2025-12-13T09:01:07","date_gmt":"2025-12-13T09:01:07","guid":{"rendered":"https:\/\/xn--kbrsglobalstore-7kcc.com\/?post_type=product&#038;p=33055"},"modified":"2025-12-15T10:58:47","modified_gmt":"2025-12-15T10:58:47","slug":"tween-boy-cartoon-print-round-neck-short-sleeve-t-shirt-and-shorts-set","status":"publish","type":"product","link":"https:\/\/xn--kbrsglobalstore-7kcc.com\/tr\/urun\/tween-boy-cartoon-print-round-neck-short-sleeve-t-shirt-and-shorts-set\/","title":{"rendered":"Gen\u00e7 Erkek \u00c7ocuklar \u0130\u00e7in \u00c7izgi Film Bask\u0131l\u0131 Yuvarlak Yaka K\u0131sa Kollu Ti\u015f\u00f6rt ve \u015eort Tak\u0131m\u0131"},"content":{"rendered":"<p class=\"ds-markdown-paragraph translation-block\">Bu canl\u0131 \u00e7izgi film bask\u0131l\u0131 ti\u015f\u00f6rt ve \u015fort tak\u0131m\u0131yla ergenlik \u00e7a\u011f\u0131ndaki k\u0131z\u0131n\u0131z\u0131n ne\u015feli ruhunu besleyin. Bu k\u0131yafet, e\u011flenceli ve g\u00f6z al\u0131c\u0131 bir \u00e7izgi film bask\u0131s\u0131yla s\u00fcslenmi\u015f yumu\u015fak, k\u0131sa kollu, yuvarlak yakal\u0131 bir ti\u015f\u00f6rt ve eksiksiz ve uyumlu bir g\u00f6r\u00fcn\u00fcm i\u00e7in rahat elastik belli \u015forttan olu\u015fmaktad\u0131r.<\/p>\n<p class=\"ds-markdown-paragraph translation-block\">Nefes alabilen, \u00e7ocuk dostu kuma\u015ftan \u00fcretilen bu set, ister oyun oynarken, ister okulda, isterse sadece dinlenirken, g\u00fcn boyu konfor ve hareket kolayl\u0131\u011f\u0131 sa\u011flamak \u00fczere tasarlanm\u0131\u015ft\u0131r. Renkli, gen\u00e7 ve canl\u0131 bask\u0131, g\u00fcnl\u00fck stiline ki\u015filik ve e\u011flence kat\u0131yor.<\/p>\n<p class=\"ds-markdown-paragraph\">S\u0131cak g\u00fcnler, g\u00fcndelik geziler veya oyun seti olarak ideal olan bu tak\u0131m, giyinmeyi kolayla\u015ft\u0131r\u0131r ve haval\u0131 g\u00f6r\u00fcnmeyi zahmetsiz hale getirir. Aktif ve \u015f\u0131k gen\u00e7 k\u0131zlar i\u00e7in konfor, dayan\u0131kl\u0131l\u0131k ve erkeksi \u00e7ekicili\u011fin m\u00fckemmel bir kar\u0131\u015f\u0131m\u0131.<\/p>","protected":false},"excerpt":{"rendered":"<p>Fuel your tween&#8217;s playful spirit with this vibrant Cartoon Print T-Shirt &amp; Shorts Set. The outfit features a soft,\u00a0short-sleeve round-neck T-shirt\u00a0adorned with a fun, eye-catching\u00a0cartoon print, perfectly matched with comfortable\u00a0elastic-waist shorts\u00a0for a complete and coordinated look. Made from breathable, kid-friendly fabric, this set is designed for all-day comfort and ease of movement, whether he&#8217;s at [&hellip;]<\/p>","protected":false},"featured_media":33056,"comment_status":"open","ping_status":"closed","template":"","meta":{"_monsterinsights_skip_tracking":false,"_monsterinsights_sitenote_active":false,"_monsterinsights_sitenote_note":"","_monsterinsights_sitenote_category":0},"product_brand":[],"product_cat":[15,113],"product_tag":[],"class_list":{"0":"post-33055","1":"product","2":"type-product","3":"status-publish","4":"has-post-thumbnail","6":"product_cat-uncategorized","7":"product_cat-kids-clothing","9":"first","10":"instock","11":"shipping-taxable","12":"purchasable","13":"product-type-simple"},"aioseo_notices":[],"_links":{"self":[{"href":"https:\/\/xn--kbrsglobalstore-7kcc.com\/tr\/wp-json\/wp\/v2\/product\/33055","targetHints":{"allow":["GET"]}}],"collection":[{"href":"https:\/\/xn--kbrsglobalstore-7kcc.com\/tr\/wp-json\/wp\/v2\/product"}],"about":[{"href":"https:\/\/xn--kbrsglobalstore-7kcc.com\/tr\/wp-json\/wp\/v2\/types\/product"}],"replies":[{"embeddable":true,"href":"https:\/\/xn--kbrsglobalstore-7kcc.com\/tr\/wp-json\/wp\/v2\/comments?post=33055"}],"wp:featuredmedia":[{"embeddable":true,"href":"https:\/\/xn--kbrsglobalstore-7kcc.com\/tr\/wp-json\/wp\/v2\/media\/33056"}],"wp:attachment":[{"href":"https:\/\/xn--kbrsglobalstore-7kcc.com\/tr\/wp-json\/wp\/v2\/media?parent=33055"}],"wp:term":[{"taxonomy":"product_brand","embeddable":true,"href":"https:\/\/xn--kbrsglobalstore-7kcc.com\/tr\/wp-json\/wp\/v2\/product_brand?post=33055"},{"taxonomy":"product_cat","embeddable":true,"href":"https:\/\/xn--kbrsglobalstore-7kcc.com\/tr\/wp-json\/wp\/v2\/product_cat?post=33055"},{"taxonomy":"product_tag","embeddable":true,"href":"https:\/\/xn--kbrsglobalstore-7kcc.com\/tr\/wp-json\/wp\/v2\/product_tag?post=33055"}],"curies":[{"name":"wp","href":"https:\/\/api.w.org\/{rel}","templated":true}]}}